{"id":54,"date":"2023-08-20T10:49:25","date_gmt":"2023-08-20T08:49:25","guid":{"rendered":"https:\/\/prozessfinanzierung.eu\/?page_id=54"},"modified":"2023-08-24T09:11:59","modified_gmt":"2023-08-24T07:11:59","slug":"unverbindliche-anfrage","status":"publish","type":"page","link":"https:\/\/prozessfinanzierung.eu\/da\/unverbindliche-anfrage\/","title":{"rendered":"Ikke-bindende anmodning"},"content":{"rendered":"<p>Send os en anmodning om finansiering af retssager her. Vi vender tilbage til dig s\u00e5 hurtigt som muligt.<\/p>\n\n\n\n<p>Er du advokat? S\u00e5 brug venligst <a href=\"https:\/\/prozessfinanzierung.eu\/da\/prozessfinanzierung-fuer-anwaelte\/\"><strong>dette<\/strong> formular specielt til advokater<\/a>.<\/p>\n\n\n<div class=\"wpforms-container wpforms-container-full wpforms-render-modern\" id=\"wpforms-139\"><form id=\"wpforms-form-139\" class=\"wpforms-validate wpforms-form wpforms-ajax-form\" data-formid=\"139\" method=\"post\" enctype=\"multipart\/form-data\" action=\"\/da\/wp-json\/wp\/v2\/pages\/54\" data-token=\"502cd9bfa8009119cbc66d6ff41b4bbf\" data-trp-original-action=\"\/da\/wp-json\/wp\/v2\/pages\/54\"><noscript class=\"wpforms-error-noscript\">Please enable JavaScript in your browser to complete this form.<\/noscript><div class=\"wpforms-hidden\" id=\"wpforms-error-noscript\">Please enable JavaScript in your browser to complete this form.<\/div><div class=\"wpforms-field-container\"><div id=\"wpforms-139-field_0-container\" class=\"wpforms-field wpforms-field-name\" data-field-id=\"0\"><fieldset><legend class=\"wpforms-field-label\">Navn <span class=\"wpforms-required-label\" aria-hidden=\"true\">*<\/span><\/legend><div class=\"wpforms-field-row wpforms-field-medium\"><div class=\"wpforms-field-row-block wpforms-first wpforms-one-half\"><input type=\"text\" id=\"wpforms-139-field_0\" class=\"wpforms-field-name-first wpforms-field-required\" name=\"wpforms[fields][0][first]\" aria-errormessage=\"wpforms-139-field_0-error\" required><label for=\"wpforms-139-field_0\" class=\"wpforms-field-sublabel after\">First<\/label><\/div><div class=\"wpforms-field-row-block wpforms-one-half\"><input type=\"text\" id=\"wpforms-139-field_0-last\" class=\"wpforms-field-name-last wpforms-field-required\" name=\"wpforms[fields][0][last]\" aria-errormessage=\"wpforms-139-field_0-last-error\" required><label for=\"wpforms-139-field_0-last\" class=\"wpforms-field-sublabel after\">Last<\/label><\/div><\/div><\/fieldset><\/div><div id=\"wpforms-139-field_3-container\" class=\"wpforms-field wpforms-field-text\" data-field-id=\"3\"><label class=\"wpforms-field-label\" for=\"wpforms-139-field_3\">Virksomhed (hvis tilg\u00e6ngelig)<\/label><input type=\"text\" id=\"wpforms-139-field_3\" class=\"wpforms-field-medium\" name=\"wpforms[fields][3]\" aria-errormessage=\"wpforms-139-field_3-error\" ><\/div><div id=\"wpforms-139-field_1-container\" class=\"wpforms-field wpforms-field-email\" data-field-id=\"1\"><label class=\"wpforms-field-label\" for=\"wpforms-139-field_1\">E-mail <span class=\"wpforms-required-label\" aria-hidden=\"true\">*<\/span><\/label><input type=\"email\" id=\"wpforms-139-field_1\" class=\"wpforms-field-medium wpforms-field-required\" name=\"wpforms[fields][1]\" spellcheck=\"false\" aria-errormessage=\"wpforms-139-field_1-error\" required><\/div><div id=\"wpforms-139-field_4-container\" class=\"wpforms-field wpforms-field-text\" data-field-id=\"4\"><label class=\"wpforms-field-label\" for=\"wpforms-139-field_4\">Telefon<\/label><input type=\"text\" id=\"wpforms-139-field_4\" class=\"wpforms-field-medium\" name=\"wpforms[fields][4]\" aria-errormessage=\"wpforms-139-field_4-error\" ><\/div><div id=\"wpforms-139-field_5-container\" class=\"wpforms-field wpforms-field-radio\" data-field-id=\"5\"><fieldset><legend class=\"wpforms-field-label\">Har du allerede f\u00e5et en advokat? <span class=\"wpforms-required-label\" aria-hidden=\"true\">*<\/span><\/legend><ul id=\"wpforms-139-field_5\" class=\"wpforms-field-required\"><li class=\"choice-1 depth-1\"><input type=\"radio\" id=\"wpforms-139-field_5_1\" name=\"wpforms[fields][5]\" value=\"Ja\" aria-errormessage=\"wpforms-139-field_5_1-error\" required><label class=\"wpforms-field-label-inline\" for=\"wpforms-139-field_5_1\">Ja<\/label><\/li><li class=\"choice-2 depth-1\"><input type=\"radio\" id=\"wpforms-139-field_5_2\" name=\"wpforms[fields][5]\" value=\"Nein\" aria-errormessage=\"wpforms-139-field_5_2-error\" required><label class=\"wpforms-field-label-inline\" for=\"wpforms-139-field_5_2\">Nej<\/label><\/li><\/ul><\/fieldset><\/div><div id=\"wpforms-139-field_6-container\" class=\"wpforms-field wpforms-field-radio\" data-field-id=\"6\"><fieldset><legend class=\"wpforms-field-label\">Er der allerede en retssag i gang? <span class=\"wpforms-required-label\" aria-hidden=\"true\">*<\/span><\/legend><ul id=\"wpforms-139-field_6\" class=\"wpforms-field-required\"><li class=\"choice-1 depth-1\"><input type=\"radio\" id=\"wpforms-139-field_6_1\" name=\"wpforms[fields][6]\" value=\"Ja\" aria-errormessage=\"wpforms-139-field_6_1-error\" required><label class=\"wpforms-field-label-inline\" for=\"wpforms-139-field_6_1\">Ja<\/label><\/li><li class=\"choice-2 depth-1\"><input type=\"radio\" id=\"wpforms-139-field_6_2\" name=\"wpforms[fields][6]\" value=\"Nein\" aria-errormessage=\"wpforms-139-field_6_2-error\" required><label class=\"wpforms-field-label-inline\" for=\"wpforms-139-field_6_2\">Nej<\/label><\/li><\/ul><\/fieldset><\/div><div id=\"wpforms-139-field_7-container\" class=\"wpforms-field wpforms-field-radio\" data-field-id=\"7\"><fieldset><legend class=\"wpforms-field-label\">Er der allerede en dom? <span class=\"wpforms-required-label\" aria-hidden=\"true\">*<\/span><\/legend><ul id=\"wpforms-139-field_7\" class=\"wpforms-field-required\"><li class=\"choice-1 depth-1\"><input type=\"radio\" id=\"wpforms-139-field_7_1\" name=\"wpforms[fields][7]\" value=\"Ja\" aria-errormessage=\"wpforms-139-field_7_1-error\" required><label class=\"wpforms-field-label-inline\" for=\"wpforms-139-field_7_1\">Ja<\/label><\/li><li class=\"choice-2 depth-1\"><input type=\"radio\" id=\"wpforms-139-field_7_2\" name=\"wpforms[fields][7]\" value=\"Nein\" aria-errormessage=\"wpforms-139-field_7_2-error\" required><label class=\"wpforms-field-label-inline\" for=\"wpforms-139-field_7_2\">Nej<\/label><\/li><\/ul><\/fieldset><\/div><div id=\"wpforms-139-field_9-container\" class=\"wpforms-field wpforms-field-text\" data-field-id=\"9\"><label class=\"wpforms-field-label\" for=\"wpforms-139-field_9\">Omtvistet bel\u00f8b i EUR (hvis ukendt, bedes du ansl\u00e5 det): <span class=\"wpforms-required-label\" aria-hidden=\"true\">*<\/span><\/label><input type=\"text\" id=\"wpforms-139-field_9\" class=\"wpforms-field-medium wpforms-field-required\" name=\"wpforms[fields][9]\" aria-errormessage=\"wpforms-139-field_9-error\" required><\/div><div id=\"wpforms-139-field_2-container\" class=\"wpforms-field wpforms-field-textarea\" data-field-id=\"2\"><label class=\"wpforms-field-label\" for=\"wpforms-139-field_2\">Beskriv venligst din sag: <span class=\"wpforms-required-label\" aria-hidden=\"true\">*<\/span><\/label><textarea id=\"wpforms-139-field_2\" class=\"wpforms-field-medium wpforms-field-required\" name=\"wpforms[fields][2]\" aria-errormessage=\"wpforms-139-field_2-error\" required><\/textarea><\/div><\/div><!-- .wpforms-field-container --><div class=\"wpforms-submit-container\" ><input type=\"hidden\" name=\"wpforms[id]\" value=\"139\"><input type=\"hidden\" name=\"wpforms[author]\" value=\"1\"><button type=\"submit\" name=\"wpforms[submit]\" id=\"wpforms-submit-139\" class=\"wpforms-submit\" data-alt-text=\"Senden\u2026\" data-submit-text=\"Absenden\" aria-live=\"assertive\" value=\"wpforms-submit\">Indsend<\/button><img src=\"https:\/\/prozessfinanzierung.eu\/wp-content\/plugins\/wpforms-lite\/assets\/images\/submit-spin.svg\" class=\"wpforms-submit-spinner\" style=\"display: none;\" width=\"26\" height=\"26\" alt=\"Loading\"><\/div><input type=\"hidden\" name=\"trp-form-language\" value=\"da\"\/><\/form><\/div>  <!-- .wpforms-container -->\n\n\n\n<p>Dine data vil blive overf\u00f8rt i krypteret form og behandlet med absolut fortrolighed. Vi videregiver ikke dine data under nogen omst\u00e6ndigheder og bruger dem kun til at behandle din foresp\u00f8rgsel.<\/p>","protected":false},"excerpt":{"rendered":"<p>Senden Sie uns hier hier Anfrage f\u00fcr eine Prozessfinanzierung. Wir melden uns umgehend bei Ihnen. Sie sind Anwalt? Dann benutzen Sie bitte dieses Formular speziell f\u00fcr Anw\u00e4lte. Ihre Daten werden verschl\u00fcsselt \u00fcbertragen und absolut vertraulich behandelt. Wir werden Ihre Daten keinesfalls weitergeben und ausschlie\u00dflich zur Bearbeitung Ihrer Anfrage verwenden.<\/p>","protected":false},"author":1,"featured_media":0,"parent":0,"menu_order":0,"comment_status":"closed","ping_status":"closed","template":"","meta":{"footnotes":""},"yoast_head":"<!-- This site is optimized with the Yoast SEO plugin v20.13 - https:\/\/yoast.com\/wordpress\/plugins\/seo\/ -->\n<title>Unverbindliche Anfrage - Prozessfinanzierung - Finanzierung f\u00fcr Anwaltskosten - Kredit f\u00fcr Gerichtsverfahren - LF Legal Finance SE<\/title>\n<meta name=\"robots\" content=\"index, follow, max-snippet:-1, max-image-preview:large, max-video-preview:-1\" \/>\n<link rel=\"canonical\" href=\"https:\/\/prozessfinanzierung.eu\/da\/unverbindliche-anfrage\/\" \/>\n<meta property=\"og:locale\" content=\"da_DK\" \/>\n<meta property=\"og:type\" content=\"article\" \/>\n<meta property=\"og:title\" content=\"Unverbindliche Anfrage - Prozessfinanzierung - Finanzierung f\u00fcr Anwaltskosten - Kredit f\u00fcr Gerichtsverfahren - LF Legal Finance SE\" \/>\n<meta property=\"og:description\" content=\"Senden Sie uns hier hier Anfrage f\u00fcr eine Prozessfinanzierung. Wir melden uns umgehend bei Ihnen. Sie sind Anwalt? Dann benutzen Sie bitte dieses Formular speziell f\u00fcr Anw\u00e4lte. Ihre Daten werden verschl\u00fcsselt \u00fcbertragen und absolut vertraulich behandelt. Wir werden Ihre Daten keinesfalls weitergeben und ausschlie\u00dflich zur Bearbeitung Ihrer Anfrage verwenden.\" \/>\n<meta property=\"og:url\" content=\"https:\/\/prozessfinanzierung.eu\/da\/unverbindliche-anfrage\/\" \/>\n<meta property=\"og:site_name\" content=\"Prozessfinanzierung - Finanzierung f\u00fcr Anwaltskosten - Kredit f\u00fcr Gerichtsverfahren - LF Legal Finance SE\" \/>\n<meta property=\"article:modified_time\" content=\"2023-08-24T07:11:59+00:00\" \/>\n<meta name=\"twitter:card\" content=\"summary_large_image\" \/>\n<meta name=\"twitter:label1\" content=\"Estimeret l\u00e6setid\" \/>\n\t<meta name=\"twitter:data1\" content=\"1 minut\" \/>\n<script type=\"application\/ld+json\" class=\"yoast-schema-graph\">{\"@context\":\"https:\/\/schema.org\",\"@graph\":[{\"@type\":\"WebPage\",\"@id\":\"https:\/\/prozessfinanzierung.eu\/unverbindliche-anfrage\/\",\"url\":\"https:\/\/prozessfinanzierung.eu\/unverbindliche-anfrage\/\",\"name\":\"Unverbindliche Anfrage - Prozessfinanzierung - Finanzierung f\u00fcr Anwaltskosten - Kredit f\u00fcr Gerichtsverfahren - LF Legal Finance SE\",\"isPartOf\":{\"@id\":\"https:\/\/prozessfinanzierung.eu\/#website\"},\"datePublished\":\"2023-08-20T08:49:25+00:00\",\"dateModified\":\"2023-08-24T07:11:59+00:00\",\"breadcrumb\":{\"@id\":\"https:\/\/prozessfinanzierung.eu\/unverbindliche-anfrage\/#breadcrumb\"},\"inLanguage\":\"da-DK\",\"potentialAction\":[{\"@type\":\"ReadAction\",\"target\":[\"https:\/\/prozessfinanzierung.eu\/unverbindliche-anfrage\/\"]}]},{\"@type\":\"BreadcrumbList\",\"@id\":\"https:\/\/prozessfinanzierung.eu\/unverbindliche-anfrage\/#breadcrumb\",\"itemListElement\":[{\"@type\":\"ListItem\",\"position\":1,\"name\":\"Startseite\",\"item\":\"https:\/\/prozessfinanzierung.eu\/\"},{\"@type\":\"ListItem\",\"position\":2,\"name\":\"Unverbindliche Anfrage\"}]},{\"@type\":\"WebSite\",\"@id\":\"https:\/\/prozessfinanzierung.eu\/#website\",\"url\":\"https:\/\/prozessfinanzierung.eu\/\",\"name\":\"Prozessfinanzierung - Finanzierung f\u00fcr Anwaltskosten - Kredit f\u00fcr Gerichtsverfahren - LF Legal Finance SE\",\"description\":\"Finanzierung von Gerichtsprozessen gegen Erfolgsbeteiligung - LF Legal Finance SE\",\"publisher\":{\"@id\":\"https:\/\/prozessfinanzierung.eu\/#organization\"},\"potentialAction\":[{\"@type\":\"SearchAction\",\"target\":{\"@type\":\"EntryPoint\",\"urlTemplate\":\"https:\/\/prozessfinanzierung.eu\/?s={search_term_string}\"},\"query-input\":\"required name=search_term_string\"}],\"inLanguage\":\"da-DK\"},{\"@type\":\"Organization\",\"@id\":\"https:\/\/prozessfinanzierung.eu\/#organization\",\"name\":\"LF Legal Finance SE\",\"url\":\"https:\/\/prozessfinanzierung.eu\/\",\"logo\":{\"@type\":\"ImageObject\",\"inLanguage\":\"da-DK\",\"@id\":\"https:\/\/prozessfinanzierung.eu\/#\/schema\/logo\/image\/\",\"url\":\"http:\/\/prozessfinanzierung.eu\/wp-content\/uploads\/2023\/08\/legal-finance-international.jpg\",\"contentUrl\":\"http:\/\/prozessfinanzierung.eu\/wp-content\/uploads\/2023\/08\/legal-finance-international.jpg\",\"width\":842,\"height\":131,\"caption\":\"LF Legal Finance SE\"},\"image\":{\"@id\":\"https:\/\/prozessfinanzierung.eu\/#\/schema\/logo\/image\/\"}}]}<\/script>\n<!-- \/ Yoast SEO plugin. -->","yoast_head_json":{"title":"Unverbindliche Anfrage - Prozessfinanzierung - Finanzierung f\u00fcr Anwaltskosten - Kredit f\u00fcr Gerichtsverfahren - LF Legal Finance SE","robots":{"index":"index","follow":"follow","max-snippet":"max-snippet:-1","max-image-preview":"max-image-preview:large","max-video-preview":"max-video-preview:-1"},"canonical":"https:\/\/prozessfinanzierung.eu\/da\/unverbindliche-anfrage\/","og_locale":"da_DK","og_type":"article","og_title":"Unverbindliche Anfrage - Prozessfinanzierung - Finanzierung f\u00fcr Anwaltskosten - Kredit f\u00fcr Gerichtsverfahren - LF Legal Finance SE","og_description":"Senden Sie uns hier hier Anfrage f\u00fcr eine Prozessfinanzierung. Wir melden uns umgehend bei Ihnen. Sie sind Anwalt? Dann benutzen Sie bitte dieses Formular speziell f\u00fcr Anw\u00e4lte. Ihre Daten werden verschl\u00fcsselt \u00fcbertragen und absolut vertraulich behandelt. Wir werden Ihre Daten keinesfalls weitergeben und ausschlie\u00dflich zur Bearbeitung Ihrer Anfrage verwenden.","og_url":"https:\/\/prozessfinanzierung.eu\/da\/unverbindliche-anfrage\/","og_site_name":"Prozessfinanzierung - Finanzierung f\u00fcr Anwaltskosten - Kredit f\u00fcr Gerichtsverfahren - LF Legal Finance SE","article_modified_time":"2023-08-24T07:11:59+00:00","twitter_card":"summary_large_image","twitter_misc":{"Estimeret l\u00e6setid":"1 minut"},"schema":{"@context":"https:\/\/schema.org","@graph":[{"@type":"WebPage","@id":"https:\/\/prozessfinanzierung.eu\/unverbindliche-anfrage\/","url":"https:\/\/prozessfinanzierung.eu\/unverbindliche-anfrage\/","name":"Unverbindliche Anfrage - Prozessfinanzierung - Finanzierung f\u00fcr Anwaltskosten - Kredit f\u00fcr Gerichtsverfahren - LF Legal Finance SE","isPartOf":{"@id":"https:\/\/prozessfinanzierung.eu\/#website"},"datePublished":"2023-08-20T08:49:25+00:00","dateModified":"2023-08-24T07:11:59+00:00","breadcrumb":{"@id":"https:\/\/prozessfinanzierung.eu\/unverbindliche-anfrage\/#breadcrumb"},"inLanguage":"da-DK","potentialAction":[{"@type":"ReadAction","target":["https:\/\/prozessfinanzierung.eu\/unverbindliche-anfrage\/"]}]},{"@type":"BreadcrumbList","@id":"https:\/\/prozessfinanzierung.eu\/unverbindliche-anfrage\/#breadcrumb","itemListElement":[{"@type":"ListItem","position":1,"name":"Startseite","item":"https:\/\/prozessfinanzierung.eu\/"},{"@type":"ListItem","position":2,"name":"Unverbindliche Anfrage"}]},{"@type":"WebSite","@id":"https:\/\/prozessfinanzierung.eu\/#website","url":"https:\/\/prozessfinanzierung.eu\/","name":"Prozessfinanzierung - Finanzierung f\u00fcr Anwaltskosten - Kredit f\u00fcr Gerichtsverfahren - LF Legal Finance SE","description":"Finanzierung von Gerichtsprozessen gegen Erfolgsbeteiligung - LF Legal Finance SE","publisher":{"@id":"https:\/\/prozessfinanzierung.eu\/#organization"},"potentialAction":[{"@type":"SearchAction","target":{"@type":"EntryPoint","urlTemplate":"https:\/\/prozessfinanzierung.eu\/?s={search_term_string}"},"query-input":"required name=search_term_string"}],"inLanguage":"da-DK"},{"@type":"Organization","@id":"https:\/\/prozessfinanzierung.eu\/#organization","name":"LF Legal Finance SE","url":"https:\/\/prozessfinanzierung.eu\/","logo":{"@type":"ImageObject","inLanguage":"da-DK","@id":"https:\/\/prozessfinanzierung.eu\/#\/schema\/logo\/image\/","url":"http:\/\/prozessfinanzierung.eu\/wp-content\/uploads\/2023\/08\/legal-finance-international.jpg","contentUrl":"http:\/\/prozessfinanzierung.eu\/wp-content\/uploads\/2023\/08\/legal-finance-international.jpg","width":842,"height":131,"caption":"LF Legal Finance SE"},"image":{"@id":"https:\/\/prozessfinanzierung.eu\/#\/schema\/logo\/image\/"}}]}},"_links":{"self":[{"href":"https:\/\/prozessfinanzierung.eu\/da\/wp-json\/wp\/v2\/pages\/54"}],"collection":[{"href":"https:\/\/prozessfinanzierung.eu\/da\/wp-json\/wp\/v2\/pages"}],"about":[{"href":"https:\/\/prozessfinanzierung.eu\/da\/wp-json\/wp\/v2\/types\/page"}],"author":[{"embeddable":true,"href":"https:\/\/prozessfinanzierung.eu\/da\/wp-json\/wp\/v2\/users\/1"}],"replies":[{"embeddable":true,"href":"https:\/\/prozessfinanzierung.eu\/da\/wp-json\/wp\/v2\/comments?post=54"}],"version-history":[{"count":4,"href":"https:\/\/prozessfinanzierung.eu\/da\/wp-json\/wp\/v2\/pages\/54\/revisions"}],"predecessor-version":[{"id":219,"href":"https:\/\/prozessfinanzierung.eu\/da\/wp-json\/wp\/v2\/pages\/54\/revisions\/219"}],"wp:attachment":[{"href":"https:\/\/prozessfinanzierung.eu\/da\/wp-json\/wp\/v2\/media?parent=54"}],"curies":[{"name":"wp","href":"https:\/\/api.w.org\/{rel}","templated":true}]}}