{"id":64,"date":"2023-08-20T11:00:11","date_gmt":"2023-08-20T09:00:11","guid":{"rendered":"https:\/\/prozessfinanzierung.eu\/?page_id=64"},"modified":"2023-08-22T16:03:42","modified_gmt":"2023-08-22T14:03:42","slug":"faq","status":"publish","type":"page","link":"https:\/\/prozessfinanzierung.eu\/da\/faq\/","title":{"rendered":"FAQ"},"content":{"rendered":"<p>Her finder du svar p\u00e5 de oftest stillede sp\u00f8rgsm\u00e5l om finansiering af retssager:<\/p>\n\n\n\n<p><em><a href=\"#Was-ist-Prozessfinanzierung\">Hvad er finansiering af retssager?<\/a><br><a href=\"#Wieviel-kostet-Prozessfinanzierung\">Hvor meget koster finansiering af retssager?<\/a><br><a href=\"#Ist-Prozessfinanzierung-f\u00fcr-Privatpersonen-oder-f\u00fcr-Firmen-m\u00f6glich\">Er finansiering af retssager tilg\u00e6ngelig for privatpersoner eller for virksomheder?<\/a><br><a href=\"#Wie-funktioniert-Prozessfinanzierung?\">Hvordan fungerer finansiering af retssager?<\/a><br><a href=\"#Welche-Kosten-zahlt-der-Prozessfinanzierer\">Hvilke omkostninger betaler procesfinansiereren?<\/a><br><a href=\"#Was-habe-ich-als-Kl\u00e4ger-von-der-Prozessfinanzierung\">Hvad f\u00e5r jeg som sags\u00f8ger ud af procesfinansiering?<\/a><br><a href=\"#Was-passiert-wenn-das-Verfahren-verloren-geht\">Hvad sker der, hvis sagen tabes?<\/a><br><a href=\"#Greift-Legal-Finance-in-den-Prozess-ein\">Griber Legal Finance ind i processen?<\/a><br><a href=\"#Finanzieren-Sie-auch-den-Beklagten\">Finansierer I ogs\u00e5 den sags\u00f8gte?<\/a><br><a href=\"#Welchen-Rechtsanwalt-kann-soll-ich-beauftragen\">Hvilken advokat kan\/skal jeg hyre?<\/a><br><a href=\"#Ist-ein-Vergleich-m\u00f6glich\">Er et forlig muligt?<\/a><br><a href=\"#Ich-habe-einen-ausl\u00e4ndischen-Fall-Was-soll-ich-tun\">Jeg har en udenlandsk sag. Hvad skal jeg g\u00f8re?<\/a><br><a href=\"#Ich-habe-einen-sehr-speziellen-Fall-Was-kann-ich-tun\">Jeg har en meget specifik sag. Hvad kan jeg g\u00f8re?<\/a><br><a href=\"#Ich-habe-einen-Fall-aus-einem-sehr-exotischen-Rechtsgebiet-Was-kann-ich-tun\">Jeg har en sag fra et meget eksotisk retsomr\u00e5de. Hvad kan jeg g\u00f8re?<\/a><br><a href=\"#Mein-Fall-beinhaltet-sehr-pers\u00f6nliche,-geheime-oder-peinliche-Informationen-Was-soll-ich-machen\">Min sag involverer meget personlige, hemmelige eller pinlige oplysninger. Hvad skal jeg g\u00f8re?<\/a><br><a href=\"#Mein-Fall-hat-mit-Strafrecht-zu-tun-Was-soll-ich-tun\">Min sag har at g\u00f8re med strafferet. Hvad skal jeg g\u00f8re?<\/a><\/em><\/p>\n\n\n\n<p id=\"Was-ist-Prozessfinanzierung\"><strong><em>Hvad er finansiering af retssager?<\/em><\/strong><br>Procesfinansiering er finansiering af alle omkostninger ved en retstvist for sags\u00f8geren. Vi betaler alle omkostninger ved en retssag og f\u00e5r til geng\u00e6ld en andel af succesen. Hvis du vinder, f\u00e5r vi en andel p\u00e5 20-50 %. Hvis du taber, f\u00e5r vi ingenting, og det koster dig ingenting.<\/p>\n\n\n\n<p id=\"Wieviel-kostet-Prozessfinanzierung\"><strong><em>Hvor meget koster finansiering af retssager?<\/em><\/strong><br>I forbindelse med finansiering af retssager er det almindeligt at betale 20-50 % af retssagens provenu, afh\u00e6ngigt af sagens type, omfang, status og risikoprofil. Hvis du vinder sagen, modtager procesfinansiereren 20-50 % af det bel\u00f8b, du modtager. Hvis du taber sagen, koster det dig ikke noget. Du skal ikke betale noget p\u00e5 forh\u00e5nd, hele vurderingen af kravet og afviklingen er gratis.<\/p>\n\n\n\n<p id=\"Ist-Prozessfinanzierung-f\u00fcr-Privatpersonen-oder-f\u00fcr-Firmen-m\u00f6glich\"><strong><em>Er finansiering af retssager tilg\u00e6ngelig for privatpersoner eller for virksomheder?<\/em><\/strong><br>Virksomheder i alle juridiske former og lande s\u00e5vel som privatpersoner kan g\u00f8re brug af procesfinansiering. Du er velkommen til at sende os en <a href=\"https:\/\/prozessfinanzierung.eu\/index.php\/unverbindliche-anfrage\/\">Ikke-bindende anmodning<\/a>.<\/p>\n\n\n\n<p id=\"Wie-funktioniert-Prozessfinanzierung?\"><strong><em>Hvordan fungerer finansiering af retssager?<\/em><\/strong><br>Beskriv din sag for os - den bedste m\u00e5de at g\u00f8re dette p\u00e5 er at sende os en <a href=\"https:\/\/prozessfinanzierung.eu\/index.php\/unverbindliche-anfrage\/\">gratis, ikke-bindende foresp\u00f8rgsel<\/a>. Det er strengt fortroligt, og vi gennemg\u00e5r din sag gratis. Vi vender tilbage til dig og kan bede om yderligere dokumentation, eller vi kan have opf\u00f8lgende sp\u00f8rgsm\u00e5l. Hvis vi beslutter at finansiere din sag, sender vi dig et tilbud og en kontrakt om finansiering af retssager. S\u00e5 snart denne er underskrevet, betaler vi <a href=\"https:\/\/legalfinance.online\/\">Legal Finance<\/a> alle sagens omkostninger.<\/p>\n\n\n\n<p id=\"Welche-Kosten-zahlt-der-Prozessfinanzierer\"><strong><em>Hvilke omkostninger betaler procesfinansiereren?<br><\/em><\/strong>Du skal ikke betale noget. F.eks. betaler den, der finansierer retssagen, alle omkostninger:<\/p>\n\n\n\n<ul>\n<li>Retsomkostninger<\/li>\n\n\n\n<li>Juridiske gebyrer<\/li>\n\n\n\n<li>Honorar til en korrespondanceadvokat<\/li>\n\n\n\n<li>Honorarer til eksperter og ekspertvidner<\/li>\n\n\n\n<li>Rejseudgifter<\/li>\n\n\n\n<li>Udgifter til vidner<\/li>\n\n\n\n<li>Depositum og forskud<\/li>\n<\/ul>\n\n\n\n<p>Kort sagt: Den, der finansierer retssagen, betaler alt, og du som sags\u00f8ger betaler ingenting.<\/p>\n\n\n\n<p id=\"Was-habe-ich-als-Kl\u00e4ger-von-der-Prozessfinanzierung\"><strong><em>Hvad f\u00e5r jeg som sags\u00f8ger ud af procesfinansiering?<\/em><\/strong><br>Med procesfinansiering kan du som sags\u00f8ger f\u00f8re sagen helt afslappet og uden at bekymre dig om stigende omkostninger. For som sags\u00f8ger skylder den sags\u00f8gte dig allerede penge, og du st\u00e5r i den ubehagelige situation, at du nu ogs\u00e5 skal bruge penge p\u00e5 at f\u00f8re sagen. Procesfinansiereren overtager disse omkostninger, og du beh\u00f8ver ikke at betale noget p\u00e5 forh\u00e5nd.<\/p>\n\n\n\n<p>Som virksomhed har du den fordel, at du ikke beh\u00f8ver at foretage hens\u00e6ttelser til sagsomkostninger.<\/p>\n\n\n\n<p>Generelt er fordelen ved procesfinansiering, at din likviditet ikke p\u00e5virkes, fordi du ikke skal b\u00e6re nogen omkostninger p\u00e5 forh\u00e5nd.<\/p>\n\n\n\n<p id=\"Was-passiert-wenn-das-Verfahren-verloren-geht\"><strong><em>Hvad sker der, hvis sagen tabes?<\/em><\/strong><br>Hvis sagen tabes i f\u00f8rste instans, dvs. at du f\u00e5r medhold, betaler du ikke noget. Hvis der er mulighed for en yderligere instans, f.eks. en appel eller revision, unders\u00f8ger vi sammen med dig og din advokat, om en appel giver mening. Legal Finance finansierer naturligvis ogs\u00e5 omkostningerne ved en yderligere instans. Under alle omst\u00e6ndigheder betaler du slet ikke, hvis sagen tabes. I dette tilf\u00e6lde p\u00e5tager Legal Finance sig alle omkostninger.<\/p>\n\n\n\n<p id=\"Greift-Legal-Finance-in-den-Prozess-ein\"><strong><em>Griber Legal Finance ind i processen?<\/em><\/strong><br>Nej, du kan v\u00e6re helt rolig: Processen f\u00f8res helt objektivt af din advokat, som kun er forpligtet over for dig. Vi stiller dog altid gerne vores netv\u00e6rk til r\u00e5dighed, hvis der er behov for r\u00e5dgivning eller assistance, eller hvis der skal tilkaldes en specialist. I nogle tilf\u00e6lde kan vi ogs\u00e5 henvise dig til en advokat, hvis du ikke allerede har f\u00e5et en.<\/p>\n\n\n\n<p id=\"Finanzieren-Sie-auch-den-Beklagten\"><strong><em>Finansierer I ogs\u00e5 den sags\u00f8gte?<\/em><\/strong><br>I retssager finansierer Legal Finance kun sags\u00f8geren, dvs. indehaveren af kravet. Vi tilbyder i \u00f8jeblikket ikke finansiering til den sags\u00f8gte. Tilmeld dig venligst vores nyhedsbrev, s\u00e5 informerer vi dig, s\u00e5 snart vi tilbyder et s\u00e5dant produkt.<\/p>\n\n\n\n<p id=\"Welchen-Rechtsanwalt-kann-soll-ich-beauftragen\"><strong><em>Hvilken advokat kan\/skal jeg hyre?<\/em><\/strong><br>Hvis du endnu ikke har f\u00e5et en advokat, <a href=\"https:\/\/prozessfinanzierung.eu\/index.php\/unverbindliche-anfrage\/\">bedes du kontakte os direkte med din anmodning.<\/a>Vi vil unders\u00f8ge din sag og i tilf\u00e6lde af finansiering vil vi ogs\u00e5 gerne henvise dig til en advokat.<\/p>\n\n\n\n<p id=\"Ist-ein-Vergleich-m\u00f6glich\"><strong><em>Er et forlig muligt?<\/em><\/strong><br>Vi har naturligvis ogs\u00e5 en positiv holdning til forlig, fordi forlig afslutter juridiske tvister i mindelighed og hurtigere og kan repr\u00e6sentere en win-win-situation. Legal Finance blander sig ikke i sagen, og et forlig er til enhver tid muligt.<\/p>\n\n\n\n<p id=\"Ich-habe-einen-ausl\u00e4ndischen-Fall-Was-soll-ich-tun\"><strong><em>Jeg har en udenlandsk sag. Hvad skal jeg g\u00f8re?<\/em><\/strong><br>Legal Finance finansierer ogs\u00e5 udenlandske sager af enhver jurisdiktion. <a href=\"https:\/\/prozessfinanzierung.eu\/index.php\/unverbindliche-anfrage\/\">Du er velkommen til at kontakte os<\/a>, vi holder kontakten.<\/p>\n\n\n\n<p id=\"Ich-habe-einen-sehr-speziellen-Fall-Was-kann-ich-tun\"><strong><em>Jeg har en meget specifik sag. Hvad kan jeg g\u00f8re?<\/em><\/strong><br>Det er ikke noget problem. <a href=\"https:\/\/prozessfinanzierung.eu\/index.php\/unverbindliche-anfrage\/\">Kontakt os<\/a>og vi vil gennemg\u00e5 din sag.<\/p>\n\n\n\n<p id=\"Ich-habe-einen-Fall-aus-einem-sehr-exotischen-Rechtsgebiet-Was-kann-ich-tun\"><strong><em>Jeg har en sag fra et meget eksotisk retsomr\u00e5de. Hvad kan jeg g\u00f8re?<\/em><\/strong><br>Legal Finance finansierer i princippet alle juridiske omr\u00e5der. <a href=\"https:\/\/prozessfinanzierung.eu\/index.php\/unverbindliche-anfrage\/\">Du skal blot kontakte os<\/a>og vi vil med gl\u00e6de gennemg\u00e5 din sag uden forpligtelse og gratis.<\/p>\n\n\n\n<p id=\"Mein-Fall-beinhaltet-sehr-pers\u00f6nliche,-geheime-oder-peinliche-Informationen-Was-soll-ich-machen\"><em><strong>Min sag involverer meget personlige, hemmelige eller pinlige oplysninger. Hvad skal jeg g\u00f8re?<\/strong><\/em><br>Dine data er sikre og fortrolige hos os og vil ikke blive gjort tilg\u00e6ngelige for nogen. Alle oplysninger, du sender os, vil kun blive brugt til at gennemg\u00e5 sagen og behandle finansieringen. Vi blander os ikke i processerne, og dine data er sikre hos os. De transmitteres kun i krypteret form og opbevares sikkert.<\/p>\n\n\n\n<p>Men hvis du er bekymret, vil vi med gl\u00e6de give dig et sikkert, krypteret kommunikationsmiddel, som du kan bruge til at kontakte os til enhver tid. Du er velkommen til at sende os din <a href=\"https:\/\/prozessfinanzierung.eu\/index.php\/unverbindliche-anfrage\/\">Ikke-bindende anmodning<\/a>, oder sprechen Sie uns \u00fcber das <a href=\"https:\/\/prozessfinanzierung.eu\/index.php\/kontakt\/\">Kontaktformular<\/a> . Vi sender dig instruktioner om, hvordan du kontakter os fortroligt, krypteret og sikkert.<\/p>\n\n\n\n<p id=\"Mein-Fall-hat-mit-Strafrecht-zu-tun-Was-soll-ich-tun\"><strong><em>Min sag har at g\u00f8re med strafferet. Hvad skal jeg g\u00f8re?<\/em><\/strong><br>I princippet er intet juridisk omr\u00e5de udelukket. Du er velkommen til at sende os din <a href=\"https:\/\/prozessfinanzierung.eu\/index.php\/unverbindliche-anfrage\/\">Ikke-bindende anmodning<\/a>s\u00e5 vender vi tilbage til dig.<br><\/p>\n\n\n\n<p><br><\/p>","protected":false},"excerpt":{"rendered":"<p>Hier finden Sie Antworten auf die am h\u00e4ufigsten gestellten Frage zur Prozessfinanzierung: Was ist Prozessfinanzierung?Wieviel kostet Prozessfinanzierung?Ist Prozessfinanzierung f\u00fcr Privatpersonen oder f\u00fcr Firmen m\u00f6glich?Wie funktioniert Prozessfinanzierung?Welche Kosten zahlt der Prozessfinanzierer?Was habe ich als Kl\u00e4ger von der Prozessfinanzierung?Was passiert, wenn das Verfahren verloren geht?Greift Legal Finance in den Prozess ein?Finanzieren Sie auch den Beklagten?Welchen Rechtsanwalt kann\/soll [&hellip;]<\/p>","protected":false},"author":1,"featured_media":0,"parent":0,"menu_order":0,"comment_status":"closed","ping_status":"closed","template":"","meta":{"footnotes":""},"yoast_head":"<!-- This site is optimized with the Yoast SEO plugin v20.13 - https:\/\/yoast.com\/wordpress\/plugins\/seo\/ -->\n<title>FAQ - Prozessfinanzierung - Finanzierung f\u00fcr Anwaltskosten - Kredit f\u00fcr Gerichtsverfahren - LF Legal Finance SE<\/title>\n<meta name=\"robots\" content=\"index, follow, max-snippet:-1, max-image-preview:large, max-video-preview:-1\" \/>\n<link rel=\"canonical\" href=\"https:\/\/prozessfinanzierung.eu\/da\/faq\/\" \/>\n<meta property=\"og:locale\" content=\"da_DK\" \/>\n<meta property=\"og:type\" content=\"article\" \/>\n<meta property=\"og:title\" content=\"FAQ - Prozessfinanzierung - Finanzierung f\u00fcr Anwaltskosten - Kredit f\u00fcr Gerichtsverfahren - LF Legal Finance SE\" \/>\n<meta property=\"og:description\" content=\"Hier finden Sie Antworten auf die am h\u00e4ufigsten gestellten Frage zur Prozessfinanzierung: Was ist Prozessfinanzierung?Wieviel kostet Prozessfinanzierung?Ist Prozessfinanzierung f\u00fcr Privatpersonen oder f\u00fcr Firmen m\u00f6glich?Wie funktioniert Prozessfinanzierung?Welche Kosten zahlt der Prozessfinanzierer?Was habe ich als Kl\u00e4ger von der Prozessfinanzierung?Was passiert, wenn das Verfahren verloren geht?Greift Legal Finance in den Prozess ein?Finanzieren Sie auch den Beklagten?Welchen Rechtsanwalt kann\/soll [&hellip;]\" \/>\n<meta property=\"og:url\" content=\"https:\/\/prozessfinanzierung.eu\/da\/faq\/\" \/>\n<meta property=\"og:site_name\" content=\"Prozessfinanzierung - Finanzierung f\u00fcr Anwaltskosten - Kredit f\u00fcr Gerichtsverfahren - LF Legal Finance SE\" \/>\n<meta property=\"article:modified_time\" content=\"2023-08-22T14:03:42+00:00\" \/>\n<meta name=\"twitter:card\" content=\"summary_large_image\" \/>\n<meta name=\"twitter:label1\" content=\"Estimeret l\u00e6setid\" \/>\n\t<meta name=\"twitter:data1\" content=\"6 minutter\" \/>\n<script type=\"application\/ld+json\" class=\"yoast-schema-graph\">{\"@context\":\"https:\/\/schema.org\",\"@graph\":[{\"@type\":\"WebPage\",\"@id\":\"https:\/\/prozessfinanzierung.eu\/faq\/\",\"url\":\"https:\/\/prozessfinanzierung.eu\/faq\/\",\"name\":\"FAQ - Prozessfinanzierung - Finanzierung f\u00fcr Anwaltskosten - Kredit f\u00fcr Gerichtsverfahren - LF Legal Finance SE\",\"isPartOf\":{\"@id\":\"https:\/\/prozessfinanzierung.eu\/#website\"},\"datePublished\":\"2023-08-20T09:00:11+00:00\",\"dateModified\":\"2023-08-22T14:03:42+00:00\",\"breadcrumb\":{\"@id\":\"https:\/\/prozessfinanzierung.eu\/faq\/#breadcrumb\"},\"inLanguage\":\"da-DK\",\"potentialAction\":[{\"@type\":\"ReadAction\",\"target\":[\"https:\/\/prozessfinanzierung.eu\/faq\/\"]}]},{\"@type\":\"BreadcrumbList\",\"@id\":\"https:\/\/prozessfinanzierung.eu\/faq\/#breadcrumb\",\"itemListElement\":[{\"@type\":\"ListItem\",\"position\":1,\"name\":\"Startseite\",\"item\":\"https:\/\/prozessfinanzierung.eu\/\"},{\"@type\":\"ListItem\",\"position\":2,\"name\":\"FAQ\"}]},{\"@type\":\"WebSite\",\"@id\":\"https:\/\/prozessfinanzierung.eu\/#website\",\"url\":\"https:\/\/prozessfinanzierung.eu\/\",\"name\":\"Prozessfinanzierung - Finanzierung f\u00fcr Anwaltskosten - Kredit f\u00fcr Gerichtsverfahren - LF Legal Finance SE\",\"description\":\"Finanzierung von Gerichtsprozessen gegen Erfolgsbeteiligung - LF Legal Finance SE\",\"publisher\":{\"@id\":\"https:\/\/prozessfinanzierung.eu\/#organization\"},\"potentialAction\":[{\"@type\":\"SearchAction\",\"target\":{\"@type\":\"EntryPoint\",\"urlTemplate\":\"https:\/\/prozessfinanzierung.eu\/?s={search_term_string}\"},\"query-input\":\"required name=search_term_string\"}],\"inLanguage\":\"da-DK\"},{\"@type\":\"Organization\",\"@id\":\"https:\/\/prozessfinanzierung.eu\/#organization\",\"name\":\"LF Legal Finance SE\",\"url\":\"https:\/\/prozessfinanzierung.eu\/\",\"logo\":{\"@type\":\"ImageObject\",\"inLanguage\":\"da-DK\",\"@id\":\"https:\/\/prozessfinanzierung.eu\/#\/schema\/logo\/image\/\",\"url\":\"http:\/\/prozessfinanzierung.eu\/wp-content\/uploads\/2023\/08\/legal-finance-international.jpg\",\"contentUrl\":\"http:\/\/prozessfinanzierung.eu\/wp-content\/uploads\/2023\/08\/legal-finance-international.jpg\",\"width\":842,\"height\":131,\"caption\":\"LF Legal Finance SE\"},\"image\":{\"@id\":\"https:\/\/prozessfinanzierung.eu\/#\/schema\/logo\/image\/\"}}]}<\/script>\n<!-- \/ Yoast SEO plugin. -->","yoast_head_json":{"title":"FAQ - Prozessfinanzierung - Finanzierung f\u00fcr Anwaltskosten - Kredit f\u00fcr Gerichtsverfahren - LF Legal Finance SE","robots":{"index":"index","follow":"follow","max-snippet":"max-snippet:-1","max-image-preview":"max-image-preview:large","max-video-preview":"max-video-preview:-1"},"canonical":"https:\/\/prozessfinanzierung.eu\/da\/faq\/","og_locale":"da_DK","og_type":"article","og_title":"FAQ - Prozessfinanzierung - Finanzierung f\u00fcr Anwaltskosten - Kredit f\u00fcr Gerichtsverfahren - LF Legal Finance SE","og_description":"Hier finden Sie Antworten auf die am h\u00e4ufigsten gestellten Frage zur Prozessfinanzierung: Was ist Prozessfinanzierung?Wieviel kostet Prozessfinanzierung?Ist Prozessfinanzierung f\u00fcr Privatpersonen oder f\u00fcr Firmen m\u00f6glich?Wie funktioniert Prozessfinanzierung?Welche Kosten zahlt der Prozessfinanzierer?Was habe ich als Kl\u00e4ger von der Prozessfinanzierung?Was passiert, wenn das Verfahren verloren geht?Greift Legal Finance in den Prozess ein?Finanzieren Sie auch den Beklagten?Welchen Rechtsanwalt kann\/soll [&hellip;]","og_url":"https:\/\/prozessfinanzierung.eu\/da\/faq\/","og_site_name":"Prozessfinanzierung - Finanzierung f\u00fcr Anwaltskosten - Kredit f\u00fcr Gerichtsverfahren - LF Legal Finance SE","article_modified_time":"2023-08-22T14:03:42+00:00","twitter_card":"summary_large_image","twitter_misc":{"Estimeret l\u00e6setid":"6 minutter"},"schema":{"@context":"https:\/\/schema.org","@graph":[{"@type":"WebPage","@id":"https:\/\/prozessfinanzierung.eu\/faq\/","url":"https:\/\/prozessfinanzierung.eu\/faq\/","name":"FAQ - Prozessfinanzierung - Finanzierung f\u00fcr Anwaltskosten - Kredit f\u00fcr Gerichtsverfahren - LF Legal Finance SE","isPartOf":{"@id":"https:\/\/prozessfinanzierung.eu\/#website"},"datePublished":"2023-08-20T09:00:11+00:00","dateModified":"2023-08-22T14:03:42+00:00","breadcrumb":{"@id":"https:\/\/prozessfinanzierung.eu\/faq\/#breadcrumb"},"inLanguage":"da-DK","potentialAction":[{"@type":"ReadAction","target":["https:\/\/prozessfinanzierung.eu\/faq\/"]}]},{"@type":"BreadcrumbList","@id":"https:\/\/prozessfinanzierung.eu\/faq\/#breadcrumb","itemListElement":[{"@type":"ListItem","position":1,"name":"Startseite","item":"https:\/\/prozessfinanzierung.eu\/"},{"@type":"ListItem","position":2,"name":"FAQ"}]},{"@type":"WebSite","@id":"https:\/\/prozessfinanzierung.eu\/#website","url":"https:\/\/prozessfinanzierung.eu\/","name":"Prozessfinanzierung - Finanzierung f\u00fcr Anwaltskosten - Kredit f\u00fcr Gerichtsverfahren - LF Legal Finance SE","description":"Finanzierung von Gerichtsprozessen gegen Erfolgsbeteiligung - LF Legal Finance SE","publisher":{"@id":"https:\/\/prozessfinanzierung.eu\/#organization"},"potentialAction":[{"@type":"SearchAction","target":{"@type":"EntryPoint","urlTemplate":"https:\/\/prozessfinanzierung.eu\/?s={search_term_string}"},"query-input":"required name=search_term_string"}],"inLanguage":"da-DK"},{"@type":"Organization","@id":"https:\/\/prozessfinanzierung.eu\/#organization","name":"LF Legal Finance SE","url":"https:\/\/prozessfinanzierung.eu\/","logo":{"@type":"ImageObject","inLanguage":"da-DK","@id":"https:\/\/prozessfinanzierung.eu\/#\/schema\/logo\/image\/","url":"http:\/\/prozessfinanzierung.eu\/wp-content\/uploads\/2023\/08\/legal-finance-international.jpg","contentUrl":"http:\/\/prozessfinanzierung.eu\/wp-content\/uploads\/2023\/08\/legal-finance-international.jpg","width":842,"height":131,"caption":"LF Legal Finance SE"},"image":{"@id":"https:\/\/prozessfinanzierung.eu\/#\/schema\/logo\/image\/"}}]}},"_links":{"self":[{"href":"https:\/\/prozessfinanzierung.eu\/da\/wp-json\/wp\/v2\/pages\/64"}],"collection":[{"href":"https:\/\/prozessfinanzierung.eu\/da\/wp-json\/wp\/v2\/pages"}],"about":[{"href":"https:\/\/prozessfinanzierung.eu\/da\/wp-json\/wp\/v2\/types\/page"}],"author":[{"embeddable":true,"href":"https:\/\/prozessfinanzierung.eu\/da\/wp-json\/wp\/v2\/users\/1"}],"replies":[{"embeddable":true,"href":"https:\/\/prozessfinanzierung.eu\/da\/wp-json\/wp\/v2\/comments?post=64"}],"version-history":[{"count":36,"href":"https:\/\/prozessfinanzierung.eu\/da\/wp-json\/wp\/v2\/pages\/64\/revisions"}],"predecessor-version":[{"id":208,"href":"https:\/\/prozessfinanzierung.eu\/da\/wp-json\/wp\/v2\/pages\/64\/revisions\/208"}],"wp:attachment":[{"href":"https:\/\/prozessfinanzierung.eu\/da\/wp-json\/wp\/v2\/media?parent=64"}],"curies":[{"name":"wp","href":"https:\/\/api.w.org\/{rel}","templated":true}]}}