{"id":79,"date":"2023-08-20T11:06:52","date_gmt":"2023-08-20T09:06:52","guid":{"rendered":"https:\/\/prozessfinanzierung.eu\/?page_id=79"},"modified":"2023-08-22T15:53:22","modified_gmt":"2023-08-22T13:53:22","slug":"wir-ueber-uns","status":"publish","type":"page","link":"https:\/\/prozessfinanzierung.eu\/da\/wir-ueber-uns\/","title":{"rendered":"Om os"},"content":{"rendered":"<p>Wir sind die <a href=\"https:\/\/legalfinance.online\/\" target=\"_blank\" rel=\"noreferrer noopener\">LF Legal Finan<\/a><a href=\"https:\/\/legalfinance.online\/\">ce SE<\/a> aus Frankfurt &#8211; und wir besch\u00e4ftigen uns ausschlie\u00dflich mit Prozessfinanzierung. Wir finanzieren Prozesse, Anspr\u00fcche und Forderungen aus allen Rechtsgebieten, zum Beispiel:<\/p>\n\n\n\n<ul>\n<li>Schadensersatzrecht<\/li>\n\n\n\n<li>Arzthaftungsrecht und Behandlungsfehler<\/li>\n\n\n\n<li>Gew\u00e4hrleistung und Garantie<\/li>\n\n\n\n<li>Baurecht<\/li>\n\n\n\n<li>Immobilienrecht<\/li>\n\n\n\n<li>Familienrecht, Scheidung und Erbe<\/li>\n\n\n\n<li>Verkehrsrecht<\/li>\n\n\n\n<li>Schmerzensgeld<\/li>\n<\/ul>\n\n\n\n<p>Wir finanzieren \u00fcber Tochtergesellschaften, zum Beispiel \u00fcber die <a href=\"https:\/\/legalfinance.international\/\" target=\"_blank\" rel=\"noreferrer noopener\">Legal Finance International GmbH<\/a> aus D\u00fcsseldorf.<\/p>\n\n\n\n<p>Sie finden uns am Thurn-und Taxis-Platz 6 in Frankfurt und erreichen und jederzeit telefonisch unter <strong>069 8700184-10<\/strong>. Gern k\u00f6nnen Sie uns auch eine E-Mail senden an <a href=\"mailto:info@legalfinance.online\">info@legalfinance.online<\/a>, oder Sie nutzen unser <a href=\"https:\/\/prozessfinanzierung.eu\/index.php\/kontakt\/\">Kontaktformular<\/a>.<\/p>\n\n\n\n<p>Sehr gern erwarten wir Ihre unverbindliche Anfrage zur Prozessfinanzierung. Am besten nutzen Sie daf\u00fcr unser <a href=\"https:\/\/prozessfinanzierung.eu\/index.php\/unverbindliche-anfrage\/\">Anfrageformular<\/a>. Bitte beschreiben Sie den Sachverhalt genau und h\u00e4ngen Sie, wenn m\u00f6glich, Dokumente an.<\/p>\n\n\n\n<p>Wir werden uns dann umgehend bei Ihnen melden. Nach genauer Pr\u00fcfung Ihres Falls oder Ihres Verfahrens machen wir Ihnen ein Angebot, wenn wir Ihren Fall zur Finanzierung annehmen.<\/p>\n\n\n\n<p>Lesen Sie auch gern die Antworten auf <a href=\"https:\/\/prozessfinanzierung.eu\/index.php\/faq\/\">h\u00e4ufig gestellte Fragen<\/a> zum Thema Prozessfinanzierung.<\/p>","protected":false},"excerpt":{"rendered":"<p>Wir sind die LF Legal Finance SE aus Frankfurt &#8211; und wir besch\u00e4ftigen uns ausschlie\u00dflich mit Prozessfinanzierung. Wir finanzieren Prozesse, Anspr\u00fcche und Forderungen aus allen Rechtsgebieten, zum Beispiel: Wir finanzieren \u00fcber Tochtergesellschaften, zum Beispiel \u00fcber die Legal Finance International GmbH aus D\u00fcsseldorf. Sie finden uns am Thurn-und Taxis-Platz 6 in Frankfurt und erreichen und jederzeit [&hellip;]<\/p>","protected":false},"author":1,"featured_media":0,"parent":0,"menu_order":0,"comment_status":"closed","ping_status":"closed","template":"","meta":{"footnotes":""},"yoast_head":"<!-- This site is optimized with the Yoast SEO plugin v20.13 - https:\/\/yoast.com\/wordpress\/plugins\/seo\/ -->\n<title>Wir \u00fcber uns - Prozessfinanzierung - Finanzierung f\u00fcr Anwaltskosten - Kredit f\u00fcr Gerichtsverfahren - LF Legal Finance SE<\/title>\n<meta name=\"robots\" content=\"index, follow, max-snippet:-1, max-image-preview:large, max-video-preview:-1\" \/>\n<link rel=\"canonical\" href=\"https:\/\/prozessfinanzierung.eu\/da\/wir-ueber-uns\/\" \/>\n<meta property=\"og:locale\" content=\"da_DK\" \/>\n<meta property=\"og:type\" content=\"article\" \/>\n<meta property=\"og:title\" content=\"Wir \u00fcber uns - Prozessfinanzierung - Finanzierung f\u00fcr Anwaltskosten - Kredit f\u00fcr Gerichtsverfahren - LF Legal Finance SE\" \/>\n<meta property=\"og:description\" content=\"Wir sind die LF Legal Finance SE aus Frankfurt &#8211; und wir besch\u00e4ftigen uns ausschlie\u00dflich mit Prozessfinanzierung. Wir finanzieren Prozesse, Anspr\u00fcche und Forderungen aus allen Rechtsgebieten, zum Beispiel: Wir finanzieren \u00fcber Tochtergesellschaften, zum Beispiel \u00fcber die Legal Finance International GmbH aus D\u00fcsseldorf. Sie finden uns am Thurn-und Taxis-Platz 6 in Frankfurt und erreichen und jederzeit [&hellip;]\" \/>\n<meta property=\"og:url\" content=\"https:\/\/prozessfinanzierung.eu\/da\/wir-ueber-uns\/\" \/>\n<meta property=\"og:site_name\" content=\"Prozessfinanzierung - Finanzierung f\u00fcr Anwaltskosten - Kredit f\u00fcr Gerichtsverfahren - LF Legal Finance SE\" \/>\n<meta property=\"article:modified_time\" content=\"2023-08-22T13:53:22+00:00\" \/>\n<meta name=\"twitter:card\" content=\"summary_large_image\" \/>\n<meta name=\"twitter:label1\" content=\"Estimeret l\u00e6setid\" \/>\n\t<meta name=\"twitter:data1\" content=\"1 minut\" \/>\n<script type=\"application\/ld+json\" class=\"yoast-schema-graph\">{\"@context\":\"https:\/\/schema.org\",\"@graph\":[{\"@type\":\"WebPage\",\"@id\":\"https:\/\/prozessfinanzierung.eu\/wir-ueber-uns\/\",\"url\":\"https:\/\/prozessfinanzierung.eu\/wir-ueber-uns\/\",\"name\":\"Wir \u00fcber uns - Prozessfinanzierung - Finanzierung f\u00fcr Anwaltskosten - Kredit f\u00fcr Gerichtsverfahren - LF Legal Finance SE\",\"isPartOf\":{\"@id\":\"https:\/\/prozessfinanzierung.eu\/#website\"},\"datePublished\":\"2023-08-20T09:06:52+00:00\",\"dateModified\":\"2023-08-22T13:53:22+00:00\",\"breadcrumb\":{\"@id\":\"https:\/\/prozessfinanzierung.eu\/wir-ueber-uns\/#breadcrumb\"},\"inLanguage\":\"da-DK\",\"potentialAction\":[{\"@type\":\"ReadAction\",\"target\":[\"https:\/\/prozessfinanzierung.eu\/wir-ueber-uns\/\"]}]},{\"@type\":\"BreadcrumbList\",\"@id\":\"https:\/\/prozessfinanzierung.eu\/wir-ueber-uns\/#breadcrumb\",\"itemListElement\":[{\"@type\":\"ListItem\",\"position\":1,\"name\":\"Startseite\",\"item\":\"https:\/\/prozessfinanzierung.eu\/\"},{\"@type\":\"ListItem\",\"position\":2,\"name\":\"Wir \u00fcber uns\"}]},{\"@type\":\"WebSite\",\"@id\":\"https:\/\/prozessfinanzierung.eu\/#website\",\"url\":\"https:\/\/prozessfinanzierung.eu\/\",\"name\":\"Prozessfinanzierung - Finanzierung f\u00fcr Anwaltskosten - Kredit f\u00fcr Gerichtsverfahren - LF Legal Finance SE\",\"description\":\"Finanzierung von Gerichtsprozessen gegen Erfolgsbeteiligung - LF Legal Finance SE\",\"publisher\":{\"@id\":\"https:\/\/prozessfinanzierung.eu\/#organization\"},\"potentialAction\":[{\"@type\":\"SearchAction\",\"target\":{\"@type\":\"EntryPoint\",\"urlTemplate\":\"https:\/\/prozessfinanzierung.eu\/?s={search_term_string}\"},\"query-input\":\"required name=search_term_string\"}],\"inLanguage\":\"da-DK\"},{\"@type\":\"Organization\",\"@id\":\"https:\/\/prozessfinanzierung.eu\/#organization\",\"name\":\"LF Legal Finance SE\",\"url\":\"https:\/\/prozessfinanzierung.eu\/\",\"logo\":{\"@type\":\"ImageObject\",\"inLanguage\":\"da-DK\",\"@id\":\"https:\/\/prozessfinanzierung.eu\/#\/schema\/logo\/image\/\",\"url\":\"http:\/\/prozessfinanzierung.eu\/wp-content\/uploads\/2023\/08\/legal-finance-international.jpg\",\"contentUrl\":\"http:\/\/prozessfinanzierung.eu\/wp-content\/uploads\/2023\/08\/legal-finance-international.jpg\",\"width\":842,\"height\":131,\"caption\":\"LF Legal Finance SE\"},\"image\":{\"@id\":\"https:\/\/prozessfinanzierung.eu\/#\/schema\/logo\/image\/\"}}]}<\/script>\n<!-- \/ Yoast SEO plugin. -->","yoast_head_json":{"title":"Wir \u00fcber uns - Prozessfinanzierung - Finanzierung f\u00fcr Anwaltskosten - Kredit f\u00fcr Gerichtsverfahren - LF Legal Finance SE","robots":{"index":"index","follow":"follow","max-snippet":"max-snippet:-1","max-image-preview":"max-image-preview:large","max-video-preview":"max-video-preview:-1"},"canonical":"https:\/\/prozessfinanzierung.eu\/da\/wir-ueber-uns\/","og_locale":"da_DK","og_type":"article","og_title":"Wir \u00fcber uns - Prozessfinanzierung - Finanzierung f\u00fcr Anwaltskosten - Kredit f\u00fcr Gerichtsverfahren - LF Legal Finance SE","og_description":"Wir sind die LF Legal Finance SE aus Frankfurt &#8211; und wir besch\u00e4ftigen uns ausschlie\u00dflich mit Prozessfinanzierung. Wir finanzieren Prozesse, Anspr\u00fcche und Forderungen aus allen Rechtsgebieten, zum Beispiel: Wir finanzieren \u00fcber Tochtergesellschaften, zum Beispiel \u00fcber die Legal Finance International GmbH aus D\u00fcsseldorf. Sie finden uns am Thurn-und Taxis-Platz 6 in Frankfurt und erreichen und jederzeit [&hellip;]","og_url":"https:\/\/prozessfinanzierung.eu\/da\/wir-ueber-uns\/","og_site_name":"Prozessfinanzierung - Finanzierung f\u00fcr Anwaltskosten - Kredit f\u00fcr Gerichtsverfahren - LF Legal Finance SE","article_modified_time":"2023-08-22T13:53:22+00:00","twitter_card":"summary_large_image","twitter_misc":{"Estimeret l\u00e6setid":"1 minut"},"schema":{"@context":"https:\/\/schema.org","@graph":[{"@type":"WebPage","@id":"https:\/\/prozessfinanzierung.eu\/wir-ueber-uns\/","url":"https:\/\/prozessfinanzierung.eu\/wir-ueber-uns\/","name":"Wir \u00fcber uns - Prozessfinanzierung - Finanzierung f\u00fcr Anwaltskosten - Kredit f\u00fcr Gerichtsverfahren - LF Legal Finance SE","isPartOf":{"@id":"https:\/\/prozessfinanzierung.eu\/#website"},"datePublished":"2023-08-20T09:06:52+00:00","dateModified":"2023-08-22T13:53:22+00:00","breadcrumb":{"@id":"https:\/\/prozessfinanzierung.eu\/wir-ueber-uns\/#breadcrumb"},"inLanguage":"da-DK","potentialAction":[{"@type":"ReadAction","target":["https:\/\/prozessfinanzierung.eu\/wir-ueber-uns\/"]}]},{"@type":"BreadcrumbList","@id":"https:\/\/prozessfinanzierung.eu\/wir-ueber-uns\/#breadcrumb","itemListElement":[{"@type":"ListItem","position":1,"name":"Startseite","item":"https:\/\/prozessfinanzierung.eu\/"},{"@type":"ListItem","position":2,"name":"Wir \u00fcber uns"}]},{"@type":"WebSite","@id":"https:\/\/prozessfinanzierung.eu\/#website","url":"https:\/\/prozessfinanzierung.eu\/","name":"Prozessfinanzierung - Finanzierung f\u00fcr Anwaltskosten - Kredit f\u00fcr Gerichtsverfahren - LF Legal Finance SE","description":"Finanzierung von Gerichtsprozessen gegen Erfolgsbeteiligung - LF Legal Finance SE","publisher":{"@id":"https:\/\/prozessfinanzierung.eu\/#organization"},"potentialAction":[{"@type":"SearchAction","target":{"@type":"EntryPoint","urlTemplate":"https:\/\/prozessfinanzierung.eu\/?s={search_term_string}"},"query-input":"required name=search_term_string"}],"inLanguage":"da-DK"},{"@type":"Organization","@id":"https:\/\/prozessfinanzierung.eu\/#organization","name":"LF Legal Finance SE","url":"https:\/\/prozessfinanzierung.eu\/","logo":{"@type":"ImageObject","inLanguage":"da-DK","@id":"https:\/\/prozessfinanzierung.eu\/#\/schema\/logo\/image\/","url":"http:\/\/prozessfinanzierung.eu\/wp-content\/uploads\/2023\/08\/legal-finance-international.jpg","contentUrl":"http:\/\/prozessfinanzierung.eu\/wp-content\/uploads\/2023\/08\/legal-finance-international.jpg","width":842,"height":131,"caption":"LF Legal Finance SE"},"image":{"@id":"https:\/\/prozessfinanzierung.eu\/#\/schema\/logo\/image\/"}}]}},"_links":{"self":[{"href":"https:\/\/prozessfinanzierung.eu\/da\/wp-json\/wp\/v2\/pages\/79"}],"collection":[{"href":"https:\/\/prozessfinanzierung.eu\/da\/wp-json\/wp\/v2\/pages"}],"about":[{"href":"https:\/\/prozessfinanzierung.eu\/da\/wp-json\/wp\/v2\/types\/page"}],"author":[{"embeddable":true,"href":"https:\/\/prozessfinanzierung.eu\/da\/wp-json\/wp\/v2\/users\/1"}],"replies":[{"embeddable":true,"href":"https:\/\/prozessfinanzierung.eu\/da\/wp-json\/wp\/v2\/comments?post=79"}],"version-history":[{"count":8,"href":"https:\/\/prozessfinanzierung.eu\/da\/wp-json\/wp\/v2\/pages\/79\/revisions"}],"predecessor-version":[{"id":201,"href":"https:\/\/prozessfinanzierung.eu\/da\/wp-json\/wp\/v2\/pages\/79\/revisions\/201"}],"wp:attachment":[{"href":"https:\/\/prozessfinanzierung.eu\/da\/wp-json\/wp\/v2\/media?parent=79"}],"curies":[{"name":"wp","href":"https:\/\/api.w.org\/{rel}","templated":true}]}}