{"id":149,"date":"2023-08-21T13:49:57","date_gmt":"2023-08-21T11:49:57","guid":{"rendered":"https:\/\/prozessfinanzierung.eu\/?page_id=149"},"modified":"2023-08-22T15:02:36","modified_gmt":"2023-08-22T13:02:36","slug":"prozessfinanzierung-anfragen","status":"publish","type":"page","link":"https:\/\/prozessfinanzierung.eu\/en\/prozessfinanzierung-anfragen\/","title":{"rendered":"Request litigation funding"},"content":{"rendered":"<p>Senden Sie uns gern \u00fcber das folgende Formular Ihre unverbindliche Anfrage. Wir pr\u00fcfen Ihren Fall kostenlos und vertraulich.<\/p>\n\n\n\n<p>Oder rufen Sie uns an unter: <strong>069 87 00 18 4-10<\/strong>. Sie k\u00f6nnen uns auch direkt eine E-Mail senden: <a href=\"mailto:info@legalfinance.online\">info@legalfinance.online<\/a>.<\/p>\n\n\n<div class=\"wpforms-container wpforms-container-full wpforms-render-modern\" id=\"wpforms-139\"><form id=\"wpforms-form-139\" class=\"wpforms-validate wpforms-form wpforms-ajax-form\" data-formid=\"139\" method=\"post\" enctype=\"multipart\/form-data\" action=\"\/en\/wp-json\/wp\/v2\/pages\/149\" data-token=\"7a6eb816f98f5c80beb7df27e9814ff3\" data-trp-original-action=\"\/en\/wp-json\/wp\/v2\/pages\/149\"><noscript class=\"wpforms-error-noscript\">Please enable JavaScript in your browser to complete this form.<\/noscript><div class=\"wpforms-hidden\" id=\"wpforms-error-noscript\">Please enable JavaScript in your browser to complete this form.<\/div><div class=\"wpforms-field-container\"><div id=\"wpforms-139-field_0-container\" class=\"wpforms-field wpforms-field-name\" data-field-id=\"0\"><fieldset><legend class=\"wpforms-field-label\">Name <span class=\"wpforms-required-label\" aria-hidden=\"true\">*<\/span><\/legend><div class=\"wpforms-field-row wpforms-field-medium\"><div class=\"wpforms-field-row-block wpforms-first wpforms-one-half\"><input type=\"text\" id=\"wpforms-139-field_0\" class=\"wpforms-field-name-first wpforms-field-required\" name=\"wpforms[fields][0][first]\" aria-errormessage=\"wpforms-139-field_0-error\" required><label for=\"wpforms-139-field_0\" class=\"wpforms-field-sublabel after\">First<\/label><\/div><div class=\"wpforms-field-row-block wpforms-one-half\"><input type=\"text\" id=\"wpforms-139-field_0-last\" class=\"wpforms-field-name-last wpforms-field-required\" name=\"wpforms[fields][0][last]\" aria-errormessage=\"wpforms-139-field_0-last-error\" required><label for=\"wpforms-139-field_0-last\" class=\"wpforms-field-sublabel after\">Last<\/label><\/div><\/div><\/fieldset><\/div><div id=\"wpforms-139-field_3-container\" class=\"wpforms-field wpforms-field-text\" data-field-id=\"3\"><label class=\"wpforms-field-label\" for=\"wpforms-139-field_3\">Company (if applicable)<\/label><input type=\"text\" id=\"wpforms-139-field_3\" class=\"wpforms-field-medium\" name=\"wpforms[fields][3]\" aria-errormessage=\"wpforms-139-field_3-error\" ><\/div><div id=\"wpforms-139-field_1-container\" class=\"wpforms-field wpforms-field-email\" data-field-id=\"1\"><label class=\"wpforms-field-label\" for=\"wpforms-139-field_1\">E-mail <span class=\"wpforms-required-label\" aria-hidden=\"true\">*<\/span><\/label><input type=\"email\" id=\"wpforms-139-field_1\" class=\"wpforms-field-medium wpforms-field-required\" name=\"wpforms[fields][1]\" spellcheck=\"false\" aria-errormessage=\"wpforms-139-field_1-error\" required><\/div><div id=\"wpforms-139-field_4-container\" class=\"wpforms-field wpforms-field-text\" data-field-id=\"4\"><label class=\"wpforms-field-label\" for=\"wpforms-139-field_4\">Phone<\/label><input type=\"text\" id=\"wpforms-139-field_4\" class=\"wpforms-field-medium\" name=\"wpforms[fields][4]\" aria-errormessage=\"wpforms-139-field_4-error\" ><\/div><div id=\"wpforms-139-field_5-container\" class=\"wpforms-field wpforms-field-radio\" data-field-id=\"5\"><fieldset><legend class=\"wpforms-field-label\">Have you already instructed a lawyer? <span class=\"wpforms-required-label\" aria-hidden=\"true\">*<\/span><\/legend><ul id=\"wpforms-139-field_5\" class=\"wpforms-field-required\"><li class=\"choice-1 depth-1\"><input type=\"radio\" id=\"wpforms-139-field_5_1\" name=\"wpforms[fields][5]\" value=\"Ja\" aria-errormessage=\"wpforms-139-field_5_1-error\" required><label class=\"wpforms-field-label-inline\" for=\"wpforms-139-field_5_1\">Yes<\/label><\/li><li class=\"choice-2 depth-1\"><input type=\"radio\" id=\"wpforms-139-field_5_2\" name=\"wpforms[fields][5]\" value=\"Nein\" aria-errormessage=\"wpforms-139-field_5_2-error\" required><label class=\"wpforms-field-label-inline\" for=\"wpforms-139-field_5_2\">No<\/label><\/li><\/ul><\/fieldset><\/div><div id=\"wpforms-139-field_6-container\" class=\"wpforms-field wpforms-field-radio\" data-field-id=\"6\"><fieldset><legend class=\"wpforms-field-label\">Are there already legal proceedings pending? <span class=\"wpforms-required-label\" aria-hidden=\"true\">*<\/span><\/legend><ul id=\"wpforms-139-field_6\" class=\"wpforms-field-required\"><li class=\"choice-1 depth-1\"><input type=\"radio\" id=\"wpforms-139-field_6_1\" name=\"wpforms[fields][6]\" value=\"Ja\" aria-errormessage=\"wpforms-139-field_6_1-error\" required><label class=\"wpforms-field-label-inline\" for=\"wpforms-139-field_6_1\">Yes<\/label><\/li><li class=\"choice-2 depth-1\"><input type=\"radio\" id=\"wpforms-139-field_6_2\" name=\"wpforms[fields][6]\" value=\"Nein\" aria-errormessage=\"wpforms-139-field_6_2-error\" required><label class=\"wpforms-field-label-inline\" for=\"wpforms-139-field_6_2\">No<\/label><\/li><\/ul><\/fieldset><\/div><div id=\"wpforms-139-field_7-container\" class=\"wpforms-field wpforms-field-radio\" data-field-id=\"7\"><fieldset><legend class=\"wpforms-field-label\">Is there already a judgement? <span class=\"wpforms-required-label\" aria-hidden=\"true\">*<\/span><\/legend><ul id=\"wpforms-139-field_7\" class=\"wpforms-field-required\"><li class=\"choice-1 depth-1\"><input type=\"radio\" id=\"wpforms-139-field_7_1\" name=\"wpforms[fields][7]\" value=\"Ja\" aria-errormessage=\"wpforms-139-field_7_1-error\" required><label class=\"wpforms-field-label-inline\" for=\"wpforms-139-field_7_1\">Yes<\/label><\/li><li class=\"choice-2 depth-1\"><input type=\"radio\" id=\"wpforms-139-field_7_2\" name=\"wpforms[fields][7]\" value=\"Nein\" aria-errormessage=\"wpforms-139-field_7_2-error\" required><label class=\"wpforms-field-label-inline\" for=\"wpforms-139-field_7_2\">No<\/label><\/li><\/ul><\/fieldset><\/div><div id=\"wpforms-139-field_9-container\" class=\"wpforms-field wpforms-field-text\" data-field-id=\"9\"><label class=\"wpforms-field-label\" for=\"wpforms-139-field_9\">Amount in dispute in EUR (if unknown, please estimate): <span class=\"wpforms-required-label\" aria-hidden=\"true\">*<\/span><\/label><input type=\"text\" id=\"wpforms-139-field_9\" class=\"wpforms-field-medium wpforms-field-required\" name=\"wpforms[fields][9]\" aria-errormessage=\"wpforms-139-field_9-error\" required><\/div><div id=\"wpforms-139-field_2-container\" class=\"wpforms-field wpforms-field-textarea\" data-field-id=\"2\"><label class=\"wpforms-field-label\" for=\"wpforms-139-field_2\">Please describe your case: <span class=\"wpforms-required-label\" aria-hidden=\"true\">*<\/span><\/label><textarea id=\"wpforms-139-field_2\" class=\"wpforms-field-medium wpforms-field-required\" name=\"wpforms[fields][2]\" aria-errormessage=\"wpforms-139-field_2-error\" required><\/textarea><\/div><\/div><!-- .wpforms-field-container --><div class=\"wpforms-submit-container\" ><input type=\"hidden\" name=\"wpforms[id]\" value=\"139\"><input type=\"hidden\" name=\"wpforms[author]\" value=\"1\"><button type=\"submit\" name=\"wpforms[submit]\" id=\"wpforms-submit-139\" class=\"wpforms-submit\" data-alt-text=\"Senden\u2026\" data-submit-text=\"Absenden\" aria-live=\"assertive\" value=\"wpforms-submit\">Send<\/button><img src=\"https:\/\/prozessfinanzierung.eu\/wp-content\/plugins\/wpforms-lite\/assets\/images\/submit-spin.svg\" class=\"wpforms-submit-spinner\" style=\"display: none;\" width=\"26\" height=\"26\" alt=\"Loading\"><\/div><input type=\"hidden\" name=\"trp-form-language\" value=\"en\"\/><\/form><\/div>  <!-- .wpforms-container -->\n\n\n\n<p>Your data will be transmitted in encrypted form and treated with absolute confidentiality. We will not pass on your data under any circumstances and will only use it to process your enquiry.<\/p>\n\n\n\n<p>Homepage<\/p>","protected":false},"excerpt":{"rendered":"<p>Senden Sie uns gern \u00fcber das folgende Formular Ihre unverbindliche Anfrage. Wir pr\u00fcfen Ihren Fall kostenlos und vertraulich. Oder rufen Sie uns an unter: 069 87 00 18 4-10. Sie k\u00f6nnen uns auch direkt eine E-Mail senden: info@legalfinance.online. Ihre Daten werden verschl\u00fcsselt \u00fcbertragen und absolut vertraulich behandelt. Wir werden Ihre Daten keinesfalls weitergeben und ausschlie\u00dflich [&hellip;]<\/p>","protected":false},"author":1,"featured_media":0,"parent":0,"menu_order":0,"comment_status":"closed","ping_status":"closed","template":"","meta":{"footnotes":""},"yoast_head":"<!-- This site is optimized with the Yoast SEO plugin v20.13 - https:\/\/yoast.com\/wordpress\/plugins\/seo\/ -->\n<title>Prozessfinanzierung anfragen - Prozessfinanzierung - Finanzierung f\u00fcr Anwaltskosten - Kredit f\u00fcr Gerichtsverfahren - LF Legal Finance SE<\/title>\n<meta name=\"robots\" content=\"index, follow, max-snippet:-1, max-image-preview:large, max-video-preview:-1\" \/>\n<link rel=\"canonical\" href=\"https:\/\/prozessfinanzierung.eu\/en\/prozessfinanzierung-anfragen\/\" \/>\n<meta property=\"og:locale\" content=\"en_GB\" \/>\n<meta property=\"og:type\" content=\"article\" \/>\n<meta property=\"og:title\" content=\"Prozessfinanzierung anfragen - Prozessfinanzierung - Finanzierung f\u00fcr Anwaltskosten - Kredit f\u00fcr Gerichtsverfahren - LF Legal Finance SE\" \/>\n<meta property=\"og:description\" content=\"Senden Sie uns gern \u00fcber das folgende Formular Ihre unverbindliche Anfrage. Wir pr\u00fcfen Ihren Fall kostenlos und vertraulich. Oder rufen Sie uns an unter: 069 87 00 18 4-10. Sie k\u00f6nnen uns auch direkt eine E-Mail senden: info@legalfinance.online. Ihre Daten werden verschl\u00fcsselt \u00fcbertragen und absolut vertraulich behandelt. Wir werden Ihre Daten keinesfalls weitergeben und ausschlie\u00dflich [&hellip;]\" \/>\n<meta property=\"og:url\" content=\"https:\/\/prozessfinanzierung.eu\/en\/prozessfinanzierung-anfragen\/\" \/>\n<meta property=\"og:site_name\" content=\"Prozessfinanzierung - Finanzierung f\u00fcr Anwaltskosten - Kredit f\u00fcr Gerichtsverfahren - LF Legal Finance SE\" \/>\n<meta property=\"article:modified_time\" content=\"2023-08-22T13:02:36+00:00\" \/>\n<meta name=\"twitter:card\" content=\"summary_large_image\" \/>\n<meta name=\"twitter:label1\" content=\"Estimated reading time\" \/>\n\t<meta name=\"twitter:data1\" content=\"1 minute\" \/>\n<script type=\"application\/ld+json\" class=\"yoast-schema-graph\">{\"@context\":\"https:\/\/schema.org\",\"@graph\":[{\"@type\":\"WebPage\",\"@id\":\"https:\/\/prozessfinanzierung.eu\/prozessfinanzierung-anfragen\/\",\"url\":\"https:\/\/prozessfinanzierung.eu\/prozessfinanzierung-anfragen\/\",\"name\":\"Prozessfinanzierung anfragen - Prozessfinanzierung - Finanzierung f\u00fcr Anwaltskosten - Kredit f\u00fcr Gerichtsverfahren - LF Legal Finance SE\",\"isPartOf\":{\"@id\":\"https:\/\/prozessfinanzierung.eu\/#website\"},\"datePublished\":\"2023-08-21T11:49:57+00:00\",\"dateModified\":\"2023-08-22T13:02:36+00:00\",\"breadcrumb\":{\"@id\":\"https:\/\/prozessfinanzierung.eu\/prozessfinanzierung-anfragen\/#breadcrumb\"},\"inLanguage\":\"en-GB\",\"potentialAction\":[{\"@type\":\"ReadAction\",\"target\":[\"https:\/\/prozessfinanzierung.eu\/prozessfinanzierung-anfragen\/\"]}]},{\"@type\":\"BreadcrumbList\",\"@id\":\"https:\/\/prozessfinanzierung.eu\/prozessfinanzierung-anfragen\/#breadcrumb\",\"itemListElement\":[{\"@type\":\"ListItem\",\"position\":1,\"name\":\"Startseite\",\"item\":\"https:\/\/prozessfinanzierung.eu\/\"},{\"@type\":\"ListItem\",\"position\":2,\"name\":\"Prozessfinanzierung anfragen\"}]},{\"@type\":\"WebSite\",\"@id\":\"https:\/\/prozessfinanzierung.eu\/#website\",\"url\":\"https:\/\/prozessfinanzierung.eu\/\",\"name\":\"Prozessfinanzierung - Finanzierung f\u00fcr Anwaltskosten - Kredit f\u00fcr Gerichtsverfahren - LF Legal Finance SE\",\"description\":\"Finanzierung von Gerichtsprozessen gegen Erfolgsbeteiligung - LF Legal Finance SE\",\"publisher\":{\"@id\":\"https:\/\/prozessfinanzierung.eu\/#organization\"},\"potentialAction\":[{\"@type\":\"SearchAction\",\"target\":{\"@type\":\"EntryPoint\",\"urlTemplate\":\"https:\/\/prozessfinanzierung.eu\/?s={search_term_string}\"},\"query-input\":\"required name=search_term_string\"}],\"inLanguage\":\"en-GB\"},{\"@type\":\"Organization\",\"@id\":\"https:\/\/prozessfinanzierung.eu\/#organization\",\"name\":\"LF Legal Finance SE\",\"url\":\"https:\/\/prozessfinanzierung.eu\/\",\"logo\":{\"@type\":\"ImageObject\",\"inLanguage\":\"en-GB\",\"@id\":\"https:\/\/prozessfinanzierung.eu\/#\/schema\/logo\/image\/\",\"url\":\"http:\/\/prozessfinanzierung.eu\/wp-content\/uploads\/2023\/08\/legal-finance-international.jpg\",\"contentUrl\":\"http:\/\/prozessfinanzierung.eu\/wp-content\/uploads\/2023\/08\/legal-finance-international.jpg\",\"width\":842,\"height\":131,\"caption\":\"LF Legal Finance SE\"},\"image\":{\"@id\":\"https:\/\/prozessfinanzierung.eu\/#\/schema\/logo\/image\/\"}}]}<\/script>\n<!-- \/ Yoast SEO plugin. -->","yoast_head_json":{"title":"Prozessfinanzierung anfragen - Prozessfinanzierung - Finanzierung f\u00fcr Anwaltskosten - Kredit f\u00fcr Gerichtsverfahren - LF Legal Finance SE","robots":{"index":"index","follow":"follow","max-snippet":"max-snippet:-1","max-image-preview":"max-image-preview:large","max-video-preview":"max-video-preview:-1"},"canonical":"https:\/\/prozessfinanzierung.eu\/en\/prozessfinanzierung-anfragen\/","og_locale":"en_GB","og_type":"article","og_title":"Prozessfinanzierung anfragen - Prozessfinanzierung - Finanzierung f\u00fcr Anwaltskosten - Kredit f\u00fcr Gerichtsverfahren - LF Legal Finance SE","og_description":"Senden Sie uns gern \u00fcber das folgende Formular Ihre unverbindliche Anfrage. Wir pr\u00fcfen Ihren Fall kostenlos und vertraulich. Oder rufen Sie uns an unter: 069 87 00 18 4-10. Sie k\u00f6nnen uns auch direkt eine E-Mail senden: info@legalfinance.online. Ihre Daten werden verschl\u00fcsselt \u00fcbertragen und absolut vertraulich behandelt. Wir werden Ihre Daten keinesfalls weitergeben und ausschlie\u00dflich [&hellip;]","og_url":"https:\/\/prozessfinanzierung.eu\/en\/prozessfinanzierung-anfragen\/","og_site_name":"Prozessfinanzierung - Finanzierung f\u00fcr Anwaltskosten - Kredit f\u00fcr Gerichtsverfahren - LF Legal Finance SE","article_modified_time":"2023-08-22T13:02:36+00:00","twitter_card":"summary_large_image","twitter_misc":{"Estimated reading time":"1 minute"},"schema":{"@context":"https:\/\/schema.org","@graph":[{"@type":"WebPage","@id":"https:\/\/prozessfinanzierung.eu\/prozessfinanzierung-anfragen\/","url":"https:\/\/prozessfinanzierung.eu\/prozessfinanzierung-anfragen\/","name":"Prozessfinanzierung anfragen - Prozessfinanzierung - Finanzierung f\u00fcr Anwaltskosten - Kredit f\u00fcr Gerichtsverfahren - LF Legal Finance SE","isPartOf":{"@id":"https:\/\/prozessfinanzierung.eu\/#website"},"datePublished":"2023-08-21T11:49:57+00:00","dateModified":"2023-08-22T13:02:36+00:00","breadcrumb":{"@id":"https:\/\/prozessfinanzierung.eu\/prozessfinanzierung-anfragen\/#breadcrumb"},"inLanguage":"en-GB","potentialAction":[{"@type":"ReadAction","target":["https:\/\/prozessfinanzierung.eu\/prozessfinanzierung-anfragen\/"]}]},{"@type":"BreadcrumbList","@id":"https:\/\/prozessfinanzierung.eu\/prozessfinanzierung-anfragen\/#breadcrumb","itemListElement":[{"@type":"ListItem","position":1,"name":"Startseite","item":"https:\/\/prozessfinanzierung.eu\/"},{"@type":"ListItem","position":2,"name":"Prozessfinanzierung anfragen"}]},{"@type":"WebSite","@id":"https:\/\/prozessfinanzierung.eu\/#website","url":"https:\/\/prozessfinanzierung.eu\/","name":"Prozessfinanzierung - Finanzierung f\u00fcr Anwaltskosten - Kredit f\u00fcr Gerichtsverfahren - LF Legal Finance SE","description":"Finanzierung von Gerichtsprozessen gegen Erfolgsbeteiligung - LF Legal Finance SE","publisher":{"@id":"https:\/\/prozessfinanzierung.eu\/#organization"},"potentialAction":[{"@type":"SearchAction","target":{"@type":"EntryPoint","urlTemplate":"https:\/\/prozessfinanzierung.eu\/?s={search_term_string}"},"query-input":"required name=search_term_string"}],"inLanguage":"en-GB"},{"@type":"Organization","@id":"https:\/\/prozessfinanzierung.eu\/#organization","name":"LF Legal Finance SE","url":"https:\/\/prozessfinanzierung.eu\/","logo":{"@type":"ImageObject","inLanguage":"en-GB","@id":"https:\/\/prozessfinanzierung.eu\/#\/schema\/logo\/image\/","url":"http:\/\/prozessfinanzierung.eu\/wp-content\/uploads\/2023\/08\/legal-finance-international.jpg","contentUrl":"http:\/\/prozessfinanzierung.eu\/wp-content\/uploads\/2023\/08\/legal-finance-international.jpg","width":842,"height":131,"caption":"LF Legal Finance SE"},"image":{"@id":"https:\/\/prozessfinanzierung.eu\/#\/schema\/logo\/image\/"}}]}},"_links":{"self":[{"href":"https:\/\/prozessfinanzierung.eu\/en\/wp-json\/wp\/v2\/pages\/149"}],"collection":[{"href":"https:\/\/prozessfinanzierung.eu\/en\/wp-json\/wp\/v2\/pages"}],"about":[{"href":"https:\/\/prozessfinanzierung.eu\/en\/wp-json\/wp\/v2\/types\/page"}],"author":[{"embeddable":true,"href":"https:\/\/prozessfinanzierung.eu\/en\/wp-json\/wp\/v2\/users\/1"}],"replies":[{"embeddable":true,"href":"https:\/\/prozessfinanzierung.eu\/en\/wp-json\/wp\/v2\/comments?post=149"}],"version-history":[{"count":4,"href":"https:\/\/prozessfinanzierung.eu\/en\/wp-json\/wp\/v2\/pages\/149\/revisions"}],"predecessor-version":[{"id":172,"href":"https:\/\/prozessfinanzierung.eu\/en\/wp-json\/wp\/v2\/pages\/149\/revisions\/172"}],"wp:attachment":[{"href":"https:\/\/prozessfinanzierung.eu\/en\/wp-json\/wp\/v2\/media?parent=149"}],"curies":[{"name":"wp","href":"https:\/\/api.w.org\/{rel}","templated":true}]}}