{"id":168,"date":"2023-08-22T15:00:36","date_gmt":"2023-08-22T13:00:36","guid":{"rendered":"https:\/\/prozessfinanzierung.eu\/?page_id=168"},"modified":"2023-08-22T15:24:04","modified_gmt":"2023-08-22T13:24:04","slug":"was-ist-prozessfinanzierung","status":"publish","type":"page","link":"https:\/\/prozessfinanzierung.eu\/en\/was-ist-prozessfinanzierung\/","title":{"rendered":"What is litigation funding?"},"content":{"rendered":"<p>We finance your legal fees and court costs - and in return we receive a share in the success of the case.<\/p>\n\n\n\n<p>This is litigation funding:<\/p>\n\n\n\n<p><strong>Example:<\/strong> You are in dispute with an insurance company. The insurance company does not pay, but only replies sparingly and wants to fob you off with a low lump sum.<\/p>\n\n\n\n<p>If you were to hire a lawyer on your own now to take action against the insurance company, you would first have to pay all the lawyer's fees and legal costs in advance. And that could take years and several court instances.<\/p>\n\n\n\n<p>The insurance company, on the other hand, could care less - as a large company, they don't even care about tens of thousands of euros in legal costs.<\/p>\n\n\n\n<p>This is where Legal Finance comes in: We finance your lawsuit. We pay all legal fees and court costs. You pay nothing. In return, if you win the case, we get a share at the end.<\/p>\n\n\n\n<p>If you lose, we pay everything.<\/p>\n\n\n\n<p>Do you have a case? Then why not send us a <a href=\"https:\/\/prozessfinanzierung.eu\/index.php\/unverbindliche-anfrage\/\">non-binding and free enquiry<\/a> Litigation funding<\/p>\n\n\n\n<p>Or you can call us: <strong>069 87 00 18 4-10<\/strong> - or email us at <a href=\"mailto:info@legalfinance.online\">info@legalfinance.online<\/a>.<\/p>\n\n\n\n<p><a href=\"https:\/\/prozessfinanzierung.eu\/en\/\">Homepage<\/a><\/p>","protected":false},"excerpt":{"rendered":"<p>Wir finanzieren Ihre Anwalts- und Gerichtskosten &#8211; und daf\u00fcr erhalten wir einen Anteil am Erfolg des Prozesses. Das ist Prozessfinanzierung: Beispiel: Sie streiten mit einer Versicherung. Die Versicherung zahlt nicht, sondern antwortet nur sp\u00e4rlich und m\u00f6chte Sie mit einem niedrigen Pauschalbetrag abspeisen. W\u00fcrden Sie jetzt allein einen Anwalt einschalten, um gegen die Versicherung vorzugehen, m\u00fcssten [&hellip;]<\/p>","protected":false},"author":1,"featured_media":0,"parent":0,"menu_order":0,"comment_status":"closed","ping_status":"closed","template":"","meta":{"footnotes":""},"yoast_head":"<!-- This site is optimized with the Yoast SEO plugin v20.13 - https:\/\/yoast.com\/wordpress\/plugins\/seo\/ -->\n<title>Was ist Prozessfinanzierung? - Prozessfinanzierung - Finanzierung f\u00fcr Anwaltskosten - Kredit f\u00fcr Gerichtsverfahren - LF Legal Finance SE<\/title>\n<meta name=\"robots\" content=\"index, follow, max-snippet:-1, max-image-preview:large, max-video-preview:-1\" \/>\n<link rel=\"canonical\" href=\"https:\/\/prozessfinanzierung.eu\/en\/was-ist-prozessfinanzierung\/\" \/>\n<meta property=\"og:locale\" content=\"en_GB\" \/>\n<meta property=\"og:type\" content=\"article\" \/>\n<meta property=\"og:title\" content=\"Was ist Prozessfinanzierung? - Prozessfinanzierung - Finanzierung f\u00fcr Anwaltskosten - Kredit f\u00fcr Gerichtsverfahren - LF Legal Finance SE\" \/>\n<meta property=\"og:description\" content=\"Wir finanzieren Ihre Anwalts- und Gerichtskosten &#8211; und daf\u00fcr erhalten wir einen Anteil am Erfolg des Prozesses. Das ist Prozessfinanzierung: Beispiel: Sie streiten mit einer Versicherung. Die Versicherung zahlt nicht, sondern antwortet nur sp\u00e4rlich und m\u00f6chte Sie mit einem niedrigen Pauschalbetrag abspeisen. W\u00fcrden Sie jetzt allein einen Anwalt einschalten, um gegen die Versicherung vorzugehen, m\u00fcssten [&hellip;]\" \/>\n<meta property=\"og:url\" content=\"https:\/\/prozessfinanzierung.eu\/en\/was-ist-prozessfinanzierung\/\" \/>\n<meta property=\"og:site_name\" content=\"Prozessfinanzierung - Finanzierung f\u00fcr Anwaltskosten - Kredit f\u00fcr Gerichtsverfahren - LF Legal Finance SE\" \/>\n<meta property=\"article:modified_time\" content=\"2023-08-22T13:24:04+00:00\" \/>\n<meta name=\"twitter:card\" content=\"summary_large_image\" \/>\n<meta name=\"twitter:label1\" content=\"Estimated reading time\" \/>\n\t<meta name=\"twitter:data1\" content=\"1 minute\" \/>\n<script type=\"application\/ld+json\" class=\"yoast-schema-graph\">{\"@context\":\"https:\/\/schema.org\",\"@graph\":[{\"@type\":\"WebPage\",\"@id\":\"https:\/\/prozessfinanzierung.eu\/was-ist-prozessfinanzierung\/\",\"url\":\"https:\/\/prozessfinanzierung.eu\/was-ist-prozessfinanzierung\/\",\"name\":\"Was ist Prozessfinanzierung? - Prozessfinanzierung - Finanzierung f\u00fcr Anwaltskosten - Kredit f\u00fcr Gerichtsverfahren - LF Legal Finance SE\",\"isPartOf\":{\"@id\":\"https:\/\/prozessfinanzierung.eu\/#website\"},\"datePublished\":\"2023-08-22T13:00:36+00:00\",\"dateModified\":\"2023-08-22T13:24:04+00:00\",\"breadcrumb\":{\"@id\":\"https:\/\/prozessfinanzierung.eu\/was-ist-prozessfinanzierung\/#breadcrumb\"},\"inLanguage\":\"en-GB\",\"potentialAction\":[{\"@type\":\"ReadAction\",\"target\":[\"https:\/\/prozessfinanzierung.eu\/was-ist-prozessfinanzierung\/\"]}]},{\"@type\":\"BreadcrumbList\",\"@id\":\"https:\/\/prozessfinanzierung.eu\/was-ist-prozessfinanzierung\/#breadcrumb\",\"itemListElement\":[{\"@type\":\"ListItem\",\"position\":1,\"name\":\"Startseite\",\"item\":\"https:\/\/prozessfinanzierung.eu\/\"},{\"@type\":\"ListItem\",\"position\":2,\"name\":\"Was ist Prozessfinanzierung?\"}]},{\"@type\":\"WebSite\",\"@id\":\"https:\/\/prozessfinanzierung.eu\/#website\",\"url\":\"https:\/\/prozessfinanzierung.eu\/\",\"name\":\"Prozessfinanzierung - Finanzierung f\u00fcr Anwaltskosten - Kredit f\u00fcr Gerichtsverfahren - LF Legal Finance SE\",\"description\":\"Finanzierung von Gerichtsprozessen gegen Erfolgsbeteiligung - LF Legal Finance SE\",\"publisher\":{\"@id\":\"https:\/\/prozessfinanzierung.eu\/#organization\"},\"potentialAction\":[{\"@type\":\"SearchAction\",\"target\":{\"@type\":\"EntryPoint\",\"urlTemplate\":\"https:\/\/prozessfinanzierung.eu\/?s={search_term_string}\"},\"query-input\":\"required name=search_term_string\"}],\"inLanguage\":\"en-GB\"},{\"@type\":\"Organization\",\"@id\":\"https:\/\/prozessfinanzierung.eu\/#organization\",\"name\":\"LF Legal Finance SE\",\"url\":\"https:\/\/prozessfinanzierung.eu\/\",\"logo\":{\"@type\":\"ImageObject\",\"inLanguage\":\"en-GB\",\"@id\":\"https:\/\/prozessfinanzierung.eu\/#\/schema\/logo\/image\/\",\"url\":\"http:\/\/prozessfinanzierung.eu\/wp-content\/uploads\/2023\/08\/legal-finance-international.jpg\",\"contentUrl\":\"http:\/\/prozessfinanzierung.eu\/wp-content\/uploads\/2023\/08\/legal-finance-international.jpg\",\"width\":842,\"height\":131,\"caption\":\"LF Legal Finance SE\"},\"image\":{\"@id\":\"https:\/\/prozessfinanzierung.eu\/#\/schema\/logo\/image\/\"}}]}<\/script>\n<!-- \/ Yoast SEO plugin. -->","yoast_head_json":{"title":"Was ist Prozessfinanzierung? - Prozessfinanzierung - Finanzierung f\u00fcr Anwaltskosten - Kredit f\u00fcr Gerichtsverfahren - LF Legal Finance SE","robots":{"index":"index","follow":"follow","max-snippet":"max-snippet:-1","max-image-preview":"max-image-preview:large","max-video-preview":"max-video-preview:-1"},"canonical":"https:\/\/prozessfinanzierung.eu\/en\/was-ist-prozessfinanzierung\/","og_locale":"en_GB","og_type":"article","og_title":"Was ist Prozessfinanzierung? - Prozessfinanzierung - Finanzierung f\u00fcr Anwaltskosten - Kredit f\u00fcr Gerichtsverfahren - LF Legal Finance SE","og_description":"Wir finanzieren Ihre Anwalts- und Gerichtskosten &#8211; und daf\u00fcr erhalten wir einen Anteil am Erfolg des Prozesses. Das ist Prozessfinanzierung: Beispiel: Sie streiten mit einer Versicherung. Die Versicherung zahlt nicht, sondern antwortet nur sp\u00e4rlich und m\u00f6chte Sie mit einem niedrigen Pauschalbetrag abspeisen. W\u00fcrden Sie jetzt allein einen Anwalt einschalten, um gegen die Versicherung vorzugehen, m\u00fcssten [&hellip;]","og_url":"https:\/\/prozessfinanzierung.eu\/en\/was-ist-prozessfinanzierung\/","og_site_name":"Prozessfinanzierung - Finanzierung f\u00fcr Anwaltskosten - Kredit f\u00fcr Gerichtsverfahren - LF Legal Finance SE","article_modified_time":"2023-08-22T13:24:04+00:00","twitter_card":"summary_large_image","twitter_misc":{"Estimated reading time":"1 minute"},"schema":{"@context":"https:\/\/schema.org","@graph":[{"@type":"WebPage","@id":"https:\/\/prozessfinanzierung.eu\/was-ist-prozessfinanzierung\/","url":"https:\/\/prozessfinanzierung.eu\/was-ist-prozessfinanzierung\/","name":"Was ist Prozessfinanzierung? - Prozessfinanzierung - Finanzierung f\u00fcr Anwaltskosten - Kredit f\u00fcr Gerichtsverfahren - LF Legal Finance SE","isPartOf":{"@id":"https:\/\/prozessfinanzierung.eu\/#website"},"datePublished":"2023-08-22T13:00:36+00:00","dateModified":"2023-08-22T13:24:04+00:00","breadcrumb":{"@id":"https:\/\/prozessfinanzierung.eu\/was-ist-prozessfinanzierung\/#breadcrumb"},"inLanguage":"en-GB","potentialAction":[{"@type":"ReadAction","target":["https:\/\/prozessfinanzierung.eu\/was-ist-prozessfinanzierung\/"]}]},{"@type":"BreadcrumbList","@id":"https:\/\/prozessfinanzierung.eu\/was-ist-prozessfinanzierung\/#breadcrumb","itemListElement":[{"@type":"ListItem","position":1,"name":"Startseite","item":"https:\/\/prozessfinanzierung.eu\/"},{"@type":"ListItem","position":2,"name":"Was ist Prozessfinanzierung?"}]},{"@type":"WebSite","@id":"https:\/\/prozessfinanzierung.eu\/#website","url":"https:\/\/prozessfinanzierung.eu\/","name":"Prozessfinanzierung - Finanzierung f\u00fcr Anwaltskosten - Kredit f\u00fcr Gerichtsverfahren - LF Legal Finance SE","description":"Finanzierung von Gerichtsprozessen gegen Erfolgsbeteiligung - LF Legal Finance SE","publisher":{"@id":"https:\/\/prozessfinanzierung.eu\/#organization"},"potentialAction":[{"@type":"SearchAction","target":{"@type":"EntryPoint","urlTemplate":"https:\/\/prozessfinanzierung.eu\/?s={search_term_string}"},"query-input":"required name=search_term_string"}],"inLanguage":"en-GB"},{"@type":"Organization","@id":"https:\/\/prozessfinanzierung.eu\/#organization","name":"LF Legal Finance SE","url":"https:\/\/prozessfinanzierung.eu\/","logo":{"@type":"ImageObject","inLanguage":"en-GB","@id":"https:\/\/prozessfinanzierung.eu\/#\/schema\/logo\/image\/","url":"http:\/\/prozessfinanzierung.eu\/wp-content\/uploads\/2023\/08\/legal-finance-international.jpg","contentUrl":"http:\/\/prozessfinanzierung.eu\/wp-content\/uploads\/2023\/08\/legal-finance-international.jpg","width":842,"height":131,"caption":"LF Legal Finance SE"},"image":{"@id":"https:\/\/prozessfinanzierung.eu\/#\/schema\/logo\/image\/"}}]}},"_links":{"self":[{"href":"https:\/\/prozessfinanzierung.eu\/en\/wp-json\/wp\/v2\/pages\/168"}],"collection":[{"href":"https:\/\/prozessfinanzierung.eu\/en\/wp-json\/wp\/v2\/pages"}],"about":[{"href":"https:\/\/prozessfinanzierung.eu\/en\/wp-json\/wp\/v2\/types\/page"}],"author":[{"embeddable":true,"href":"https:\/\/prozessfinanzierung.eu\/en\/wp-json\/wp\/v2\/users\/1"}],"replies":[{"embeddable":true,"href":"https:\/\/prozessfinanzierung.eu\/en\/wp-json\/wp\/v2\/comments?post=168"}],"version-history":[{"count":5,"href":"https:\/\/prozessfinanzierung.eu\/en\/wp-json\/wp\/v2\/pages\/168\/revisions"}],"predecessor-version":[{"id":190,"href":"https:\/\/prozessfinanzierung.eu\/en\/wp-json\/wp\/v2\/pages\/168\/revisions\/190"}],"wp:attachment":[{"href":"https:\/\/prozessfinanzierung.eu\/en\/wp-json\/wp\/v2\/media?parent=168"}],"curies":[{"name":"wp","href":"https:\/\/api.w.org\/{rel}","templated":true}]}}