{"id":210,"date":"2023-08-24T09:06:29","date_gmt":"2023-08-24T07:06:29","guid":{"rendered":"https:\/\/prozessfinanzierung.eu\/?page_id=210"},"modified":"2023-08-24T09:09:47","modified_gmt":"2023-08-24T07:09:47","slug":"prozessfinanzierung-fuer-anwaelte","status":"publish","type":"page","link":"https:\/\/prozessfinanzierung.eu\/en\/prozessfinanzierung-fuer-anwaelte\/","title":{"rendered":"Litigation funding - For lawyers"},"content":{"rendered":"<p>Do you have a case that is suitable for litigation funding? Feel free to enquire using the form below and we will get back to you as soon as possible:<\/p>\n\n\n<div class=\"wpforms-container wpforms-container-full wpforms-render-modern\" id=\"wpforms-211\"><form id=\"wpforms-form-211\" class=\"wpforms-validate wpforms-form wpforms-ajax-form\" data-formid=\"211\" method=\"post\" enctype=\"multipart\/form-data\" action=\"\/en\/wp-json\/wp\/v2\/pages\/210\" data-token=\"5651445d2be40a85c0ec8d338950704a\" data-trp-original-action=\"\/en\/wp-json\/wp\/v2\/pages\/210\"><noscript class=\"wpforms-error-noscript\">Please enable JavaScript in your browser to complete this form.<\/noscript><div class=\"wpforms-hidden\" id=\"wpforms-error-noscript\">Please enable JavaScript in your browser to complete this form.<\/div><div class=\"wpforms-field-container\"><div id=\"wpforms-211-field_3-container\" class=\"wpforms-field wpforms-field-text\" data-field-id=\"3\"><label class=\"wpforms-field-label\" for=\"wpforms-211-field_3\">Law firm <span class=\"wpforms-required-label\" aria-hidden=\"true\">*<\/span><\/label><input type=\"text\" id=\"wpforms-211-field_3\" class=\"wpforms-field-medium wpforms-field-required\" name=\"wpforms[fields][3]\" aria-errormessage=\"wpforms-211-field_3-error\" required><\/div><div id=\"wpforms-211-field_0-container\" class=\"wpforms-field wpforms-field-name\" data-field-id=\"0\"><fieldset><legend class=\"wpforms-field-label\">Your name <span class=\"wpforms-required-label\" aria-hidden=\"true\">*<\/span><\/legend><div class=\"wpforms-field-row wpforms-field-medium\"><div class=\"wpforms-field-row-block wpforms-first wpforms-one-half\"><input type=\"text\" id=\"wpforms-211-field_0\" class=\"wpforms-field-name-first wpforms-field-required\" name=\"wpforms[fields][0][first]\" aria-errormessage=\"wpforms-211-field_0-error\" required><label for=\"wpforms-211-field_0\" class=\"wpforms-field-sublabel after\">First<\/label><\/div><div class=\"wpforms-field-row-block wpforms-one-half\"><input type=\"text\" id=\"wpforms-211-field_0-last\" class=\"wpforms-field-name-last wpforms-field-required\" name=\"wpforms[fields][0][last]\" aria-errormessage=\"wpforms-211-field_0-last-error\" required><label for=\"wpforms-211-field_0-last\" class=\"wpforms-field-sublabel after\">Last<\/label><\/div><\/div><\/fieldset><\/div><div id=\"wpforms-211-field_1-container\" class=\"wpforms-field wpforms-field-email\" data-field-id=\"1\"><label class=\"wpforms-field-label\" for=\"wpforms-211-field_1\">E-mail <span class=\"wpforms-required-label\" aria-hidden=\"true\">*<\/span><\/label><input type=\"email\" id=\"wpforms-211-field_1\" class=\"wpforms-field-medium wpforms-field-required\" name=\"wpforms[fields][1]\" spellcheck=\"false\" aria-errormessage=\"wpforms-211-field_1-error\" required><\/div><div id=\"wpforms-211-field_10-container\" class=\"wpforms-field wpforms-field-text\" data-field-id=\"10\"><label class=\"wpforms-field-label\" for=\"wpforms-211-field_10\">Phone <span class=\"wpforms-required-label\" aria-hidden=\"true\">*<\/span><\/label><input type=\"text\" id=\"wpforms-211-field_10\" class=\"wpforms-field-medium wpforms-field-required\" name=\"wpforms[fields][10]\" aria-errormessage=\"wpforms-211-field_10-error\" required><\/div><div id=\"wpforms-211-field_9-container\" class=\"wpforms-field wpforms-field-radio\" data-field-id=\"9\"><fieldset><legend class=\"wpforms-field-label\">Mandant: <span class=\"wpforms-required-label\" aria-hidden=\"true\">*<\/span><\/legend><ul id=\"wpforms-211-field_9\" class=\"wpforms-field-required\"><li class=\"choice-1 depth-1\"><input type=\"radio\" id=\"wpforms-211-field_9_1\" name=\"wpforms[fields][9]\" value=\"Privatperson\" aria-errormessage=\"wpforms-211-field_9_1-error\" required><label class=\"wpforms-field-label-inline\" for=\"wpforms-211-field_9_1\">Privatperson<\/label><\/li><li class=\"choice-2 depth-1\"><input type=\"radio\" id=\"wpforms-211-field_9_2\" name=\"wpforms[fields][9]\" value=\"Unternehmen\" aria-errormessage=\"wpforms-211-field_9_2-error\" required><label class=\"wpforms-field-label-inline\" for=\"wpforms-211-field_9_2\">Unternehmen<\/label><\/li><\/ul><\/fieldset><\/div><div id=\"wpforms-211-field_11-container\" class=\"wpforms-field wpforms-field-radio\" data-field-id=\"11\"><fieldset><legend class=\"wpforms-field-label\">Gegner: <span class=\"wpforms-required-label\" aria-hidden=\"true\">*<\/span><\/legend><ul id=\"wpforms-211-field_11\" class=\"wpforms-field-required\"><li class=\"choice-1 depth-1\"><input type=\"radio\" id=\"wpforms-211-field_11_1\" name=\"wpforms[fields][11]\" value=\"Privatperson\" aria-errormessage=\"wpforms-211-field_11_1-error\" required><label class=\"wpforms-field-label-inline\" for=\"wpforms-211-field_11_1\">Privatperson<\/label><\/li><li class=\"choice-2 depth-1\"><input type=\"radio\" id=\"wpforms-211-field_11_2\" name=\"wpforms[fields][11]\" value=\"Unternehmen\" aria-errormessage=\"wpforms-211-field_11_2-error\" required><label class=\"wpforms-field-label-inline\" for=\"wpforms-211-field_11_2\">Unternehmen<\/label><\/li><\/ul><\/fieldset><\/div><div id=\"wpforms-211-field_12-container\" class=\"wpforms-field wpforms-field-radio\" data-field-id=\"12\"><fieldset><legend class=\"wpforms-field-label\">Ist der Anspruch beim Gegner versichert?<\/legend><ul id=\"wpforms-211-field_12\"><li class=\"choice-1 depth-1\"><input type=\"radio\" id=\"wpforms-211-field_12_1\" name=\"wpforms[fields][12]\" value=\"Ja\" aria-errormessage=\"wpforms-211-field_12_1-error\"  ><label class=\"wpforms-field-label-inline\" for=\"wpforms-211-field_12_1\">Yes<\/label><\/li><li class=\"choice-2 depth-1\"><input type=\"radio\" id=\"wpforms-211-field_12_2\" name=\"wpforms[fields][12]\" value=\"Nein\" aria-errormessage=\"wpforms-211-field_12_2-error\"  ><label class=\"wpforms-field-label-inline\" for=\"wpforms-211-field_12_2\">No<\/label><\/li><li class=\"choice-3 depth-1\"><input type=\"radio\" id=\"wpforms-211-field_12_3\" name=\"wpforms[fields][12]\" value=\"Unbekannt\" aria-errormessage=\"wpforms-211-field_12_3-error\"  ><label class=\"wpforms-field-label-inline\" for=\"wpforms-211-field_12_3\">Unbekannt<\/label><\/li><\/ul><\/fieldset><\/div><div id=\"wpforms-211-field_4-container\" class=\"wpforms-field wpforms-field-text\" data-field-id=\"4\"><label class=\"wpforms-field-label\" for=\"wpforms-211-field_4\">Streitwert in EUR (wenn unbekannt, bitte sch\u00e4tzen) <span class=\"wpforms-required-label\" aria-hidden=\"true\">*<\/span><\/label><input type=\"text\" id=\"wpforms-211-field_4\" class=\"wpforms-field-medium wpforms-field-required\" name=\"wpforms[fields][4]\" aria-errormessage=\"wpforms-211-field_4-error\" required><\/div><div id=\"wpforms-211-field_5-container\" class=\"wpforms-field wpforms-field-text\" data-field-id=\"5\"><label class=\"wpforms-field-label\" for=\"wpforms-211-field_5\">Rechtsgebiet <span class=\"wpforms-required-label\" aria-hidden=\"true\">*<\/span><\/label><input type=\"text\" id=\"wpforms-211-field_5\" class=\"wpforms-field-medium wpforms-field-required\" name=\"wpforms[fields][5]\" aria-errormessage=\"wpforms-211-field_5-error\" required><\/div><div id=\"wpforms-211-field_8-container\" class=\"wpforms-field wpforms-field-checkbox\" data-field-id=\"8\"><fieldset><legend class=\"wpforms-field-label\">Status<\/legend><ul id=\"wpforms-211-field_8\"><li class=\"choice-5 depth-1\"><input type=\"checkbox\" id=\"wpforms-211-field_8_5\" name=\"wpforms[fields][8][]\" value=\"Erfolgsaussichten gepr\u00fcft\" aria-errormessage=\"wpforms-211-field_8_5-error\"  ><label class=\"wpforms-field-label-inline\" for=\"wpforms-211-field_8_5\">Erfolgsaussichten gepr\u00fcft<\/label><\/li><li class=\"choice-1 depth-1\"><input type=\"checkbox\" id=\"wpforms-211-field_8_1\" name=\"wpforms[fields][8][]\" value=\"Au\u00dfergerichtliches Anschreiben\" aria-errormessage=\"wpforms-211-field_8_1-error\"  ><label class=\"wpforms-field-label-inline\" for=\"wpforms-211-field_8_1\">Au\u00dfergerichtliches Anschreiben<\/label><\/li><li class=\"choice-2 depth-1\"><input type=\"checkbox\" id=\"wpforms-211-field_8_2\" name=\"wpforms[fields][8][]\" value=\"Vergleichsverhandlungen\" aria-errormessage=\"wpforms-211-field_8_2-error\"  ><label class=\"wpforms-field-label-inline\" for=\"wpforms-211-field_8_2\">Vergleichsverhandlungen<\/label><\/li><li class=\"choice-6 depth-1\"><input type=\"checkbox\" id=\"wpforms-211-field_8_6\" name=\"wpforms[fields][8][]\" value=\"Vergleich geschlossen\" aria-errormessage=\"wpforms-211-field_8_6-error\"  ><label class=\"wpforms-field-label-inline\" for=\"wpforms-211-field_8_6\">Vergleich geschlossen<\/label><\/li><li class=\"choice-3 depth-1\"><input type=\"checkbox\" id=\"wpforms-211-field_8_3\" name=\"wpforms[fields][8][]\" value=\"Klage erhoben\" aria-errormessage=\"wpforms-211-field_8_3-error\"  ><label class=\"wpforms-field-label-inline\" for=\"wpforms-211-field_8_3\">Klage erhoben<\/label><\/li><li class=\"choice-4 depth-1\"><input type=\"checkbox\" id=\"wpforms-211-field_8_4\" name=\"wpforms[fields][8][]\" value=\"Urteil 1. Instanz\" aria-errormessage=\"wpforms-211-field_8_4-error\"  ><label class=\"wpforms-field-label-inline\" for=\"wpforms-211-field_8_4\">Urteil 1. Instanz<\/label><\/li><li class=\"choice-7 depth-1\"><input type=\"checkbox\" id=\"wpforms-211-field_8_7\" name=\"wpforms[fields][8][]\" value=\"Berufung\" aria-errormessage=\"wpforms-211-field_8_7-error\"  ><label class=\"wpforms-field-label-inline\" for=\"wpforms-211-field_8_7\">Berufung<\/label><\/li><li class=\"choice-11 depth-1\"><input type=\"checkbox\" id=\"wpforms-211-field_8_11\" name=\"wpforms[fields][8][]\" value=\"Urteil Berufung\" aria-errormessage=\"wpforms-211-field_8_11-error\"  ><label class=\"wpforms-field-label-inline\" for=\"wpforms-211-field_8_11\">Urteil Berufung<\/label><\/li><li class=\"choice-8 depth-1\"><input type=\"checkbox\" id=\"wpforms-211-field_8_8\" name=\"wpforms[fields][8][]\" value=\"Revision\" aria-errormessage=\"wpforms-211-field_8_8-error\"  ><label class=\"wpforms-field-label-inline\" for=\"wpforms-211-field_8_8\">Revision<\/label><\/li><li class=\"choice-12 depth-1\"><input type=\"checkbox\" id=\"wpforms-211-field_8_12\" name=\"wpforms[fields][8][]\" value=\"Urteil Revision\" aria-errormessage=\"wpforms-211-field_8_12-error\"  ><label class=\"wpforms-field-label-inline\" for=\"wpforms-211-field_8_12\">Urteil Revision<\/label><\/li><li class=\"choice-9 depth-1\"><input type=\"checkbox\" id=\"wpforms-211-field_8_9\" name=\"wpforms[fields][8][]\" value=\"Vollstreckung\" aria-errormessage=\"wpforms-211-field_8_9-error\"  ><label class=\"wpforms-field-label-inline\" for=\"wpforms-211-field_8_9\">Vollstreckung<\/label><\/li><li class=\"choice-10 depth-1\"><input type=\"checkbox\" id=\"wpforms-211-field_8_10\" name=\"wpforms[fields][8][]\" value=\"Insolvenzverfahren\" aria-errormessage=\"wpforms-211-field_8_10-error\"  ><label class=\"wpforms-field-label-inline\" for=\"wpforms-211-field_8_10\">Insolvenzverfahren<\/label><\/li><\/ul><\/fieldset><\/div><div id=\"wpforms-211-field_2-container\" class=\"wpforms-field wpforms-field-textarea\" data-field-id=\"2\"><label class=\"wpforms-field-label\" for=\"wpforms-211-field_2\">Please describe the case:<\/label><textarea id=\"wpforms-211-field_2\" class=\"wpforms-field-medium\" name=\"wpforms[fields][2]\" aria-errormessage=\"wpforms-211-field_2-error\" ><\/textarea><\/div><\/div><!-- .wpforms-field-container --><div class=\"wpforms-submit-container\" ><input type=\"hidden\" name=\"wpforms[id]\" value=\"211\"><input type=\"hidden\" name=\"wpforms[author]\" value=\"1\"><button type=\"submit\" name=\"wpforms[submit]\" id=\"wpforms-submit-211\" class=\"wpforms-submit\" data-alt-text=\"Senden\u2026\" data-submit-text=\"Absenden\" aria-live=\"assertive\" value=\"wpforms-submit\">Send<\/button><img src=\"https:\/\/prozessfinanzierung.eu\/wp-content\/plugins\/wpforms-lite\/assets\/images\/submit-spin.svg\" class=\"wpforms-submit-spinner\" style=\"display: none;\" width=\"26\" height=\"26\" alt=\"Loading\"><\/div><input type=\"hidden\" name=\"trp-form-language\" value=\"en\"\/><\/form><\/div>  <!-- .wpforms-container -->\n\n\n\n<p>Your data will be transmitted in encrypted form and treated with absolute confidentiality. We will not pass on your data under any circumstances and will only use it to process your enquiry.<\/p>","protected":false},"excerpt":{"rendered":"<p>Sie haben einen Fall, der sich f\u00fcr eine Prozessfinanzierung eignet? Fragen Sie gern mit dem folgenden Formular an, und wir melden uns umgehend bei Ihnen: Ihre Daten werden verschl\u00fcsselt \u00fcbertragen und absolut vertraulich behandelt. Wir werden Ihre Daten keinesfalls weitergeben und ausschlie\u00dflich zur Bearbeitung Ihrer Anfrage verwenden.<\/p>","protected":false},"author":1,"featured_media":0,"parent":0,"menu_order":0,"comment_status":"closed","ping_status":"closed","template":"","meta":{"footnotes":""},"yoast_head":"<!-- This site is optimized with the Yoast SEO plugin v20.13 - https:\/\/yoast.com\/wordpress\/plugins\/seo\/ -->\n<title>Prozessfinanzierung - F\u00fcr Anw\u00e4lte - Prozessfinanzierung - Finanzierung f\u00fcr Anwaltskosten - Kredit f\u00fcr Gerichtsverfahren - LF Legal Finance SE<\/title>\n<meta name=\"robots\" content=\"index, follow, max-snippet:-1, max-image-preview:large, max-video-preview:-1\" \/>\n<link rel=\"canonical\" href=\"https:\/\/prozessfinanzierung.eu\/en\/prozessfinanzierung-fuer-anwaelte\/\" \/>\n<meta property=\"og:locale\" content=\"en_GB\" \/>\n<meta property=\"og:type\" content=\"article\" \/>\n<meta property=\"og:title\" content=\"Prozessfinanzierung - F\u00fcr Anw\u00e4lte - Prozessfinanzierung - Finanzierung f\u00fcr Anwaltskosten - Kredit f\u00fcr Gerichtsverfahren - LF Legal Finance SE\" \/>\n<meta property=\"og:description\" content=\"Sie haben einen Fall, der sich f\u00fcr eine Prozessfinanzierung eignet? Fragen Sie gern mit dem folgenden Formular an, und wir melden uns umgehend bei Ihnen: Ihre Daten werden verschl\u00fcsselt \u00fcbertragen und absolut vertraulich behandelt. Wir werden Ihre Daten keinesfalls weitergeben und ausschlie\u00dflich zur Bearbeitung Ihrer Anfrage verwenden.\" \/>\n<meta property=\"og:url\" content=\"https:\/\/prozessfinanzierung.eu\/en\/prozessfinanzierung-fuer-anwaelte\/\" \/>\n<meta property=\"og:site_name\" content=\"Prozessfinanzierung - Finanzierung f\u00fcr Anwaltskosten - Kredit f\u00fcr Gerichtsverfahren - LF Legal Finance SE\" \/>\n<meta property=\"article:modified_time\" content=\"2023-08-24T07:09:47+00:00\" \/>\n<meta name=\"twitter:card\" content=\"summary_large_image\" \/>\n<meta name=\"twitter:label1\" content=\"Estimated reading time\" \/>\n\t<meta name=\"twitter:data1\" content=\"1 minute\" \/>\n<script type=\"application\/ld+json\" class=\"yoast-schema-graph\">{\"@context\":\"https:\/\/schema.org\",\"@graph\":[{\"@type\":\"WebPage\",\"@id\":\"https:\/\/prozessfinanzierung.eu\/prozessfinanzierung-fuer-anwaelte\/\",\"url\":\"https:\/\/prozessfinanzierung.eu\/prozessfinanzierung-fuer-anwaelte\/\",\"name\":\"Prozessfinanzierung - F\u00fcr Anw\u00e4lte - Prozessfinanzierung - Finanzierung f\u00fcr Anwaltskosten - Kredit f\u00fcr Gerichtsverfahren - LF Legal Finance SE\",\"isPartOf\":{\"@id\":\"https:\/\/prozessfinanzierung.eu\/#website\"},\"datePublished\":\"2023-08-24T07:06:29+00:00\",\"dateModified\":\"2023-08-24T07:09:47+00:00\",\"breadcrumb\":{\"@id\":\"https:\/\/prozessfinanzierung.eu\/prozessfinanzierung-fuer-anwaelte\/#breadcrumb\"},\"inLanguage\":\"en-GB\",\"potentialAction\":[{\"@type\":\"ReadAction\",\"target\":[\"https:\/\/prozessfinanzierung.eu\/prozessfinanzierung-fuer-anwaelte\/\"]}]},{\"@type\":\"BreadcrumbList\",\"@id\":\"https:\/\/prozessfinanzierung.eu\/prozessfinanzierung-fuer-anwaelte\/#breadcrumb\",\"itemListElement\":[{\"@type\":\"ListItem\",\"position\":1,\"name\":\"Startseite\",\"item\":\"https:\/\/prozessfinanzierung.eu\/\"},{\"@type\":\"ListItem\",\"position\":2,\"name\":\"Prozessfinanzierung &#8211; F\u00fcr Anw\u00e4lte\"}]},{\"@type\":\"WebSite\",\"@id\":\"https:\/\/prozessfinanzierung.eu\/#website\",\"url\":\"https:\/\/prozessfinanzierung.eu\/\",\"name\":\"Prozessfinanzierung - Finanzierung f\u00fcr Anwaltskosten - Kredit f\u00fcr Gerichtsverfahren - LF Legal Finance SE\",\"description\":\"Finanzierung von Gerichtsprozessen gegen Erfolgsbeteiligung - LF Legal Finance SE\",\"publisher\":{\"@id\":\"https:\/\/prozessfinanzierung.eu\/#organization\"},\"potentialAction\":[{\"@type\":\"SearchAction\",\"target\":{\"@type\":\"EntryPoint\",\"urlTemplate\":\"https:\/\/prozessfinanzierung.eu\/?s={search_term_string}\"},\"query-input\":\"required name=search_term_string\"}],\"inLanguage\":\"en-GB\"},{\"@type\":\"Organization\",\"@id\":\"https:\/\/prozessfinanzierung.eu\/#organization\",\"name\":\"LF Legal Finance SE\",\"url\":\"https:\/\/prozessfinanzierung.eu\/\",\"logo\":{\"@type\":\"ImageObject\",\"inLanguage\":\"en-GB\",\"@id\":\"https:\/\/prozessfinanzierung.eu\/#\/schema\/logo\/image\/\",\"url\":\"http:\/\/prozessfinanzierung.eu\/wp-content\/uploads\/2023\/08\/legal-finance-international.jpg\",\"contentUrl\":\"http:\/\/prozessfinanzierung.eu\/wp-content\/uploads\/2023\/08\/legal-finance-international.jpg\",\"width\":842,\"height\":131,\"caption\":\"LF Legal Finance SE\"},\"image\":{\"@id\":\"https:\/\/prozessfinanzierung.eu\/#\/schema\/logo\/image\/\"}}]}<\/script>\n<!-- \/ Yoast SEO plugin. -->","yoast_head_json":{"title":"Prozessfinanzierung - F\u00fcr Anw\u00e4lte - Prozessfinanzierung - Finanzierung f\u00fcr Anwaltskosten - Kredit f\u00fcr Gerichtsverfahren - LF Legal Finance SE","robots":{"index":"index","follow":"follow","max-snippet":"max-snippet:-1","max-image-preview":"max-image-preview:large","max-video-preview":"max-video-preview:-1"},"canonical":"https:\/\/prozessfinanzierung.eu\/en\/prozessfinanzierung-fuer-anwaelte\/","og_locale":"en_GB","og_type":"article","og_title":"Prozessfinanzierung - F\u00fcr Anw\u00e4lte - Prozessfinanzierung - Finanzierung f\u00fcr Anwaltskosten - Kredit f\u00fcr Gerichtsverfahren - LF Legal Finance SE","og_description":"Sie haben einen Fall, der sich f\u00fcr eine Prozessfinanzierung eignet? Fragen Sie gern mit dem folgenden Formular an, und wir melden uns umgehend bei Ihnen: Ihre Daten werden verschl\u00fcsselt \u00fcbertragen und absolut vertraulich behandelt. Wir werden Ihre Daten keinesfalls weitergeben und ausschlie\u00dflich zur Bearbeitung Ihrer Anfrage verwenden.","og_url":"https:\/\/prozessfinanzierung.eu\/en\/prozessfinanzierung-fuer-anwaelte\/","og_site_name":"Prozessfinanzierung - Finanzierung f\u00fcr Anwaltskosten - Kredit f\u00fcr Gerichtsverfahren - LF Legal Finance SE","article_modified_time":"2023-08-24T07:09:47+00:00","twitter_card":"summary_large_image","twitter_misc":{"Estimated reading time":"1 minute"},"schema":{"@context":"https:\/\/schema.org","@graph":[{"@type":"WebPage","@id":"https:\/\/prozessfinanzierung.eu\/prozessfinanzierung-fuer-anwaelte\/","url":"https:\/\/prozessfinanzierung.eu\/prozessfinanzierung-fuer-anwaelte\/","name":"Prozessfinanzierung - F\u00fcr Anw\u00e4lte - Prozessfinanzierung - Finanzierung f\u00fcr Anwaltskosten - Kredit f\u00fcr Gerichtsverfahren - LF Legal Finance SE","isPartOf":{"@id":"https:\/\/prozessfinanzierung.eu\/#website"},"datePublished":"2023-08-24T07:06:29+00:00","dateModified":"2023-08-24T07:09:47+00:00","breadcrumb":{"@id":"https:\/\/prozessfinanzierung.eu\/prozessfinanzierung-fuer-anwaelte\/#breadcrumb"},"inLanguage":"en-GB","potentialAction":[{"@type":"ReadAction","target":["https:\/\/prozessfinanzierung.eu\/prozessfinanzierung-fuer-anwaelte\/"]}]},{"@type":"BreadcrumbList","@id":"https:\/\/prozessfinanzierung.eu\/prozessfinanzierung-fuer-anwaelte\/#breadcrumb","itemListElement":[{"@type":"ListItem","position":1,"name":"Startseite","item":"https:\/\/prozessfinanzierung.eu\/"},{"@type":"ListItem","position":2,"name":"Prozessfinanzierung &#8211; F\u00fcr Anw\u00e4lte"}]},{"@type":"WebSite","@id":"https:\/\/prozessfinanzierung.eu\/#website","url":"https:\/\/prozessfinanzierung.eu\/","name":"Prozessfinanzierung - Finanzierung f\u00fcr Anwaltskosten - Kredit f\u00fcr Gerichtsverfahren - LF Legal Finance SE","description":"Finanzierung von Gerichtsprozessen gegen Erfolgsbeteiligung - LF Legal Finance SE","publisher":{"@id":"https:\/\/prozessfinanzierung.eu\/#organization"},"potentialAction":[{"@type":"SearchAction","target":{"@type":"EntryPoint","urlTemplate":"https:\/\/prozessfinanzierung.eu\/?s={search_term_string}"},"query-input":"required name=search_term_string"}],"inLanguage":"en-GB"},{"@type":"Organization","@id":"https:\/\/prozessfinanzierung.eu\/#organization","name":"LF Legal Finance SE","url":"https:\/\/prozessfinanzierung.eu\/","logo":{"@type":"ImageObject","inLanguage":"en-GB","@id":"https:\/\/prozessfinanzierung.eu\/#\/schema\/logo\/image\/","url":"http:\/\/prozessfinanzierung.eu\/wp-content\/uploads\/2023\/08\/legal-finance-international.jpg","contentUrl":"http:\/\/prozessfinanzierung.eu\/wp-content\/uploads\/2023\/08\/legal-finance-international.jpg","width":842,"height":131,"caption":"LF Legal Finance SE"},"image":{"@id":"https:\/\/prozessfinanzierung.eu\/#\/schema\/logo\/image\/"}}]}},"_links":{"self":[{"href":"https:\/\/prozessfinanzierung.eu\/en\/wp-json\/wp\/v2\/pages\/210"}],"collection":[{"href":"https:\/\/prozessfinanzierung.eu\/en\/wp-json\/wp\/v2\/pages"}],"about":[{"href":"https:\/\/prozessfinanzierung.eu\/en\/wp-json\/wp\/v2\/types\/page"}],"author":[{"embeddable":true,"href":"https:\/\/prozessfinanzierung.eu\/en\/wp-json\/wp\/v2\/users\/1"}],"replies":[{"embeddable":true,"href":"https:\/\/prozessfinanzierung.eu\/en\/wp-json\/wp\/v2\/comments?post=210"}],"version-history":[{"count":2,"href":"https:\/\/prozessfinanzierung.eu\/en\/wp-json\/wp\/v2\/pages\/210\/revisions"}],"predecessor-version":[{"id":218,"href":"https:\/\/prozessfinanzierung.eu\/en\/wp-json\/wp\/v2\/pages\/210\/revisions\/218"}],"wp:attachment":[{"href":"https:\/\/prozessfinanzierung.eu\/en\/wp-json\/wp\/v2\/media?parent=210"}],"curies":[{"name":"wp","href":"https:\/\/api.w.org\/{rel}","templated":true}]}}