{"id":151,"date":"2023-08-21T13:50:11","date_gmt":"2023-08-21T11:50:11","guid":{"rendered":"https:\/\/prozessfinanzierung.eu\/?page_id=151"},"modified":"2023-08-22T15:08:58","modified_gmt":"2023-08-22T13:08:58","slug":"eignet-sich-mein-fall-fuer-prozessfinanzierung","status":"publish","type":"page","link":"https:\/\/prozessfinanzierung.eu\/fi\/eignet-sich-mein-fall-fuer-prozessfinanzierung\/","title":{"rendered":"Sopiiko tapaukseni riita-asioiden rahoittamiseen?"},"content":{"rendered":"<p>Rahoitamme tapauksia, joissa sin\u00e4 olet korvauksen hakija eli korvausvaatimuksen haltija.<\/p>\n\n\n\n<p>Esimerkkej\u00e4:<\/p>\n\n\n\n<ul>\n<li>Joku on sinulle velkaa rahaa.<\/li>\n\n\n\n<li>Sinulla on saatava, eik\u00e4 velallinen maksa.<\/li>\n\n\n\n<li>Olet tarjonnut palvelua tai myynyt jotain etk\u00e4 ole saanut rahaa.<\/li>\n\n\n\n<li>Perint\u00f6 jaetaan riidassa.<\/li>\n\n\n\n<li>Olet loukkaantunut onnettomuudessa tai rikoksessa ja vaadit vahingonkorvausta tai korvausta kivusta ja s\u00e4ryst\u00e4.<\/li>\n\n\n\n<li>Vakuutus ei maksa vahingon sattuessa.<\/li>\n\n\n\n<li>Liiketoimintasopimuksesta on syntynyt riita.<\/li>\n\n\n\n<li>L\u00e4\u00e4k\u00e4ri tai sairaala on hoitanut sinua v\u00e4\u00e4rin ja sinulle on aiheutunut vahinkoa.<\/li>\n<\/ul>\n\n\n\n<p>Legal Finance ei ole kiinteit\u00e4 rajoja riidan kohteena olevalle m\u00e4\u00e4r\u00e4lle. Arvioimme jokaisen tapauksen erikseen.<\/p>\n\n\n\n<p>Jos sinulla on tapaus ja etsit rahoitusta, l\u00e4het\u00e4 meille s\u00e4hk\u00f6postia. <a href=\"https:\/\/prozessfinanzierung.eu\/index.php\/unverbindliche-anfrage\/\">ei-sitova ja ilmainen tiedustelu<\/a>ja palaamme asiaan.<\/p>\n\n\n\n<p>Tai voit soittaa meille: <strong>069 87 00 18 4-10<\/strong> - tai l\u00e4het\u00e4 meille s\u00e4hk\u00f6postia osoitteeseen <a href=\"mailto:info@legalfinance.online\">info@legalfinance.online<\/a>.<\/p>\n\n\n\n<p><a href=\"https:\/\/prozessfinanzierung.eu\/fi\/\">Kotisivu<\/a><\/p>","protected":false},"excerpt":{"rendered":"<p>Wir finanzieren F\u00e4lle, in denen Sie der Kl\u00e4ger, also der Anspruchsinhaber sind. Beispiele: Legal Finance hat keine festen Grenzen beim Streitwert. Wir beurteilen jeden Fall individuell. Wenn Sie einen Fall haben und einen Finanzierung suchen, senden Sie uns gern eine unverbindliche und kostenlose Anfrage, und wir melden uns bei Ihnen. Oder Sie rufen uns an: [&hellip;]<\/p>","protected":false},"author":1,"featured_media":0,"parent":0,"menu_order":0,"comment_status":"closed","ping_status":"closed","template":"","meta":{"footnotes":""},"yoast_head":"<!-- This site is optimized with the Yoast SEO plugin v20.13 - https:\/\/yoast.com\/wordpress\/plugins\/seo\/ -->\n<title>Eignet sich mein Fall f\u00fcr Prozessfinanzierung? - Prozessfinanzierung - Finanzierung f\u00fcr Anwaltskosten - Kredit f\u00fcr Gerichtsverfahren - LF Legal Finance SE<\/title>\n<meta name=\"robots\" content=\"index, follow, max-snippet:-1, max-image-preview:large, max-video-preview:-1\" \/>\n<link rel=\"canonical\" href=\"https:\/\/prozessfinanzierung.eu\/fi\/eignet-sich-mein-fall-fuer-prozessfinanzierung\/\" \/>\n<meta property=\"og:locale\" content=\"fi_FI\" \/>\n<meta property=\"og:type\" content=\"article\" \/>\n<meta property=\"og:title\" content=\"Eignet sich mein Fall f\u00fcr Prozessfinanzierung? - Prozessfinanzierung - Finanzierung f\u00fcr Anwaltskosten - Kredit f\u00fcr Gerichtsverfahren - LF Legal Finance SE\" \/>\n<meta property=\"og:description\" content=\"Wir finanzieren F\u00e4lle, in denen Sie der Kl\u00e4ger, also der Anspruchsinhaber sind. Beispiele: Legal Finance hat keine festen Grenzen beim Streitwert. Wir beurteilen jeden Fall individuell. Wenn Sie einen Fall haben und einen Finanzierung suchen, senden Sie uns gern eine unverbindliche und kostenlose Anfrage, und wir melden uns bei Ihnen. Oder Sie rufen uns an: [&hellip;]\" \/>\n<meta property=\"og:url\" content=\"https:\/\/prozessfinanzierung.eu\/fi\/eignet-sich-mein-fall-fuer-prozessfinanzierung\/\" \/>\n<meta property=\"og:site_name\" content=\"Prozessfinanzierung - Finanzierung f\u00fcr Anwaltskosten - Kredit f\u00fcr Gerichtsverfahren - LF Legal Finance SE\" \/>\n<meta property=\"article:modified_time\" content=\"2023-08-22T13:08:58+00:00\" \/>\n<meta name=\"twitter:card\" content=\"summary_large_image\" \/>\n<meta name=\"twitter:label1\" content=\"Arvioitu lukuaika\" \/>\n\t<meta name=\"twitter:data1\" content=\"1 minuutti\" \/>\n<script type=\"application\/ld+json\" class=\"yoast-schema-graph\">{\"@context\":\"https:\/\/schema.org\",\"@graph\":[{\"@type\":\"WebPage\",\"@id\":\"https:\/\/prozessfinanzierung.eu\/eignet-sich-mein-fall-fuer-prozessfinanzierung\/\",\"url\":\"https:\/\/prozessfinanzierung.eu\/eignet-sich-mein-fall-fuer-prozessfinanzierung\/\",\"name\":\"Eignet sich mein Fall f\u00fcr Prozessfinanzierung? - Prozessfinanzierung - Finanzierung f\u00fcr Anwaltskosten - Kredit f\u00fcr Gerichtsverfahren - LF Legal Finance SE\",\"isPartOf\":{\"@id\":\"https:\/\/prozessfinanzierung.eu\/#website\"},\"datePublished\":\"2023-08-21T11:50:11+00:00\",\"dateModified\":\"2023-08-22T13:08:58+00:00\",\"breadcrumb\":{\"@id\":\"https:\/\/prozessfinanzierung.eu\/eignet-sich-mein-fall-fuer-prozessfinanzierung\/#breadcrumb\"},\"inLanguage\":\"fi\",\"potentialAction\":[{\"@type\":\"ReadAction\",\"target\":[\"https:\/\/prozessfinanzierung.eu\/eignet-sich-mein-fall-fuer-prozessfinanzierung\/\"]}]},{\"@type\":\"BreadcrumbList\",\"@id\":\"https:\/\/prozessfinanzierung.eu\/eignet-sich-mein-fall-fuer-prozessfinanzierung\/#breadcrumb\",\"itemListElement\":[{\"@type\":\"ListItem\",\"position\":1,\"name\":\"Startseite\",\"item\":\"https:\/\/prozessfinanzierung.eu\/\"},{\"@type\":\"ListItem\",\"position\":2,\"name\":\"Eignet sich mein Fall f\u00fcr Prozessfinanzierung?\"}]},{\"@type\":\"WebSite\",\"@id\":\"https:\/\/prozessfinanzierung.eu\/#website\",\"url\":\"https:\/\/prozessfinanzierung.eu\/\",\"name\":\"Prozessfinanzierung - Finanzierung f\u00fcr Anwaltskosten - Kredit f\u00fcr Gerichtsverfahren - LF Legal Finance SE\",\"description\":\"Finanzierung von Gerichtsprozessen gegen Erfolgsbeteiligung - LF Legal Finance SE\",\"publisher\":{\"@id\":\"https:\/\/prozessfinanzierung.eu\/#organization\"},\"potentialAction\":[{\"@type\":\"SearchAction\",\"target\":{\"@type\":\"EntryPoint\",\"urlTemplate\":\"https:\/\/prozessfinanzierung.eu\/?s={search_term_string}\"},\"query-input\":\"required name=search_term_string\"}],\"inLanguage\":\"fi\"},{\"@type\":\"Organization\",\"@id\":\"https:\/\/prozessfinanzierung.eu\/#organization\",\"name\":\"LF Legal Finance SE\",\"url\":\"https:\/\/prozessfinanzierung.eu\/\",\"logo\":{\"@type\":\"ImageObject\",\"inLanguage\":\"fi\",\"@id\":\"https:\/\/prozessfinanzierung.eu\/#\/schema\/logo\/image\/\",\"url\":\"http:\/\/prozessfinanzierung.eu\/wp-content\/uploads\/2023\/08\/legal-finance-international.jpg\",\"contentUrl\":\"http:\/\/prozessfinanzierung.eu\/wp-content\/uploads\/2023\/08\/legal-finance-international.jpg\",\"width\":842,\"height\":131,\"caption\":\"LF Legal Finance SE\"},\"image\":{\"@id\":\"https:\/\/prozessfinanzierung.eu\/#\/schema\/logo\/image\/\"}}]}<\/script>\n<!-- \/ Yoast SEO plugin. -->","yoast_head_json":{"title":"Eignet sich mein Fall f\u00fcr Prozessfinanzierung? - Prozessfinanzierung - Finanzierung f\u00fcr Anwaltskosten - Kredit f\u00fcr Gerichtsverfahren - LF Legal Finance SE","robots":{"index":"index","follow":"follow","max-snippet":"max-snippet:-1","max-image-preview":"max-image-preview:large","max-video-preview":"max-video-preview:-1"},"canonical":"https:\/\/prozessfinanzierung.eu\/fi\/eignet-sich-mein-fall-fuer-prozessfinanzierung\/","og_locale":"fi_FI","og_type":"article","og_title":"Eignet sich mein Fall f\u00fcr Prozessfinanzierung? - Prozessfinanzierung - Finanzierung f\u00fcr Anwaltskosten - Kredit f\u00fcr Gerichtsverfahren - LF Legal Finance SE","og_description":"Wir finanzieren F\u00e4lle, in denen Sie der Kl\u00e4ger, also der Anspruchsinhaber sind. Beispiele: Legal Finance hat keine festen Grenzen beim Streitwert. Wir beurteilen jeden Fall individuell. Wenn Sie einen Fall haben und einen Finanzierung suchen, senden Sie uns gern eine unverbindliche und kostenlose Anfrage, und wir melden uns bei Ihnen. Oder Sie rufen uns an: [&hellip;]","og_url":"https:\/\/prozessfinanzierung.eu\/fi\/eignet-sich-mein-fall-fuer-prozessfinanzierung\/","og_site_name":"Prozessfinanzierung - Finanzierung f\u00fcr Anwaltskosten - Kredit f\u00fcr Gerichtsverfahren - LF Legal Finance SE","article_modified_time":"2023-08-22T13:08:58+00:00","twitter_card":"summary_large_image","twitter_misc":{"Arvioitu lukuaika":"1 minuutti"},"schema":{"@context":"https:\/\/schema.org","@graph":[{"@type":"WebPage","@id":"https:\/\/prozessfinanzierung.eu\/eignet-sich-mein-fall-fuer-prozessfinanzierung\/","url":"https:\/\/prozessfinanzierung.eu\/eignet-sich-mein-fall-fuer-prozessfinanzierung\/","name":"Eignet sich mein Fall f\u00fcr Prozessfinanzierung? - Prozessfinanzierung - Finanzierung f\u00fcr Anwaltskosten - Kredit f\u00fcr Gerichtsverfahren - LF Legal Finance SE","isPartOf":{"@id":"https:\/\/prozessfinanzierung.eu\/#website"},"datePublished":"2023-08-21T11:50:11+00:00","dateModified":"2023-08-22T13:08:58+00:00","breadcrumb":{"@id":"https:\/\/prozessfinanzierung.eu\/eignet-sich-mein-fall-fuer-prozessfinanzierung\/#breadcrumb"},"inLanguage":"fi","potentialAction":[{"@type":"ReadAction","target":["https:\/\/prozessfinanzierung.eu\/eignet-sich-mein-fall-fuer-prozessfinanzierung\/"]}]},{"@type":"BreadcrumbList","@id":"https:\/\/prozessfinanzierung.eu\/eignet-sich-mein-fall-fuer-prozessfinanzierung\/#breadcrumb","itemListElement":[{"@type":"ListItem","position":1,"name":"Startseite","item":"https:\/\/prozessfinanzierung.eu\/"},{"@type":"ListItem","position":2,"name":"Eignet sich mein Fall f\u00fcr Prozessfinanzierung?"}]},{"@type":"WebSite","@id":"https:\/\/prozessfinanzierung.eu\/#website","url":"https:\/\/prozessfinanzierung.eu\/","name":"Prozessfinanzierung - Finanzierung f\u00fcr Anwaltskosten - Kredit f\u00fcr Gerichtsverfahren - LF Legal Finance SE","description":"Finanzierung von Gerichtsprozessen gegen Erfolgsbeteiligung - LF Legal Finance SE","publisher":{"@id":"https:\/\/prozessfinanzierung.eu\/#organization"},"potentialAction":[{"@type":"SearchAction","target":{"@type":"EntryPoint","urlTemplate":"https:\/\/prozessfinanzierung.eu\/?s={search_term_string}"},"query-input":"required name=search_term_string"}],"inLanguage":"fi"},{"@type":"Organization","@id":"https:\/\/prozessfinanzierung.eu\/#organization","name":"LF Legal Finance SE","url":"https:\/\/prozessfinanzierung.eu\/","logo":{"@type":"ImageObject","inLanguage":"fi","@id":"https:\/\/prozessfinanzierung.eu\/#\/schema\/logo\/image\/","url":"http:\/\/prozessfinanzierung.eu\/wp-content\/uploads\/2023\/08\/legal-finance-international.jpg","contentUrl":"http:\/\/prozessfinanzierung.eu\/wp-content\/uploads\/2023\/08\/legal-finance-international.jpg","width":842,"height":131,"caption":"LF Legal Finance SE"},"image":{"@id":"https:\/\/prozessfinanzierung.eu\/#\/schema\/logo\/image\/"}}]}},"_links":{"self":[{"href":"https:\/\/prozessfinanzierung.eu\/fi\/wp-json\/wp\/v2\/pages\/151"}],"collection":[{"href":"https:\/\/prozessfinanzierung.eu\/fi\/wp-json\/wp\/v2\/pages"}],"about":[{"href":"https:\/\/prozessfinanzierung.eu\/fi\/wp-json\/wp\/v2\/types\/page"}],"author":[{"embeddable":true,"href":"https:\/\/prozessfinanzierung.eu\/fi\/wp-json\/wp\/v2\/users\/1"}],"replies":[{"embeddable":true,"href":"https:\/\/prozessfinanzierung.eu\/fi\/wp-json\/wp\/v2\/comments?post=151"}],"version-history":[{"count":6,"href":"https:\/\/prozessfinanzierung.eu\/fi\/wp-json\/wp\/v2\/pages\/151\/revisions"}],"predecessor-version":[{"id":178,"href":"https:\/\/prozessfinanzierung.eu\/fi\/wp-json\/wp\/v2\/pages\/151\/revisions\/178"}],"wp:attachment":[{"href":"https:\/\/prozessfinanzierung.eu\/fi\/wp-json\/wp\/v2\/media?parent=151"}],"curies":[{"name":"wp","href":"https:\/\/api.w.org\/{rel}","templated":true}]}}