{"id":51,"date":"2023-08-20T10:48:10","date_gmt":"2023-08-20T08:48:10","guid":{"rendered":"https:\/\/prozessfinanzierung.eu\/?page_id=51"},"modified":"2023-11-30T06:21:42","modified_gmt":"2023-11-30T05:21:42","slug":"impressum","status":"publish","type":"page","link":"https:\/\/prozessfinanzierung.eu\/fi\/impressum\/","title":{"rendered":"J\u00e4lki"},"content":{"rendered":"<p><a title=\"\" href=\"https:\/\/legalfinance.online\/\" target=\"_blank\" rel=\"noopener\">Legal Finance SE<\/a><br>Thurn-und Taxis-Platz 6<br>60313 Frankfurt am Main<\/p>\n\n\n\n<p>E-Mail: <a href=\"mailto:info@legalfinance.online\">info@legalfinance.online<\/a><\/p>\n\n\n\n<p>Telefon: 069 8700184-10<br>Telefax: 069 8700184-19<\/p>\n\n\n\n<p>AG Frankfurt HRB 127394<\/p>\n\n\n\n<p>LEI: 391200W89Q4BYWJ9VZ03<\/p>\n\n\n\n<p>Gesch\u00e4ftsf\u00fchrende Direktoren: Raivo Str\u00fcbergs, Adrian Fuhrmeister, Rechtsanwalt Andreas Karger<\/p>","protected":false},"excerpt":{"rendered":"<p>Legal Finance SEThurn-und Taxis-Platz 660313 Frankfurt am Main E-Mail: info@legalfinance.online Telefon: 069 8700184-10Telefax: 069 8700184-19 AG Frankfurt HRB 127394 LEI: 391200W89Q4BYWJ9VZ03 Gesch\u00e4ftsf\u00fchrende Direktoren: Raivo Str\u00fcbergs, Adrian Fuhrmeister, Rechtsanwalt Andreas Karger<\/p>","protected":false},"author":1,"featured_media":0,"parent":0,"menu_order":0,"comment_status":"closed","ping_status":"closed","template":"","meta":{"footnotes":""},"yoast_head":"<!-- This site is optimized with the Yoast SEO plugin v20.13 - https:\/\/yoast.com\/wordpress\/plugins\/seo\/ -->\n<title>Impressum - Prozessfinanzierung - Finanzierung f\u00fcr Anwaltskosten - Kredit f\u00fcr Gerichtsverfahren - LF Legal Finance SE<\/title>\n<meta name=\"robots\" content=\"index, follow, max-snippet:-1, max-image-preview:large, max-video-preview:-1\" \/>\n<link rel=\"canonical\" href=\"https:\/\/prozessfinanzierung.eu\/fi\/impressum\/\" \/>\n<meta property=\"og:locale\" content=\"fi_FI\" \/>\n<meta property=\"og:type\" content=\"article\" \/>\n<meta property=\"og:title\" content=\"Impressum - Prozessfinanzierung - Finanzierung f\u00fcr Anwaltskosten - Kredit f\u00fcr Gerichtsverfahren - LF Legal Finance SE\" \/>\n<meta property=\"og:description\" content=\"Legal Finance SEThurn-und Taxis-Platz 660313 Frankfurt am Main E-Mail: info@legalfinance.online Telefon: 069 8700184-10Telefax: 069 8700184-19 AG Frankfurt HRB 127394 LEI: 391200W89Q4BYWJ9VZ03 Gesch\u00e4ftsf\u00fchrende Direktoren: Raivo Str\u00fcbergs, Adrian Fuhrmeister, Rechtsanwalt Andreas Karger\" \/>\n<meta property=\"og:url\" content=\"https:\/\/prozessfinanzierung.eu\/fi\/impressum\/\" \/>\n<meta property=\"og:site_name\" content=\"Prozessfinanzierung - Finanzierung f\u00fcr Anwaltskosten - Kredit f\u00fcr Gerichtsverfahren - LF Legal Finance SE\" \/>\n<meta property=\"article:modified_time\" content=\"2023-11-30T05:21:42+00:00\" \/>\n<meta name=\"twitter:card\" content=\"summary_large_image\" \/>\n<script type=\"application\/ld+json\" class=\"yoast-schema-graph\">{\"@context\":\"https:\/\/schema.org\",\"@graph\":[{\"@type\":\"WebPage\",\"@id\":\"https:\/\/prozessfinanzierung.eu\/impressum\/\",\"url\":\"https:\/\/prozessfinanzierung.eu\/impressum\/\",\"name\":\"Impressum - Prozessfinanzierung - Finanzierung f\u00fcr Anwaltskosten - Kredit f\u00fcr Gerichtsverfahren - LF Legal Finance SE\",\"isPartOf\":{\"@id\":\"https:\/\/prozessfinanzierung.eu\/#website\"},\"datePublished\":\"2023-08-20T08:48:10+00:00\",\"dateModified\":\"2023-11-30T05:21:42+00:00\",\"breadcrumb\":{\"@id\":\"https:\/\/prozessfinanzierung.eu\/impressum\/#breadcrumb\"},\"inLanguage\":\"fi\",\"potentialAction\":[{\"@type\":\"ReadAction\",\"target\":[\"https:\/\/prozessfinanzierung.eu\/impressum\/\"]}]},{\"@type\":\"BreadcrumbList\",\"@id\":\"https:\/\/prozessfinanzierung.eu\/impressum\/#breadcrumb\",\"itemListElement\":[{\"@type\":\"ListItem\",\"position\":1,\"name\":\"Startseite\",\"item\":\"https:\/\/prozessfinanzierung.eu\/\"},{\"@type\":\"ListItem\",\"position\":2,\"name\":\"Impressum\"}]},{\"@type\":\"WebSite\",\"@id\":\"https:\/\/prozessfinanzierung.eu\/#website\",\"url\":\"https:\/\/prozessfinanzierung.eu\/\",\"name\":\"Prozessfinanzierung - Finanzierung f\u00fcr Anwaltskosten - Kredit f\u00fcr Gerichtsverfahren - LF Legal Finance SE\",\"description\":\"Finanzierung von Gerichtsprozessen gegen Erfolgsbeteiligung - LF Legal Finance SE\",\"publisher\":{\"@id\":\"https:\/\/prozessfinanzierung.eu\/#organization\"},\"potentialAction\":[{\"@type\":\"SearchAction\",\"target\":{\"@type\":\"EntryPoint\",\"urlTemplate\":\"https:\/\/prozessfinanzierung.eu\/?s={search_term_string}\"},\"query-input\":\"required name=search_term_string\"}],\"inLanguage\":\"fi\"},{\"@type\":\"Organization\",\"@id\":\"https:\/\/prozessfinanzierung.eu\/#organization\",\"name\":\"LF Legal Finance SE\",\"url\":\"https:\/\/prozessfinanzierung.eu\/\",\"logo\":{\"@type\":\"ImageObject\",\"inLanguage\":\"fi\",\"@id\":\"https:\/\/prozessfinanzierung.eu\/#\/schema\/logo\/image\/\",\"url\":\"http:\/\/prozessfinanzierung.eu\/wp-content\/uploads\/2023\/08\/legal-finance-international.jpg\",\"contentUrl\":\"http:\/\/prozessfinanzierung.eu\/wp-content\/uploads\/2023\/08\/legal-finance-international.jpg\",\"width\":842,\"height\":131,\"caption\":\"LF Legal Finance SE\"},\"image\":{\"@id\":\"https:\/\/prozessfinanzierung.eu\/#\/schema\/logo\/image\/\"}}]}<\/script>\n<!-- \/ Yoast SEO plugin. -->","yoast_head_json":{"title":"Impressum - Prozessfinanzierung - Finanzierung f\u00fcr Anwaltskosten - Kredit f\u00fcr Gerichtsverfahren - LF Legal Finance SE","robots":{"index":"index","follow":"follow","max-snippet":"max-snippet:-1","max-image-preview":"max-image-preview:large","max-video-preview":"max-video-preview:-1"},"canonical":"https:\/\/prozessfinanzierung.eu\/fi\/impressum\/","og_locale":"fi_FI","og_type":"article","og_title":"Impressum - Prozessfinanzierung - Finanzierung f\u00fcr Anwaltskosten - Kredit f\u00fcr Gerichtsverfahren - LF Legal Finance SE","og_description":"Legal Finance SEThurn-und Taxis-Platz 660313 Frankfurt am Main E-Mail: info@legalfinance.online Telefon: 069 8700184-10Telefax: 069 8700184-19 AG Frankfurt HRB 127394 LEI: 391200W89Q4BYWJ9VZ03 Gesch\u00e4ftsf\u00fchrende Direktoren: Raivo Str\u00fcbergs, Adrian Fuhrmeister, Rechtsanwalt Andreas Karger","og_url":"https:\/\/prozessfinanzierung.eu\/fi\/impressum\/","og_site_name":"Prozessfinanzierung - Finanzierung f\u00fcr Anwaltskosten - Kredit f\u00fcr Gerichtsverfahren - LF Legal Finance SE","article_modified_time":"2023-11-30T05:21:42+00:00","twitter_card":"summary_large_image","schema":{"@context":"https:\/\/schema.org","@graph":[{"@type":"WebPage","@id":"https:\/\/prozessfinanzierung.eu\/impressum\/","url":"https:\/\/prozessfinanzierung.eu\/impressum\/","name":"Impressum - Prozessfinanzierung - Finanzierung f\u00fcr Anwaltskosten - Kredit f\u00fcr Gerichtsverfahren - LF Legal Finance SE","isPartOf":{"@id":"https:\/\/prozessfinanzierung.eu\/#website"},"datePublished":"2023-08-20T08:48:10+00:00","dateModified":"2023-11-30T05:21:42+00:00","breadcrumb":{"@id":"https:\/\/prozessfinanzierung.eu\/impressum\/#breadcrumb"},"inLanguage":"fi","potentialAction":[{"@type":"ReadAction","target":["https:\/\/prozessfinanzierung.eu\/impressum\/"]}]},{"@type":"BreadcrumbList","@id":"https:\/\/prozessfinanzierung.eu\/impressum\/#breadcrumb","itemListElement":[{"@type":"ListItem","position":1,"name":"Startseite","item":"https:\/\/prozessfinanzierung.eu\/"},{"@type":"ListItem","position":2,"name":"Impressum"}]},{"@type":"WebSite","@id":"https:\/\/prozessfinanzierung.eu\/#website","url":"https:\/\/prozessfinanzierung.eu\/","name":"Prozessfinanzierung - Finanzierung f\u00fcr Anwaltskosten - Kredit f\u00fcr Gerichtsverfahren - LF Legal Finance SE","description":"Finanzierung von Gerichtsprozessen gegen Erfolgsbeteiligung - LF Legal Finance SE","publisher":{"@id":"https:\/\/prozessfinanzierung.eu\/#organization"},"potentialAction":[{"@type":"SearchAction","target":{"@type":"EntryPoint","urlTemplate":"https:\/\/prozessfinanzierung.eu\/?s={search_term_string}"},"query-input":"required name=search_term_string"}],"inLanguage":"fi"},{"@type":"Organization","@id":"https:\/\/prozessfinanzierung.eu\/#organization","name":"LF Legal Finance SE","url":"https:\/\/prozessfinanzierung.eu\/","logo":{"@type":"ImageObject","inLanguage":"fi","@id":"https:\/\/prozessfinanzierung.eu\/#\/schema\/logo\/image\/","url":"http:\/\/prozessfinanzierung.eu\/wp-content\/uploads\/2023\/08\/legal-finance-international.jpg","contentUrl":"http:\/\/prozessfinanzierung.eu\/wp-content\/uploads\/2023\/08\/legal-finance-international.jpg","width":842,"height":131,"caption":"LF Legal Finance SE"},"image":{"@id":"https:\/\/prozessfinanzierung.eu\/#\/schema\/logo\/image\/"}}]}},"_links":{"self":[{"href":"https:\/\/prozessfinanzierung.eu\/fi\/wp-json\/wp\/v2\/pages\/51"}],"collection":[{"href":"https:\/\/prozessfinanzierung.eu\/fi\/wp-json\/wp\/v2\/pages"}],"about":[{"href":"https:\/\/prozessfinanzierung.eu\/fi\/wp-json\/wp\/v2\/types\/page"}],"author":[{"embeddable":true,"href":"https:\/\/prozessfinanzierung.eu\/fi\/wp-json\/wp\/v2\/users\/1"}],"replies":[{"embeddable":true,"href":"https:\/\/prozessfinanzierung.eu\/fi\/wp-json\/wp\/v2\/comments?post=51"}],"version-history":[{"count":4,"href":"https:\/\/prozessfinanzierung.eu\/fi\/wp-json\/wp\/v2\/pages\/51\/revisions"}],"predecessor-version":[{"id":255,"href":"https:\/\/prozessfinanzierung.eu\/fi\/wp-json\/wp\/v2\/pages\/51\/revisions\/255"}],"wp:attachment":[{"href":"https:\/\/prozessfinanzierung.eu\/fi\/wp-json\/wp\/v2\/media?parent=51"}],"curies":[{"name":"wp","href":"https:\/\/api.w.org\/{rel}","templated":true}]}}