{"id":64,"date":"2023-08-20T11:00:11","date_gmt":"2023-08-20T09:00:11","guid":{"rendered":"https:\/\/prozessfinanzierung.eu\/?page_id=64"},"modified":"2023-08-22T16:03:42","modified_gmt":"2023-08-22T14:03:42","slug":"faq","status":"publish","type":"page","link":"https:\/\/prozessfinanzierung.eu\/fi\/faq\/","title":{"rendered":"FAQ"},"content":{"rendered":"<p>T\u00e4\u00e4lt\u00e4 l\u00f6yd\u00e4t vastaukset oikeudenk\u00e4yntien rahoitusta koskeviin useimmin kysyttyihin kysymyksiin:<\/p>\n\n\n\n<p><em><a href=\"#Was-ist-Prozessfinanzierung\">Mit\u00e4 riita-asioiden rahoitus on?<\/a><br><a href=\"#Wieviel-kostet-Prozessfinanzierung\">Kuinka paljon riita-asioiden rahoitus maksaa?<\/a><br><a href=\"#Ist-Prozessfinanzierung-f\u00fcr-Privatpersonen-oder-f\u00fcr-Firmen-m\u00f6glich\">Onko riita-asioiden rahoitusta saatavilla yksityishenkil\u00f6ille vai yrityksille?<\/a><br><a href=\"#Wie-funktioniert-Prozessfinanzierung?\">Miten riita-asioiden rahoitus toimii?<\/a><br><a href=\"#Welche-Kosten-zahlt-der-Prozessfinanzierer\">Mit\u00e4 kustannuksia oikeudenk\u00e4ynnin rahoittaja maksaa?<\/a><br><a href=\"#Was-habe-ich-als-Kl\u00e4ger-von-der-Prozessfinanzierung\">Mit\u00e4 saan kantajana oikeudenk\u00e4yntirahoituksesta?<\/a><br><a href=\"#Was-passiert-wenn-das-Verfahren-verloren-geht\">Mit\u00e4 tapahtuu, jos juttu h\u00e4vi\u00e4\u00e4?<\/a><br><a href=\"#Greift-Legal-Finance-in-den-Prozess-ein\">Puuttuuko oikeudenk\u00e4yntirahoitus prosessiin?<\/a><br><a href=\"#Finanzieren-Sie-auch-den-Beklagten\">Rahoitetaanko my\u00f6s vastaajaa?<\/a><br><a href=\"#Welchen-Rechtsanwalt-kann-soll-ich-beauftragen\">Mink\u00e4 asianajajan voin\/pit\u00e4isi palkata?<\/a><br><a href=\"#Ist-ein-Vergleich-m\u00f6glich\">Onko sovinto mahdollinen?<\/a><br><a href=\"#Ich-habe-einen-ausl\u00e4ndischen-Fall-Was-soll-ich-tun\">Minulla on ulkomainen asia. Mit\u00e4 minun pit\u00e4isi tehd\u00e4?<\/a><br><a href=\"#Ich-habe-einen-sehr-speziellen-Fall-Was-kann-ich-tun\">Minulla on hyvin erityinen tapaus. Mit\u00e4 voin tehd\u00e4?<\/a><br><a href=\"#Ich-habe-einen-Fall-aus-einem-sehr-exotischen-Rechtsgebiet-Was-kann-ich-tun\">Minulla on tapaus hyvin eksoottiselta oikeudenalalta. Mit\u00e4 voin tehd\u00e4?<\/a><br><a href=\"#Mein-Fall-beinhaltet-sehr-pers\u00f6nliche,-geheime-oder-peinliche-Informationen-Was-soll-ich-machen\">Tapaukseeni liittyy hyvin henkil\u00f6kohtaisia, salaisia tai kiusallisia tietoja. Mit\u00e4 minun pit\u00e4isi tehd\u00e4?<\/a><br><a href=\"#Mein-Fall-hat-mit-Strafrecht-zu-tun-Was-soll-ich-tun\">Tapaukseni liittyy rikosoikeuteen. Mit\u00e4 minun pit\u00e4isi tehd\u00e4?<\/a><\/em><\/p>\n\n\n\n<p id=\"Was-ist-Prozessfinanzierung\"><strong><em>Mit\u00e4 riita-asioiden rahoitus on?<\/em><\/strong><br>Oikeudenk\u00e4yntirahoituksella tarkoitetaan oikeudenk\u00e4ynnin kaikkien kustannusten rahoittamista kantajalle. Maksamme kaikki oikeudenk\u00e4ynnin kustannukset ja saamme vastineeksi osuuden menestyksest\u00e4. Jos voitat, saamme 20-50 prosentin osuuden. Jos h\u00e4vi\u00e4t, emme saa mit\u00e4\u00e4n, eik\u00e4 sinulle aiheudu kustannuksia.<\/p>\n\n\n\n<p id=\"Wieviel-kostet-Prozessfinanzierung\"><strong><em>Kuinka paljon riita-asioiden rahoitus maksaa?<\/em><\/strong><br>Oikeudenk\u00e4yntien rahoituksessa on tavallista, ett\u00e4 20-50 prosenttia oikeudenk\u00e4ynnin tuotosta maksetaan ehdollisena maksuna riippuen tapauksen tyypist\u00e4, laajuudesta, asemasta ja riskiprofiilista. Jos voitat jutun, oikeudenk\u00e4ynnin rahoittaja saa 20-50 prosenttia saamastasi summasta. Jos h\u00e4vi\u00e4t jutun, se ei maksa sinulle mit\u00e4\u00e4n. Sinun ei tarvitse maksaa mit\u00e4\u00e4n etuk\u00e4teen, vaan koko kanteen arviointi ja selvitys on maksuton.<\/p>\n\n\n\n<p id=\"Ist-Prozessfinanzierung-f\u00fcr-Privatpersonen-oder-f\u00fcr-Firmen-m\u00f6glich\"><strong><em>Onko riita-asioiden rahoitusta saatavilla yksityishenkil\u00f6ille vai yrityksille?<\/em><\/strong><br>Oikeudenk\u00e4yntirahoitusta voivat k\u00e4ytt\u00e4\u00e4 oikeudellisesta muodosta ja maasta riippumatta yritykset sek\u00e4 yksityishenkil\u00f6t. L\u00e4het\u00e4 meille rohkeasti <a href=\"https:\/\/prozessfinanzierung.eu\/index.php\/unverbindliche-anfrage\/\">Ei-sitova pyynt\u00f6<\/a>.<\/p>\n\n\n\n<p id=\"Wie-funktioniert-Prozessfinanzierung?\"><strong><em>Miten riita-asioiden rahoitus toimii?<\/em><\/strong><br>Kuvaile meille tapauksesi - parhaiten se onnistuu l\u00e4hett\u00e4m\u00e4ll\u00e4 meille s\u00e4hk\u00f6postia. <a href=\"https:\/\/prozessfinanzierung.eu\/index.php\/unverbindliche-anfrage\/\">ilmainen, ei-sitova tiedustelu<\/a>. T\u00e4m\u00e4 on ehdottoman luottamuksellista, ja k\u00e4ymme tapauksesi l\u00e4pi maksutta. Otamme sinuun yhteytt\u00e4 ja saatamme pyyt\u00e4\u00e4 lis\u00e4tietoja tai meill\u00e4 voi olla jatkokysymyksi\u00e4. Jos p\u00e4\u00e4t\u00e4mme rahoittaa tapauksesi, l\u00e4het\u00e4mme sinulle tarjouksen ja riita-asian rahoitussopimuksen. Heti kun sopimus on allekirjoitettu, maksamme <a href=\"https:\/\/legalfinance.online\/\">Legal Finance<\/a> kaikki oikeudenk\u00e4yntikulut.<\/p>\n\n\n\n<p id=\"Welche-Kosten-zahlt-der-Prozessfinanzierer\"><strong><em>Mit\u00e4 kustannuksia oikeudenk\u00e4ynnin rahoittaja maksaa?<br><\/em><\/strong>Sinun ei tarvitse maksaa mit\u00e4\u00e4n. Oikeudenk\u00e4ynnin rahoittaja maksaa esimerkiksi kaikki kulut:<\/p>\n\n\n\n<ul>\n<li>Oikeudenk\u00e4yntikulut<\/li>\n\n\n\n<li>Oikeudenk\u00e4yntikulut<\/li>\n\n\n\n<li>Kirjeenvaihtoasianajajan palkkiot<\/li>\n\n\n\n<li>Asiantuntijan ja asiantuntijatodistajan palkkiot<\/li>\n\n\n\n<li>Matkakulut<\/li>\n\n\n\n<li>Todistajan kulut<\/li>\n\n\n\n<li>Talletukset ja ennakot<\/li>\n<\/ul>\n\n\n\n<p>Lyhyesti sanottuna: oikeudenk\u00e4ynnin rahoittaja maksaa kaiken, sin\u00e4 kantajana et maksa mit\u00e4\u00e4n.<\/p>\n\n\n\n<p id=\"Was-habe-ich-als-Kl\u00e4ger-von-der-Prozessfinanzierung\"><strong><em>Mit\u00e4 saan kantajana oikeudenk\u00e4yntirahoituksesta?<\/em><\/strong><br>Oikeudenk\u00e4yntirahoituksen avulla voit k\u00e4yd\u00e4 oikeudenk\u00e4ynti\u00e4 kantajana t\u00e4ysin rennosti ja ilman huolta nousevista kustannuksista. Koska kantajana vastaaja on jo velkaa sinulle rahaa, ja olet siin\u00e4 ep\u00e4miellytt\u00e4v\u00e4ss\u00e4 tilanteessa, ett\u00e4 sinun on nyt k\u00e4ytett\u00e4v\u00e4 rahaa my\u00f6s asian oikeudenk\u00e4yntiin. Oikeudenk\u00e4ynnin rahoittaja ottaa n\u00e4m\u00e4 kustannukset vastatakseen, eik\u00e4 sinun tarvitse maksaa mit\u00e4\u00e4n etuk\u00e4teen.<\/p>\n\n\n\n<p>Sinulla on yrityksen\u00e4 se etu, ett\u00e4 sinun ei tarvitse tehd\u00e4 varauksia oikeudenk\u00e4yntikuluja varten.<\/p>\n\n\n\n<p>Oikeudenk\u00e4yntirahoituksen etuna on yleisesti ottaen se, ett\u00e4 maksuvalmiutesi ei k\u00e4rsi, koska sinun ei tarvitse maksaa mit\u00e4\u00e4n kustannuksia etuk\u00e4teen.<\/p>\n\n\n\n<p id=\"Was-passiert-wenn-das-Verfahren-verloren-geht\"><strong><em>Mit\u00e4 tapahtuu, jos juttu h\u00e4vi\u00e4\u00e4?<\/em><\/strong><br>Jos tapaus h\u00e4vi\u00e4\u00e4 kertaalleen, eli jos h\u00e4vi\u00e4t, et maksa mit\u00e4\u00e4n. Jos jatkok\u00e4sittely, esimerkiksi muutoksenhaku tai uudelleenk\u00e4sittely, on mahdollinen, tarkistamme yhdess\u00e4 sinun ja asianajajasi kanssa, onko muutoksenhaku j\u00e4rkev\u00e4\u00e4. Legal Finance rahoittaa luonnollisesti my\u00f6s jatkok\u00e4sittelyn kustannukset. Joka tapauksessa et maksa mit\u00e4\u00e4n, jos asia h\u00e4vi\u00e4\u00e4. T\u00e4ll\u00f6in oikeudenk\u00e4yntirahoittaja Legal Finance vastaa kaikista kustannuksista.<\/p>\n\n\n\n<p id=\"Greift-Legal-Finance-in-den-Prozess-ein\"><strong><em>Puuttuuko oikeudenk\u00e4yntirahoitus prosessiin?<\/em><\/strong><br>Ei, voit olla rauhassa: Asianajajasi hoitaa prosessin t\u00e4ysin puolueettomasti, ja h\u00e4n on velvollinen vain sinua kohtaan. Olemme kuitenkin aina mielell\u00e4mme k\u00e4ytett\u00e4viss\u00e4 verkostossamme, jos tarvitaan neuvoja tai apua tai jos asiantuntija on kutsuttava paikalle. Joissakin tapauksissa voimme my\u00f6s ohjata sinut asianajajan luo, jos et ole viel\u00e4 antanut h\u00e4nelle toimeksiantoa.<\/p>\n\n\n\n<p id=\"Finanzieren-Sie-auch-den-Beklagten\"><strong><em>Rahoitetaanko my\u00f6s vastaajaa?<\/em><\/strong><br>Oikeudellisessa menettelyss\u00e4 Legal Finance rahoittaa vain kantajaa eli kanteen haltijaa. T\u00e4ll\u00e4 hetkell\u00e4 emme tarjoa rahoitusta vastaajalle. Tilaa uutiskirjeemme, niin ilmoitamme sinulle heti, kun tarjoamme t\u00e4llaisen tuotteen.<\/p>\n\n\n\n<p id=\"Welchen-Rechtsanwalt-kann-soll-ich-beauftragen\"><strong><em>Mink\u00e4 asianajajan voin\/pit\u00e4isi palkata?<\/em><\/strong><br>Jos et ole viel\u00e4 palkannut asianajajaa, <a href=\"https:\/\/prozessfinanzierung.eu\/index.php\/unverbindliche-anfrage\/\">ota yhteytt\u00e4 suoraan meihin ja l\u00e4het\u00e4 pyynt\u00f6si.<\/a>Tutkimme tapauksenne ja, jos rahoitusta on saatavilla, suosittelemme mielell\u00e4mme asianajajan.<\/p>\n\n\n\n<p id=\"Ist-ein-Vergleich-m\u00f6glich\"><strong><em>Onko sovinto mahdollinen?<\/em><\/strong><br>Suhtaudumme tietysti my\u00f6nteisesti my\u00f6s sovintoratkaisuun, sill\u00e4 sovintoratkaisu saattaa riita-asiat p\u00e4\u00e4t\u00f6kseen sovinnollisesti ja nopeammin ja voi olla win-win-tilanne. Legal Finance ei puutu oikeudenk\u00e4yntiin, ja sovinto on mahdollinen milloin tahansa.<\/p>\n\n\n\n<p id=\"Ich-habe-einen-ausl\u00e4ndischen-Fall-Was-soll-ich-tun\"><strong><em>Minulla on ulkomainen asia. Mit\u00e4 minun pit\u00e4isi tehd\u00e4?<\/em><\/strong><br>Legal Finance rahoittaa my\u00f6s ulkomaisia tapauksia kaikilla laink\u00e4ytt\u00f6alueilla. <a href=\"https:\/\/prozessfinanzierung.eu\/index.php\/unverbindliche-anfrage\/\">Ota rohkeasti yhteytt\u00e4 meihin<\/a>, otamme yhteytt\u00e4.<\/p>\n\n\n\n<p id=\"Ich-habe-einen-sehr-speziellen-Fall-Was-kann-ich-tun\"><strong><em>Minulla on hyvin erityinen tapaus. Mit\u00e4 voin tehd\u00e4?<\/em><\/strong><br>Ei h\u00e4t\u00e4\u00e4 - <a href=\"https:\/\/prozessfinanzierung.eu\/index.php\/unverbindliche-anfrage\/\">Ota yhteytt\u00e4<\/a>ja me tarkastelemme tapaustasi.<\/p>\n\n\n\n<p id=\"Ich-habe-einen-Fall-aus-einem-sehr-exotischen-Rechtsgebiet-Was-kann-ich-tun\"><strong><em>Minulla on tapaus hyvin eksoottiselta oikeudenalalta. Mit\u00e4 voin tehd\u00e4?<\/em><\/strong><br>Legal Finance rahoittaa periaatteessa mit\u00e4 tahansa oikeuden alaa. <a href=\"https:\/\/prozessfinanzierung.eu\/index.php\/unverbindliche-anfrage\/\">Ota meihin yhteytt\u00e4<\/a>ja tarkastelemme mielell\u00e4mme tapaustasi sitoumuksetta ja maksutta.<\/p>\n\n\n\n<p id=\"Mein-Fall-beinhaltet-sehr-pers\u00f6nliche,-geheime-oder-peinliche-Informationen-Was-soll-ich-machen\"><em><strong>Tapaukseeni liittyy hyvin henkil\u00f6kohtaisia, salaisia tai kiusallisia tietoja. Mit\u00e4 minun pit\u00e4isi tehd\u00e4?<\/strong><\/em><br>Tietosi ovat meill\u00e4 turvassa ja luottamuksellisia, eik\u00e4 niit\u00e4 anneta kenenk\u00e4\u00e4n k\u00e4ytt\u00f6\u00f6n. Kaikkia l\u00e4hett\u00e4mi\u00e4si tietoja k\u00e4ytet\u00e4\u00e4n ainoastaan tapauksen tarkasteluun ja rahoituksen k\u00e4sittelyyn. Emme puutu prosesseihin, ja tietosi ovat meill\u00e4 turvassa. Ne siirret\u00e4\u00e4n ainoastaan salatussa muodossa ja s\u00e4ilytet\u00e4\u00e4n turvallisesti.<\/p>\n\n\n\n<p>Jos olet kuitenkin huolissasi, tarjoamme sinulle mielell\u00e4mme turvallisen, salatun viestint\u00e4v\u00e4lineen, jolla voit ottaa meihin yhteytt\u00e4 milloin tahansa. Voit vapaasti l\u00e4hett\u00e4\u00e4 meille <a href=\"https:\/\/prozessfinanzierung.eu\/index.php\/unverbindliche-anfrage\/\">Ei-sitova pyynt\u00f6<\/a>, oder sprechen Sie uns \u00fcber das <a href=\"https:\/\/prozessfinanzierung.eu\/index.php\/kontakt\/\">Yhteydenottolomake<\/a> . L\u00e4het\u00e4mme sinulle ohjeet siit\u00e4, miten voit ottaa meihin yhteytt\u00e4 luottamuksellisesti, salatusti ja turvallisesti.<\/p>\n\n\n\n<p id=\"Mein-Fall-hat-mit-Strafrecht-zu-tun-Was-soll-ich-tun\"><strong><em>Tapaukseni liittyy rikosoikeuteen. Mit\u00e4 minun pit\u00e4isi tehd\u00e4?<\/em><\/strong><br>Periaatteessa mit\u00e4\u00e4n oikeudenalaa ei ole suljettu pois. Voit vapaasti l\u00e4hett\u00e4\u00e4 meille <a href=\"https:\/\/prozessfinanzierung.eu\/index.php\/unverbindliche-anfrage\/\">Ei-sitova pyynt\u00f6<\/a>ja palaamme asiaan.<br><\/p>\n\n\n\n<p><br><\/p>","protected":false},"excerpt":{"rendered":"<p>Hier finden Sie Antworten auf die am h\u00e4ufigsten gestellten Frage zur Prozessfinanzierung: Was ist Prozessfinanzierung?Wieviel kostet Prozessfinanzierung?Ist Prozessfinanzierung f\u00fcr Privatpersonen oder f\u00fcr Firmen m\u00f6glich?Wie funktioniert Prozessfinanzierung?Welche Kosten zahlt der Prozessfinanzierer?Was habe ich als Kl\u00e4ger von der Prozessfinanzierung?Was passiert, wenn das Verfahren verloren geht?Greift Legal Finance in den Prozess ein?Finanzieren Sie auch den Beklagten?Welchen Rechtsanwalt kann\/soll [&hellip;]<\/p>","protected":false},"author":1,"featured_media":0,"parent":0,"menu_order":0,"comment_status":"closed","ping_status":"closed","template":"","meta":{"footnotes":""},"yoast_head":"<!-- This site is optimized with the Yoast SEO plugin v20.13 - https:\/\/yoast.com\/wordpress\/plugins\/seo\/ -->\n<title>FAQ - Prozessfinanzierung - Finanzierung f\u00fcr Anwaltskosten - Kredit f\u00fcr Gerichtsverfahren - LF Legal Finance SE<\/title>\n<meta name=\"robots\" content=\"index, follow, max-snippet:-1, max-image-preview:large, max-video-preview:-1\" \/>\n<link rel=\"canonical\" href=\"https:\/\/prozessfinanzierung.eu\/fi\/faq\/\" \/>\n<meta property=\"og:locale\" content=\"fi_FI\" \/>\n<meta property=\"og:type\" content=\"article\" \/>\n<meta property=\"og:title\" content=\"FAQ - Prozessfinanzierung - Finanzierung f\u00fcr Anwaltskosten - Kredit f\u00fcr Gerichtsverfahren - LF Legal Finance SE\" \/>\n<meta property=\"og:description\" content=\"Hier finden Sie Antworten auf die am h\u00e4ufigsten gestellten Frage zur Prozessfinanzierung: Was ist Prozessfinanzierung?Wieviel kostet Prozessfinanzierung?Ist Prozessfinanzierung f\u00fcr Privatpersonen oder f\u00fcr Firmen m\u00f6glich?Wie funktioniert Prozessfinanzierung?Welche Kosten zahlt der Prozessfinanzierer?Was habe ich als Kl\u00e4ger von der Prozessfinanzierung?Was passiert, wenn das Verfahren verloren geht?Greift Legal Finance in den Prozess ein?Finanzieren Sie auch den Beklagten?Welchen Rechtsanwalt kann\/soll [&hellip;]\" \/>\n<meta property=\"og:url\" content=\"https:\/\/prozessfinanzierung.eu\/fi\/faq\/\" \/>\n<meta property=\"og:site_name\" content=\"Prozessfinanzierung - Finanzierung f\u00fcr Anwaltskosten - Kredit f\u00fcr Gerichtsverfahren - LF Legal Finance SE\" \/>\n<meta property=\"article:modified_time\" content=\"2023-08-22T14:03:42+00:00\" \/>\n<meta name=\"twitter:card\" content=\"summary_large_image\" \/>\n<meta name=\"twitter:label1\" content=\"Arvioitu lukuaika\" \/>\n\t<meta name=\"twitter:data1\" content=\"6 minuuttia\" \/>\n<script type=\"application\/ld+json\" class=\"yoast-schema-graph\">{\"@context\":\"https:\/\/schema.org\",\"@graph\":[{\"@type\":\"WebPage\",\"@id\":\"https:\/\/prozessfinanzierung.eu\/faq\/\",\"url\":\"https:\/\/prozessfinanzierung.eu\/faq\/\",\"name\":\"FAQ - Prozessfinanzierung - Finanzierung f\u00fcr Anwaltskosten - Kredit f\u00fcr Gerichtsverfahren - LF Legal Finance SE\",\"isPartOf\":{\"@id\":\"https:\/\/prozessfinanzierung.eu\/#website\"},\"datePublished\":\"2023-08-20T09:00:11+00:00\",\"dateModified\":\"2023-08-22T14:03:42+00:00\",\"breadcrumb\":{\"@id\":\"https:\/\/prozessfinanzierung.eu\/faq\/#breadcrumb\"},\"inLanguage\":\"fi\",\"potentialAction\":[{\"@type\":\"ReadAction\",\"target\":[\"https:\/\/prozessfinanzierung.eu\/faq\/\"]}]},{\"@type\":\"BreadcrumbList\",\"@id\":\"https:\/\/prozessfinanzierung.eu\/faq\/#breadcrumb\",\"itemListElement\":[{\"@type\":\"ListItem\",\"position\":1,\"name\":\"Startseite\",\"item\":\"https:\/\/prozessfinanzierung.eu\/\"},{\"@type\":\"ListItem\",\"position\":2,\"name\":\"FAQ\"}]},{\"@type\":\"WebSite\",\"@id\":\"https:\/\/prozessfinanzierung.eu\/#website\",\"url\":\"https:\/\/prozessfinanzierung.eu\/\",\"name\":\"Prozessfinanzierung - Finanzierung f\u00fcr Anwaltskosten - Kredit f\u00fcr Gerichtsverfahren - LF Legal Finance SE\",\"description\":\"Finanzierung von Gerichtsprozessen gegen Erfolgsbeteiligung - LF Legal Finance SE\",\"publisher\":{\"@id\":\"https:\/\/prozessfinanzierung.eu\/#organization\"},\"potentialAction\":[{\"@type\":\"SearchAction\",\"target\":{\"@type\":\"EntryPoint\",\"urlTemplate\":\"https:\/\/prozessfinanzierung.eu\/?s={search_term_string}\"},\"query-input\":\"required name=search_term_string\"}],\"inLanguage\":\"fi\"},{\"@type\":\"Organization\",\"@id\":\"https:\/\/prozessfinanzierung.eu\/#organization\",\"name\":\"LF Legal Finance SE\",\"url\":\"https:\/\/prozessfinanzierung.eu\/\",\"logo\":{\"@type\":\"ImageObject\",\"inLanguage\":\"fi\",\"@id\":\"https:\/\/prozessfinanzierung.eu\/#\/schema\/logo\/image\/\",\"url\":\"http:\/\/prozessfinanzierung.eu\/wp-content\/uploads\/2023\/08\/legal-finance-international.jpg\",\"contentUrl\":\"http:\/\/prozessfinanzierung.eu\/wp-content\/uploads\/2023\/08\/legal-finance-international.jpg\",\"width\":842,\"height\":131,\"caption\":\"LF Legal Finance SE\"},\"image\":{\"@id\":\"https:\/\/prozessfinanzierung.eu\/#\/schema\/logo\/image\/\"}}]}<\/script>\n<!-- \/ Yoast SEO plugin. -->","yoast_head_json":{"title":"FAQ - Prozessfinanzierung - Finanzierung f\u00fcr Anwaltskosten - Kredit f\u00fcr Gerichtsverfahren - LF Legal Finance SE","robots":{"index":"index","follow":"follow","max-snippet":"max-snippet:-1","max-image-preview":"max-image-preview:large","max-video-preview":"max-video-preview:-1"},"canonical":"https:\/\/prozessfinanzierung.eu\/fi\/faq\/","og_locale":"fi_FI","og_type":"article","og_title":"FAQ - Prozessfinanzierung - Finanzierung f\u00fcr Anwaltskosten - Kredit f\u00fcr Gerichtsverfahren - LF Legal Finance SE","og_description":"Hier finden Sie Antworten auf die am h\u00e4ufigsten gestellten Frage zur Prozessfinanzierung: Was ist Prozessfinanzierung?Wieviel kostet Prozessfinanzierung?Ist Prozessfinanzierung f\u00fcr Privatpersonen oder f\u00fcr Firmen m\u00f6glich?Wie funktioniert Prozessfinanzierung?Welche Kosten zahlt der Prozessfinanzierer?Was habe ich als Kl\u00e4ger von der Prozessfinanzierung?Was passiert, wenn das Verfahren verloren geht?Greift Legal Finance in den Prozess ein?Finanzieren Sie auch den Beklagten?Welchen Rechtsanwalt kann\/soll [&hellip;]","og_url":"https:\/\/prozessfinanzierung.eu\/fi\/faq\/","og_site_name":"Prozessfinanzierung - Finanzierung f\u00fcr Anwaltskosten - Kredit f\u00fcr Gerichtsverfahren - LF Legal Finance SE","article_modified_time":"2023-08-22T14:03:42+00:00","twitter_card":"summary_large_image","twitter_misc":{"Arvioitu lukuaika":"6 minuuttia"},"schema":{"@context":"https:\/\/schema.org","@graph":[{"@type":"WebPage","@id":"https:\/\/prozessfinanzierung.eu\/faq\/","url":"https:\/\/prozessfinanzierung.eu\/faq\/","name":"FAQ - Prozessfinanzierung - Finanzierung f\u00fcr Anwaltskosten - Kredit f\u00fcr Gerichtsverfahren - LF Legal Finance SE","isPartOf":{"@id":"https:\/\/prozessfinanzierung.eu\/#website"},"datePublished":"2023-08-20T09:00:11+00:00","dateModified":"2023-08-22T14:03:42+00:00","breadcrumb":{"@id":"https:\/\/prozessfinanzierung.eu\/faq\/#breadcrumb"},"inLanguage":"fi","potentialAction":[{"@type":"ReadAction","target":["https:\/\/prozessfinanzierung.eu\/faq\/"]}]},{"@type":"BreadcrumbList","@id":"https:\/\/prozessfinanzierung.eu\/faq\/#breadcrumb","itemListElement":[{"@type":"ListItem","position":1,"name":"Startseite","item":"https:\/\/prozessfinanzierung.eu\/"},{"@type":"ListItem","position":2,"name":"FAQ"}]},{"@type":"WebSite","@id":"https:\/\/prozessfinanzierung.eu\/#website","url":"https:\/\/prozessfinanzierung.eu\/","name":"Prozessfinanzierung - Finanzierung f\u00fcr Anwaltskosten - Kredit f\u00fcr Gerichtsverfahren - LF Legal Finance SE","description":"Finanzierung von Gerichtsprozessen gegen Erfolgsbeteiligung - LF Legal Finance SE","publisher":{"@id":"https:\/\/prozessfinanzierung.eu\/#organization"},"potentialAction":[{"@type":"SearchAction","target":{"@type":"EntryPoint","urlTemplate":"https:\/\/prozessfinanzierung.eu\/?s={search_term_string}"},"query-input":"required name=search_term_string"}],"inLanguage":"fi"},{"@type":"Organization","@id":"https:\/\/prozessfinanzierung.eu\/#organization","name":"LF Legal Finance SE","url":"https:\/\/prozessfinanzierung.eu\/","logo":{"@type":"ImageObject","inLanguage":"fi","@id":"https:\/\/prozessfinanzierung.eu\/#\/schema\/logo\/image\/","url":"http:\/\/prozessfinanzierung.eu\/wp-content\/uploads\/2023\/08\/legal-finance-international.jpg","contentUrl":"http:\/\/prozessfinanzierung.eu\/wp-content\/uploads\/2023\/08\/legal-finance-international.jpg","width":842,"height":131,"caption":"LF Legal Finance SE"},"image":{"@id":"https:\/\/prozessfinanzierung.eu\/#\/schema\/logo\/image\/"}}]}},"_links":{"self":[{"href":"https:\/\/prozessfinanzierung.eu\/fi\/wp-json\/wp\/v2\/pages\/64"}],"collection":[{"href":"https:\/\/prozessfinanzierung.eu\/fi\/wp-json\/wp\/v2\/pages"}],"about":[{"href":"https:\/\/prozessfinanzierung.eu\/fi\/wp-json\/wp\/v2\/types\/page"}],"author":[{"embeddable":true,"href":"https:\/\/prozessfinanzierung.eu\/fi\/wp-json\/wp\/v2\/users\/1"}],"replies":[{"embeddable":true,"href":"https:\/\/prozessfinanzierung.eu\/fi\/wp-json\/wp\/v2\/comments?post=64"}],"version-history":[{"count":36,"href":"https:\/\/prozessfinanzierung.eu\/fi\/wp-json\/wp\/v2\/pages\/64\/revisions"}],"predecessor-version":[{"id":208,"href":"https:\/\/prozessfinanzierung.eu\/fi\/wp-json\/wp\/v2\/pages\/64\/revisions\/208"}],"wp:attachment":[{"href":"https:\/\/prozessfinanzierung.eu\/fi\/wp-json\/wp\/v2\/media?parent=64"}],"curies":[{"name":"wp","href":"https:\/\/api.w.org\/{rel}","templated":true}]}}