{"id":147,"date":"2023-08-21T13:42:47","date_gmt":"2023-08-21T11:42:47","guid":{"rendered":"https:\/\/prozessfinanzierung.eu\/?page_id=147"},"modified":"2023-08-21T13:42:47","modified_gmt":"2023-08-21T11:42:47","slug":"prozessfinanzierung-in-frankfurt","status":"publish","type":"page","link":"https:\/\/prozessfinanzierung.eu\/nn\/prozessfinanzierung-in-frankfurt\/","title":{"rendered":"Finansiering av rettssaker i Frankfurt"},"content":{"rendered":"<p>For finansiering av rettssaker i Frankfurt kan <a href=\"https:\/\/legalfinance.online\/\">LF Legal Finance SE<\/a> er din partner. Vi holder til i Frankfurt, og du finner oss p\u00e5 Thurn-und Taxis-Platz 6.<\/p>\n\n\n\n<p>Ring oss direkte: <strong>069 8700184-10<\/strong> - eller send oss en e-post: <a href=\"mailto:info@legalfinance.online\">info@legalfinance.online<\/a>.<\/p>\n\n\n\n<p>Vi finansierer rettssaker for alle domstoler i Frankfurt, alle lokale domstoler, Frankfurt Regional Court og Frankfurt Higher Regional Court.<\/p>","protected":false},"excerpt":{"rendered":"<p>F\u00fcr eine Prozessfinanzierung in Frankfurt ist die LF Legal Finance SE Ihr Partner. Wir sitzen in Frankfurt, Sie finden uns am Thurn-und Taxis-Platz 6. Rufen Sie uns direkt an: 069 8700184-10 &#8211; oder senden Sie uns eine E-Mail: info@legalfinance.online. Wir finanzieren Prozesse vor s\u00e4mtlichen Frankfurter Gerichten, an s\u00e4mtlichen Amtsgerichts, am Landgericht Frankfurt sowie am Oberlandesgericht [&hellip;]<\/p>","protected":false},"author":1,"featured_media":0,"parent":0,"menu_order":0,"comment_status":"closed","ping_status":"closed","template":"","meta":{"footnotes":""},"yoast_head":"<!-- This site is optimized with the Yoast SEO plugin v20.13 - https:\/\/yoast.com\/wordpress\/plugins\/seo\/ -->\n<title>Prozessfinanzierung in Frankfurt - Prozessfinanzierung - Finanzierung f\u00fcr Anwaltskosten - Kredit f\u00fcr Gerichtsverfahren - LF Legal Finance SE<\/title>\n<meta name=\"robots\" content=\"index, follow, max-snippet:-1, max-image-preview:large, max-video-preview:-1\" \/>\n<link rel=\"canonical\" href=\"https:\/\/prozessfinanzierung.eu\/nn\/prozessfinanzierung-in-frankfurt\/\" \/>\n<meta property=\"og:locale\" content=\"nn_NO\" \/>\n<meta property=\"og:type\" content=\"article\" \/>\n<meta property=\"og:title\" content=\"Prozessfinanzierung in Frankfurt - Prozessfinanzierung - Finanzierung f\u00fcr Anwaltskosten - Kredit f\u00fcr Gerichtsverfahren - LF Legal Finance SE\" \/>\n<meta property=\"og:description\" content=\"F\u00fcr eine Prozessfinanzierung in Frankfurt ist die LF Legal Finance SE Ihr Partner. Wir sitzen in Frankfurt, Sie finden uns am Thurn-und Taxis-Platz 6. Rufen Sie uns direkt an: 069 8700184-10 &#8211; oder senden Sie uns eine E-Mail: info@legalfinance.online. Wir finanzieren Prozesse vor s\u00e4mtlichen Frankfurter Gerichten, an s\u00e4mtlichen Amtsgerichts, am Landgericht Frankfurt sowie am Oberlandesgericht [&hellip;]\" \/>\n<meta property=\"og:url\" content=\"https:\/\/prozessfinanzierung.eu\/nn\/prozessfinanzierung-in-frankfurt\/\" \/>\n<meta property=\"og:site_name\" content=\"Prozessfinanzierung - Finanzierung f\u00fcr Anwaltskosten - Kredit f\u00fcr Gerichtsverfahren - LF Legal Finance SE\" \/>\n<meta name=\"twitter:card\" content=\"summary_large_image\" \/>\n<meta name=\"twitter:label1\" content=\"Est. reading time\" \/>\n\t<meta name=\"twitter:data1\" content=\"1 minutt\" \/>\n<script type=\"application\/ld+json\" class=\"yoast-schema-graph\">{\"@context\":\"https:\/\/schema.org\",\"@graph\":[{\"@type\":\"WebPage\",\"@id\":\"https:\/\/prozessfinanzierung.eu\/prozessfinanzierung-in-frankfurt\/\",\"url\":\"https:\/\/prozessfinanzierung.eu\/prozessfinanzierung-in-frankfurt\/\",\"name\":\"Prozessfinanzierung in Frankfurt - Prozessfinanzierung - Finanzierung f\u00fcr Anwaltskosten - Kredit f\u00fcr Gerichtsverfahren - LF Legal Finance SE\",\"isPartOf\":{\"@id\":\"https:\/\/prozessfinanzierung.eu\/#website\"},\"datePublished\":\"2023-08-21T11:42:47+00:00\",\"dateModified\":\"2023-08-21T11:42:47+00:00\",\"breadcrumb\":{\"@id\":\"https:\/\/prozessfinanzierung.eu\/prozessfinanzierung-in-frankfurt\/#breadcrumb\"},\"inLanguage\":\"nn-NO\",\"potentialAction\":[{\"@type\":\"ReadAction\",\"target\":[\"https:\/\/prozessfinanzierung.eu\/prozessfinanzierung-in-frankfurt\/\"]}]},{\"@type\":\"BreadcrumbList\",\"@id\":\"https:\/\/prozessfinanzierung.eu\/prozessfinanzierung-in-frankfurt\/#breadcrumb\",\"itemListElement\":[{\"@type\":\"ListItem\",\"position\":1,\"name\":\"Startseite\",\"item\":\"https:\/\/prozessfinanzierung.eu\/\"},{\"@type\":\"ListItem\",\"position\":2,\"name\":\"Prozessfinanzierung in Frankfurt\"}]},{\"@type\":\"WebSite\",\"@id\":\"https:\/\/prozessfinanzierung.eu\/#website\",\"url\":\"https:\/\/prozessfinanzierung.eu\/\",\"name\":\"Prozessfinanzierung - Finanzierung f\u00fcr Anwaltskosten - Kredit f\u00fcr Gerichtsverfahren - LF Legal Finance SE\",\"description\":\"Finanzierung von Gerichtsprozessen gegen Erfolgsbeteiligung - LF Legal Finance SE\",\"publisher\":{\"@id\":\"https:\/\/prozessfinanzierung.eu\/#organization\"},\"potentialAction\":[{\"@type\":\"SearchAction\",\"target\":{\"@type\":\"EntryPoint\",\"urlTemplate\":\"https:\/\/prozessfinanzierung.eu\/?s={search_term_string}\"},\"query-input\":\"required name=search_term_string\"}],\"inLanguage\":\"nn-NO\"},{\"@type\":\"Organization\",\"@id\":\"https:\/\/prozessfinanzierung.eu\/#organization\",\"name\":\"LF Legal Finance SE\",\"url\":\"https:\/\/prozessfinanzierung.eu\/\",\"logo\":{\"@type\":\"ImageObject\",\"inLanguage\":\"nn-NO\",\"@id\":\"https:\/\/prozessfinanzierung.eu\/#\/schema\/logo\/image\/\",\"url\":\"http:\/\/prozessfinanzierung.eu\/wp-content\/uploads\/2023\/08\/legal-finance-international.jpg\",\"contentUrl\":\"http:\/\/prozessfinanzierung.eu\/wp-content\/uploads\/2023\/08\/legal-finance-international.jpg\",\"width\":842,\"height\":131,\"caption\":\"LF Legal Finance SE\"},\"image\":{\"@id\":\"https:\/\/prozessfinanzierung.eu\/#\/schema\/logo\/image\/\"}}]}<\/script>\n<!-- \/ Yoast SEO plugin. -->","yoast_head_json":{"title":"Prozessfinanzierung in Frankfurt - Prozessfinanzierung - Finanzierung f\u00fcr Anwaltskosten - Kredit f\u00fcr Gerichtsverfahren - LF Legal Finance SE","robots":{"index":"index","follow":"follow","max-snippet":"max-snippet:-1","max-image-preview":"max-image-preview:large","max-video-preview":"max-video-preview:-1"},"canonical":"https:\/\/prozessfinanzierung.eu\/nn\/prozessfinanzierung-in-frankfurt\/","og_locale":"nn_NO","og_type":"article","og_title":"Prozessfinanzierung in Frankfurt - Prozessfinanzierung - Finanzierung f\u00fcr Anwaltskosten - Kredit f\u00fcr Gerichtsverfahren - LF Legal Finance SE","og_description":"F\u00fcr eine Prozessfinanzierung in Frankfurt ist die LF Legal Finance SE Ihr Partner. Wir sitzen in Frankfurt, Sie finden uns am Thurn-und Taxis-Platz 6. Rufen Sie uns direkt an: 069 8700184-10 &#8211; oder senden Sie uns eine E-Mail: info@legalfinance.online. Wir finanzieren Prozesse vor s\u00e4mtlichen Frankfurter Gerichten, an s\u00e4mtlichen Amtsgerichts, am Landgericht Frankfurt sowie am Oberlandesgericht [&hellip;]","og_url":"https:\/\/prozessfinanzierung.eu\/nn\/prozessfinanzierung-in-frankfurt\/","og_site_name":"Prozessfinanzierung - Finanzierung f\u00fcr Anwaltskosten - Kredit f\u00fcr Gerichtsverfahren - LF Legal Finance SE","twitter_card":"summary_large_image","twitter_misc":{"Est. reading time":"1 minutt"},"schema":{"@context":"https:\/\/schema.org","@graph":[{"@type":"WebPage","@id":"https:\/\/prozessfinanzierung.eu\/prozessfinanzierung-in-frankfurt\/","url":"https:\/\/prozessfinanzierung.eu\/prozessfinanzierung-in-frankfurt\/","name":"Prozessfinanzierung in Frankfurt - Prozessfinanzierung - Finanzierung f\u00fcr Anwaltskosten - Kredit f\u00fcr Gerichtsverfahren - LF Legal Finance SE","isPartOf":{"@id":"https:\/\/prozessfinanzierung.eu\/#website"},"datePublished":"2023-08-21T11:42:47+00:00","dateModified":"2023-08-21T11:42:47+00:00","breadcrumb":{"@id":"https:\/\/prozessfinanzierung.eu\/prozessfinanzierung-in-frankfurt\/#breadcrumb"},"inLanguage":"nn-NO","potentialAction":[{"@type":"ReadAction","target":["https:\/\/prozessfinanzierung.eu\/prozessfinanzierung-in-frankfurt\/"]}]},{"@type":"BreadcrumbList","@id":"https:\/\/prozessfinanzierung.eu\/prozessfinanzierung-in-frankfurt\/#breadcrumb","itemListElement":[{"@type":"ListItem","position":1,"name":"Startseite","item":"https:\/\/prozessfinanzierung.eu\/"},{"@type":"ListItem","position":2,"name":"Prozessfinanzierung in Frankfurt"}]},{"@type":"WebSite","@id":"https:\/\/prozessfinanzierung.eu\/#website","url":"https:\/\/prozessfinanzierung.eu\/","name":"Prozessfinanzierung - Finanzierung f\u00fcr Anwaltskosten - Kredit f\u00fcr Gerichtsverfahren - LF Legal Finance SE","description":"Finanzierung von Gerichtsprozessen gegen Erfolgsbeteiligung - LF Legal Finance SE","publisher":{"@id":"https:\/\/prozessfinanzierung.eu\/#organization"},"potentialAction":[{"@type":"SearchAction","target":{"@type":"EntryPoint","urlTemplate":"https:\/\/prozessfinanzierung.eu\/?s={search_term_string}"},"query-input":"required name=search_term_string"}],"inLanguage":"nn-NO"},{"@type":"Organization","@id":"https:\/\/prozessfinanzierung.eu\/#organization","name":"LF Legal Finance SE","url":"https:\/\/prozessfinanzierung.eu\/","logo":{"@type":"ImageObject","inLanguage":"nn-NO","@id":"https:\/\/prozessfinanzierung.eu\/#\/schema\/logo\/image\/","url":"http:\/\/prozessfinanzierung.eu\/wp-content\/uploads\/2023\/08\/legal-finance-international.jpg","contentUrl":"http:\/\/prozessfinanzierung.eu\/wp-content\/uploads\/2023\/08\/legal-finance-international.jpg","width":842,"height":131,"caption":"LF Legal Finance SE"},"image":{"@id":"https:\/\/prozessfinanzierung.eu\/#\/schema\/logo\/image\/"}}]}},"_links":{"self":[{"href":"https:\/\/prozessfinanzierung.eu\/nn\/wp-json\/wp\/v2\/pages\/147"}],"collection":[{"href":"https:\/\/prozessfinanzierung.eu\/nn\/wp-json\/wp\/v2\/pages"}],"about":[{"href":"https:\/\/prozessfinanzierung.eu\/nn\/wp-json\/wp\/v2\/types\/page"}],"author":[{"embeddable":true,"href":"https:\/\/prozessfinanzierung.eu\/nn\/wp-json\/wp\/v2\/users\/1"}],"replies":[{"embeddable":true,"href":"https:\/\/prozessfinanzierung.eu\/nn\/wp-json\/wp\/v2\/comments?post=147"}],"version-history":[{"count":1,"href":"https:\/\/prozessfinanzierung.eu\/nn\/wp-json\/wp\/v2\/pages\/147\/revisions"}],"predecessor-version":[{"id":148,"href":"https:\/\/prozessfinanzierung.eu\/nn\/wp-json\/wp\/v2\/pages\/147\/revisions\/148"}],"wp:attachment":[{"href":"https:\/\/prozessfinanzierung.eu\/nn\/wp-json\/wp\/v2\/media?parent=147"}],"curies":[{"name":"wp","href":"https:\/\/api.w.org\/{rel}","templated":true}]}}