{"id":151,"date":"2023-08-21T13:50:11","date_gmt":"2023-08-21T11:50:11","guid":{"rendered":"https:\/\/prozessfinanzierung.eu\/?page_id=151"},"modified":"2023-08-22T15:08:58","modified_gmt":"2023-08-22T13:08:58","slug":"eignet-sich-mein-fall-fuer-prozessfinanzierung","status":"publish","type":"page","link":"https:\/\/prozessfinanzierung.eu\/nn\/eignet-sich-mein-fall-fuer-prozessfinanzierung\/","title":{"rendered":"Er saken min egnet for prosessfinansiering?"},"content":{"rendered":"<p>Vi finansierer saker der du er saks\u00f8ker, dvs. den som har kravet.<\/p>\n\n\n\n<p>Eksempler:<\/p>\n\n\n\n<ul>\n<li>Noen skylder deg penger.<\/li>\n\n\n\n<li>Du har et krav, og skyldneren betaler ikke.<\/li>\n\n\n\n<li>Du har levert en tjeneste eller solgt noe uten \u00e5 motta penger.<\/li>\n\n\n\n<li>En arv er gjenstand for tvist.<\/li>\n\n\n\n<li>Du har blitt skadet i en ulykke eller ved en straffbar handling og krever erstatning eller oppreisning for tort og svie.<\/li>\n\n\n\n<li>Forsikringen betaler ikke ved skade.<\/li>\n\n\n\n<li>Det er en tvist om en forretningskontrakt.<\/li>\n\n\n\n<li>Du har blitt feilbehandlet av en lege eller et sykehus og har lidd skade.<\/li>\n<\/ul>\n\n\n\n<p>Legal Finance har ingen faste bel\u00f8psgrenser for tvisten. Vi vurderer hver enkelt sak individuelt.<\/p>\n\n\n\n<p>Hvis du har en sak og er p\u00e5 utkikk etter finansiering, er du velkommen til \u00e5 sende oss en <a href=\"https:\/\/prozessfinanzierung.eu\/index.php\/unverbindliche-anfrage\/\">uforpliktende og gratis foresp\u00f8rsel<\/a>s\u00e5 kommer vi tilbake til deg.<\/p>\n\n\n\n<p>Eller du kan ringe oss: <strong>069 87 00 18 4-10<\/strong> - eller send oss en e-post p\u00e5 <a href=\"mailto:info@legalfinance.online\">info@legalfinance.online<\/a>.<\/p>\n\n\n\n<p><a href=\"https:\/\/prozessfinanzierung.eu\/nn\/\">Hjemmeside<\/a><\/p>","protected":false},"excerpt":{"rendered":"<p>Wir finanzieren F\u00e4lle, in denen Sie der Kl\u00e4ger, also der Anspruchsinhaber sind. Beispiele: Legal Finance hat keine festen Grenzen beim Streitwert. Wir beurteilen jeden Fall individuell. Wenn Sie einen Fall haben und einen Finanzierung suchen, senden Sie uns gern eine unverbindliche und kostenlose Anfrage, und wir melden uns bei Ihnen. Oder Sie rufen uns an: [&hellip;]<\/p>","protected":false},"author":1,"featured_media":0,"parent":0,"menu_order":0,"comment_status":"closed","ping_status":"closed","template":"","meta":{"footnotes":""},"yoast_head":"<!-- This site is optimized with the Yoast SEO plugin v20.13 - https:\/\/yoast.com\/wordpress\/plugins\/seo\/ -->\n<title>Eignet sich mein Fall f\u00fcr Prozessfinanzierung? - Prozessfinanzierung - Finanzierung f\u00fcr Anwaltskosten - Kredit f\u00fcr Gerichtsverfahren - LF Legal Finance SE<\/title>\n<meta name=\"robots\" content=\"index, follow, max-snippet:-1, max-image-preview:large, max-video-preview:-1\" \/>\n<link rel=\"canonical\" href=\"https:\/\/prozessfinanzierung.eu\/nn\/eignet-sich-mein-fall-fuer-prozessfinanzierung\/\" \/>\n<meta property=\"og:locale\" content=\"nn_NO\" \/>\n<meta property=\"og:type\" content=\"article\" \/>\n<meta property=\"og:title\" content=\"Eignet sich mein Fall f\u00fcr Prozessfinanzierung? - Prozessfinanzierung - Finanzierung f\u00fcr Anwaltskosten - Kredit f\u00fcr Gerichtsverfahren - LF Legal Finance SE\" \/>\n<meta property=\"og:description\" content=\"Wir finanzieren F\u00e4lle, in denen Sie der Kl\u00e4ger, also der Anspruchsinhaber sind. Beispiele: Legal Finance hat keine festen Grenzen beim Streitwert. Wir beurteilen jeden Fall individuell. Wenn Sie einen Fall haben und einen Finanzierung suchen, senden Sie uns gern eine unverbindliche und kostenlose Anfrage, und wir melden uns bei Ihnen. Oder Sie rufen uns an: [&hellip;]\" \/>\n<meta property=\"og:url\" content=\"https:\/\/prozessfinanzierung.eu\/nn\/eignet-sich-mein-fall-fuer-prozessfinanzierung\/\" \/>\n<meta property=\"og:site_name\" content=\"Prozessfinanzierung - Finanzierung f\u00fcr Anwaltskosten - Kredit f\u00fcr Gerichtsverfahren - LF Legal Finance SE\" \/>\n<meta property=\"article:modified_time\" content=\"2023-08-22T13:08:58+00:00\" \/>\n<meta name=\"twitter:card\" content=\"summary_large_image\" \/>\n<meta name=\"twitter:label1\" content=\"Est. reading time\" \/>\n\t<meta name=\"twitter:data1\" content=\"1 minutt\" \/>\n<script type=\"application\/ld+json\" class=\"yoast-schema-graph\">{\"@context\":\"https:\/\/schema.org\",\"@graph\":[{\"@type\":\"WebPage\",\"@id\":\"https:\/\/prozessfinanzierung.eu\/eignet-sich-mein-fall-fuer-prozessfinanzierung\/\",\"url\":\"https:\/\/prozessfinanzierung.eu\/eignet-sich-mein-fall-fuer-prozessfinanzierung\/\",\"name\":\"Eignet sich mein Fall f\u00fcr Prozessfinanzierung? - Prozessfinanzierung - Finanzierung f\u00fcr Anwaltskosten - Kredit f\u00fcr Gerichtsverfahren - LF Legal Finance SE\",\"isPartOf\":{\"@id\":\"https:\/\/prozessfinanzierung.eu\/#website\"},\"datePublished\":\"2023-08-21T11:50:11+00:00\",\"dateModified\":\"2023-08-22T13:08:58+00:00\",\"breadcrumb\":{\"@id\":\"https:\/\/prozessfinanzierung.eu\/eignet-sich-mein-fall-fuer-prozessfinanzierung\/#breadcrumb\"},\"inLanguage\":\"nn-NO\",\"potentialAction\":[{\"@type\":\"ReadAction\",\"target\":[\"https:\/\/prozessfinanzierung.eu\/eignet-sich-mein-fall-fuer-prozessfinanzierung\/\"]}]},{\"@type\":\"BreadcrumbList\",\"@id\":\"https:\/\/prozessfinanzierung.eu\/eignet-sich-mein-fall-fuer-prozessfinanzierung\/#breadcrumb\",\"itemListElement\":[{\"@type\":\"ListItem\",\"position\":1,\"name\":\"Startseite\",\"item\":\"https:\/\/prozessfinanzierung.eu\/\"},{\"@type\":\"ListItem\",\"position\":2,\"name\":\"Eignet sich mein Fall f\u00fcr Prozessfinanzierung?\"}]},{\"@type\":\"WebSite\",\"@id\":\"https:\/\/prozessfinanzierung.eu\/#website\",\"url\":\"https:\/\/prozessfinanzierung.eu\/\",\"name\":\"Prozessfinanzierung - Finanzierung f\u00fcr Anwaltskosten - Kredit f\u00fcr Gerichtsverfahren - LF Legal Finance SE\",\"description\":\"Finanzierung von Gerichtsprozessen gegen Erfolgsbeteiligung - LF Legal Finance SE\",\"publisher\":{\"@id\":\"https:\/\/prozessfinanzierung.eu\/#organization\"},\"potentialAction\":[{\"@type\":\"SearchAction\",\"target\":{\"@type\":\"EntryPoint\",\"urlTemplate\":\"https:\/\/prozessfinanzierung.eu\/?s={search_term_string}\"},\"query-input\":\"required name=search_term_string\"}],\"inLanguage\":\"nn-NO\"},{\"@type\":\"Organization\",\"@id\":\"https:\/\/prozessfinanzierung.eu\/#organization\",\"name\":\"LF Legal Finance SE\",\"url\":\"https:\/\/prozessfinanzierung.eu\/\",\"logo\":{\"@type\":\"ImageObject\",\"inLanguage\":\"nn-NO\",\"@id\":\"https:\/\/prozessfinanzierung.eu\/#\/schema\/logo\/image\/\",\"url\":\"http:\/\/prozessfinanzierung.eu\/wp-content\/uploads\/2023\/08\/legal-finance-international.jpg\",\"contentUrl\":\"http:\/\/prozessfinanzierung.eu\/wp-content\/uploads\/2023\/08\/legal-finance-international.jpg\",\"width\":842,\"height\":131,\"caption\":\"LF Legal Finance SE\"},\"image\":{\"@id\":\"https:\/\/prozessfinanzierung.eu\/#\/schema\/logo\/image\/\"}}]}<\/script>\n<!-- \/ Yoast SEO plugin. -->","yoast_head_json":{"title":"Eignet sich mein Fall f\u00fcr Prozessfinanzierung? - Prozessfinanzierung - Finanzierung f\u00fcr Anwaltskosten - Kredit f\u00fcr Gerichtsverfahren - LF Legal Finance SE","robots":{"index":"index","follow":"follow","max-snippet":"max-snippet:-1","max-image-preview":"max-image-preview:large","max-video-preview":"max-video-preview:-1"},"canonical":"https:\/\/prozessfinanzierung.eu\/nn\/eignet-sich-mein-fall-fuer-prozessfinanzierung\/","og_locale":"nn_NO","og_type":"article","og_title":"Eignet sich mein Fall f\u00fcr Prozessfinanzierung? - Prozessfinanzierung - Finanzierung f\u00fcr Anwaltskosten - Kredit f\u00fcr Gerichtsverfahren - LF Legal Finance SE","og_description":"Wir finanzieren F\u00e4lle, in denen Sie der Kl\u00e4ger, also der Anspruchsinhaber sind. Beispiele: Legal Finance hat keine festen Grenzen beim Streitwert. Wir beurteilen jeden Fall individuell. Wenn Sie einen Fall haben und einen Finanzierung suchen, senden Sie uns gern eine unverbindliche und kostenlose Anfrage, und wir melden uns bei Ihnen. Oder Sie rufen uns an: [&hellip;]","og_url":"https:\/\/prozessfinanzierung.eu\/nn\/eignet-sich-mein-fall-fuer-prozessfinanzierung\/","og_site_name":"Prozessfinanzierung - Finanzierung f\u00fcr Anwaltskosten - Kredit f\u00fcr Gerichtsverfahren - LF Legal Finance SE","article_modified_time":"2023-08-22T13:08:58+00:00","twitter_card":"summary_large_image","twitter_misc":{"Est. reading time":"1 minutt"},"schema":{"@context":"https:\/\/schema.org","@graph":[{"@type":"WebPage","@id":"https:\/\/prozessfinanzierung.eu\/eignet-sich-mein-fall-fuer-prozessfinanzierung\/","url":"https:\/\/prozessfinanzierung.eu\/eignet-sich-mein-fall-fuer-prozessfinanzierung\/","name":"Eignet sich mein Fall f\u00fcr Prozessfinanzierung? - Prozessfinanzierung - Finanzierung f\u00fcr Anwaltskosten - Kredit f\u00fcr Gerichtsverfahren - LF Legal Finance SE","isPartOf":{"@id":"https:\/\/prozessfinanzierung.eu\/#website"},"datePublished":"2023-08-21T11:50:11+00:00","dateModified":"2023-08-22T13:08:58+00:00","breadcrumb":{"@id":"https:\/\/prozessfinanzierung.eu\/eignet-sich-mein-fall-fuer-prozessfinanzierung\/#breadcrumb"},"inLanguage":"nn-NO","potentialAction":[{"@type":"ReadAction","target":["https:\/\/prozessfinanzierung.eu\/eignet-sich-mein-fall-fuer-prozessfinanzierung\/"]}]},{"@type":"BreadcrumbList","@id":"https:\/\/prozessfinanzierung.eu\/eignet-sich-mein-fall-fuer-prozessfinanzierung\/#breadcrumb","itemListElement":[{"@type":"ListItem","position":1,"name":"Startseite","item":"https:\/\/prozessfinanzierung.eu\/"},{"@type":"ListItem","position":2,"name":"Eignet sich mein Fall f\u00fcr Prozessfinanzierung?"}]},{"@type":"WebSite","@id":"https:\/\/prozessfinanzierung.eu\/#website","url":"https:\/\/prozessfinanzierung.eu\/","name":"Prozessfinanzierung - Finanzierung f\u00fcr Anwaltskosten - Kredit f\u00fcr Gerichtsverfahren - LF Legal Finance SE","description":"Finanzierung von Gerichtsprozessen gegen Erfolgsbeteiligung - LF Legal Finance SE","publisher":{"@id":"https:\/\/prozessfinanzierung.eu\/#organization"},"potentialAction":[{"@type":"SearchAction","target":{"@type":"EntryPoint","urlTemplate":"https:\/\/prozessfinanzierung.eu\/?s={search_term_string}"},"query-input":"required name=search_term_string"}],"inLanguage":"nn-NO"},{"@type":"Organization","@id":"https:\/\/prozessfinanzierung.eu\/#organization","name":"LF Legal Finance SE","url":"https:\/\/prozessfinanzierung.eu\/","logo":{"@type":"ImageObject","inLanguage":"nn-NO","@id":"https:\/\/prozessfinanzierung.eu\/#\/schema\/logo\/image\/","url":"http:\/\/prozessfinanzierung.eu\/wp-content\/uploads\/2023\/08\/legal-finance-international.jpg","contentUrl":"http:\/\/prozessfinanzierung.eu\/wp-content\/uploads\/2023\/08\/legal-finance-international.jpg","width":842,"height":131,"caption":"LF Legal Finance SE"},"image":{"@id":"https:\/\/prozessfinanzierung.eu\/#\/schema\/logo\/image\/"}}]}},"_links":{"self":[{"href":"https:\/\/prozessfinanzierung.eu\/nn\/wp-json\/wp\/v2\/pages\/151"}],"collection":[{"href":"https:\/\/prozessfinanzierung.eu\/nn\/wp-json\/wp\/v2\/pages"}],"about":[{"href":"https:\/\/prozessfinanzierung.eu\/nn\/wp-json\/wp\/v2\/types\/page"}],"author":[{"embeddable":true,"href":"https:\/\/prozessfinanzierung.eu\/nn\/wp-json\/wp\/v2\/users\/1"}],"replies":[{"embeddable":true,"href":"https:\/\/prozessfinanzierung.eu\/nn\/wp-json\/wp\/v2\/comments?post=151"}],"version-history":[{"count":6,"href":"https:\/\/prozessfinanzierung.eu\/nn\/wp-json\/wp\/v2\/pages\/151\/revisions"}],"predecessor-version":[{"id":178,"href":"https:\/\/prozessfinanzierung.eu\/nn\/wp-json\/wp\/v2\/pages\/151\/revisions\/178"}],"wp:attachment":[{"href":"https:\/\/prozessfinanzierung.eu\/nn\/wp-json\/wp\/v2\/media?parent=151"}],"curies":[{"name":"wp","href":"https:\/\/api.w.org\/{rel}","templated":true}]}}