{"id":64,"date":"2023-08-20T11:00:11","date_gmt":"2023-08-20T09:00:11","guid":{"rendered":"https:\/\/prozessfinanzierung.eu\/?page_id=64"},"modified":"2023-08-22T16:03:42","modified_gmt":"2023-08-22T14:03:42","slug":"faq","status":"publish","type":"page","link":"https:\/\/prozessfinanzierung.eu\/nn\/faq\/","title":{"rendered":"FAQ"},"content":{"rendered":"<p>Her finner du svar p\u00e5 de vanligste sp\u00f8rsm\u00e5lene om prosessfinansiering:<\/p>\n\n\n\n<p><em><a href=\"#Was-ist-Prozessfinanzierung\">Hva er finansiering av rettstvister?<\/a><br><a href=\"#Wieviel-kostet-Prozessfinanzierung\">Hvor mye koster prosessfinansiering?<\/a><br><a href=\"#Ist-Prozessfinanzierung-f\u00fcr-Privatpersonen-oder-f\u00fcr-Firmen-m\u00f6glich\">Er prosessfinansiering tilgjengelig for privatpersoner eller bedrifter?<\/a><br><a href=\"#Wie-funktioniert-Prozessfinanzierung?\">Hvordan fungerer prosessfinansiering?<\/a><br><a href=\"#Welche-Kosten-zahlt-der-Prozessfinanzierer\">Hvilke kostnader betaler prosessfinansi\u00f8ren?<\/a><br><a href=\"#Was-habe-ich-als-Kl\u00e4ger-von-der-Prozessfinanzierung\">Hva f\u00e5r jeg som saks\u00f8ker gjennom prosessfinansiering?<\/a><br><a href=\"#Was-passiert-wenn-das-Verfahren-verloren-geht\">Hva skjer hvis saken tapes?<\/a><br><a href=\"#Greift-Legal-Finance-in-den-Prozess-ein\">Griper Legal Finance inn i prosessen?<\/a><br><a href=\"#Finanzieren-Sie-auch-den-Beklagten\">Finansierer dere ogs\u00e5 saks\u00f8kte?<\/a><br><a href=\"#Welchen-Rechtsanwalt-kann-soll-ich-beauftragen\">Hvilken advokat kan\/b\u00f8r jeg engasjere?<\/a><br><a href=\"#Ist-ein-Vergleich-m\u00f6glich\">Er det mulig \u00e5 inng\u00e5 forlik?<\/a><br><a href=\"#Ich-habe-einen-ausl\u00e4ndischen-Fall-Was-soll-ich-tun\">Jeg har en utenlandsk sak. Hva b\u00f8r jeg gj\u00f8re?<\/a><br><a href=\"#Ich-habe-einen-sehr-speziellen-Fall-Was-kann-ich-tun\">Jeg har en veldig spesiell sak. Hva kan jeg gj\u00f8re?<\/a><br><a href=\"#Ich-habe-einen-Fall-aus-einem-sehr-exotischen-Rechtsgebiet-Was-kann-ich-tun\">Jeg har en sak fra et sv\u00e6rt eksotisk rettsomr\u00e5de. Hva kan jeg gj\u00f8re?<\/a><br><a href=\"#Mein-Fall-beinhaltet-sehr-pers\u00f6nliche,-geheime-oder-peinliche-Informationen-Was-soll-ich-machen\">Saken min inneholder sv\u00e6rt personlig, hemmelig eller pinlig informasjon. Hva b\u00f8r jeg gj\u00f8re?<\/a><br><a href=\"#Mein-Fall-hat-mit-Strafrecht-zu-tun-Was-soll-ich-tun\">Saken min har med strafferett \u00e5 gj\u00f8re. Hva skal jeg gj\u00f8re?<\/a><\/em><\/p>\n\n\n\n<p id=\"Was-ist-Prozessfinanzierung\"><strong><em>Hva er finansiering av rettstvister?<\/em><\/strong><br>Prosessfinansiering er finansiering av alle kostnadene ved en rettstvist for saks\u00f8keren. Vi betaler alle kostnadene ved en rettssak og f\u00e5r en andel av gevinsten til gjengjeld. Hvis du vinner, f\u00e5r vi en andel p\u00e5 20-50 %. Hvis du taper, f\u00e5r vi ingenting, og det koster deg ingenting.<\/p>\n\n\n\n<p id=\"Wieviel-kostet-Prozessfinanzierung\"><strong><em>Hvor mye koster prosessfinansiering?<\/em><\/strong><br>Ved finansiering av rettssaker er det vanlig \u00e5 betale 20-50 % av inntektene fra rettssaken, avhengig av sakens type, omfang, status og risikoprofil. Hvis du vinner saken, mottar prosessfinansi\u00f8ren 20-50 % av bel\u00f8pet du mottar. Hvis du taper saken, koster det deg ingenting. Du trenger ikke \u00e5 betale noe p\u00e5 forh\u00e5nd, hele saksbehandlingen og oppgj\u00f8ret er kostnadsfritt.<\/p>\n\n\n\n<p id=\"Ist-Prozessfinanzierung-f\u00fcr-Privatpersonen-oder-f\u00fcr-Firmen-m\u00f6glich\"><strong><em>Er prosessfinansiering tilgjengelig for privatpersoner eller bedrifter?<\/em><\/strong><br>Selskaper i alle juridiske former og land samt privatpersoner kan benytte seg av prosessfinansiering. Du er velkommen til \u00e5 sende oss en <a href=\"https:\/\/prozessfinanzierung.eu\/index.php\/unverbindliche-anfrage\/\">Ikke-bindende foresp\u00f8rsel<\/a>.<\/p>\n\n\n\n<p id=\"Wie-funktioniert-Prozessfinanzierung?\"><strong><em>Hvordan fungerer prosessfinansiering?<\/em><\/strong><br>Beskriv saken din for oss - den beste m\u00e5ten \u00e5 gj\u00f8re dette p\u00e5 er \u00e5 sende oss et <a href=\"https:\/\/prozessfinanzierung.eu\/index.php\/unverbindliche-anfrage\/\">gratis, uforpliktende foresp\u00f8rsel<\/a>. Dette er strengt konfidensielt, og vi gjennomg\u00e5r saken din kostnadsfritt. Vi kommer tilbake til deg og kan be om ytterligere dokumentasjon eller ha oppf\u00f8lgingssp\u00f8rsm\u00e5l. Hvis vi bestemmer oss for \u00e5 finansiere saken din, sender vi deg et tilbud og en avtale om prosessfinansiering. S\u00e5 snart denne er signert, betaler vi <a href=\"https:\/\/legalfinance.online\/\">Legal Finance<\/a> alle saksomkostninger.<\/p>\n\n\n\n<p id=\"Welche-Kosten-zahlt-der-Prozessfinanzierer\"><strong><em>Hvilke kostnader betaler prosessfinansi\u00f8ren?<br><\/em><\/strong>Du trenger ikke \u00e5 betale noe som helst. Prosessfinansi\u00f8ren betaler for eksempel alle kostnader:<\/p>\n\n\n\n<ul>\n<li>Saksomkostninger<\/li>\n\n\n\n<li>Advokatsal\u00e6r<\/li>\n\n\n\n<li>Utgifter til korrespondanseadvokat<\/li>\n\n\n\n<li>Honorar til sakkyndige og sakkyndige vitner<\/li>\n\n\n\n<li>Reiseutgifter<\/li>\n\n\n\n<li>Utgifter til vitner<\/li>\n\n\n\n<li>Depositum og forskudd<\/li>\n<\/ul>\n\n\n\n<p>Kort sagt: Prosessfinansi\u00f8ren betaler alt, du som saks\u00f8ker betaler ingenting.<\/p>\n\n\n\n<p id=\"Was-habe-ich-als-Kl\u00e4ger-von-der-Prozessfinanzierung\"><strong><em>Hva f\u00e5r jeg som saks\u00f8ker gjennom prosessfinansiering?<\/em><\/strong><br>Med prosessfinansiering kan du som saks\u00f8ker f\u00f8re saken helt avslappet og uten \u00e5 bekymre deg for \u00f8kende kostnader. For som saks\u00f8ker skylder saks\u00f8kte deg allerede penger, og du er i den ubehagelige situasjonen at du n\u00e5 ogs\u00e5 m\u00e5 bruke penger p\u00e5 \u00e5 f\u00f8re saken. Prosessfinansi\u00f8ren overtar disse kostnadene, og du slipper \u00e5 betale noe p\u00e5 forh\u00e5nd.<\/p>\n\n\n\n<p>Som selskap har du den fordelen at du slipper \u00e5 gj\u00f8re avsetninger til saksomkostninger.<\/p>\n\n\n\n<p>Generelt er fordelen med prosessfinansiering at likviditeten din ikke p\u00e5virkes fordi du ikke trenger \u00e5 b\u00e6re noen kostnader p\u00e5 forh\u00e5nd.<\/p>\n\n\n\n<p id=\"Was-passiert-wenn-das-Verfahren-verloren-geht\"><strong><em>Hva skjer hvis saken tapes?<\/em><\/strong><br>Hvis saken tapes i \u00e9n instans, dvs. at du taper, betaler du ingenting. Hvis det er mulig \u00e5 f\u00e5 saken behandlet i en annen instans, for eksempel ved anke eller gjenopptakelse, vurderer vi sammen med deg og advokaten din om det er fornuftig \u00e5 anke. Legal Finance finansierer selvf\u00f8lgelig ogs\u00e5 kostnadene ved en eventuell anke. Uansett betaler du ikke noe som helst hvis saken tapes. I s\u00e5 fall er det Legal Finance som st\u00e5r for alle kostnader.<\/p>\n\n\n\n<p id=\"Greift-Legal-Finance-in-den-Prozess-ein\"><strong><em>Griper Legal Finance inn i prosessen?<\/em><\/strong><br>Nei, du kan v\u00e6re helt trygg: Prosessen gjennomf\u00f8res helt objektivt av advokaten din, som kun er forpliktet overfor deg. Men vi stiller gjerne v\u00e5rt nettverk til r\u00e5dighet hvis det er behov for r\u00e5d eller bistand, eller hvis en spesialist m\u00e5 tilkalles. I noen tilfeller kan vi ogs\u00e5 henvise deg til en advokat hvis du ikke allerede har engasjert en.<\/p>\n\n\n\n<p id=\"Finanzieren-Sie-auch-den-Beklagten\"><strong><em>Finansierer dere ogs\u00e5 saks\u00f8kte?<\/em><\/strong><br>I rettssaker finansierer Legal Finance kun saks\u00f8keren, dvs. den som har kravet. Vi tilbyr for \u00f8yeblikket ikke finansiering av saks\u00f8kte. Meld deg p\u00e5 nyhetsbrevet v\u00e5rt, s\u00e5 informerer vi deg s\u00e5 snart vi tilbyr et slikt produkt.<\/p>\n\n\n\n<p id=\"Welchen-Rechtsanwalt-kann-soll-ich-beauftragen\"><strong><em>Hvilken advokat kan\/b\u00f8r jeg engasjere?<\/em><\/strong><br>Hvis du enn\u00e5 ikke har engasjert en advokat, <a href=\"https:\/\/prozessfinanzierung.eu\/index.php\/unverbindliche-anfrage\/\">kan du kontakte oss direkte med din foresp\u00f8rsel.<\/a>Vi vil se p\u00e5 saken din, og i tilfelle finansiering henviser vi deg gjerne til en advokat.<\/p>\n\n\n\n<p id=\"Ist-ein-Vergleich-m\u00f6glich\"><strong><em>Er det mulig \u00e5 inng\u00e5 forlik?<\/em><\/strong><br>Selvsagt er vi ogs\u00e5 positive til forlik, fordi forlik avslutter rettstvister i minnelighet og raskere og kan representere en vinn-vinn-situasjon. Legal Finance blander seg ikke inn i saksbehandlingen, og forlik er mulig n\u00e5r som helst.<\/p>\n\n\n\n<p id=\"Ich-habe-einen-ausl\u00e4ndischen-Fall-Was-soll-ich-tun\"><strong><em>Jeg har en utenlandsk sak. Hva b\u00f8r jeg gj\u00f8re?<\/em><\/strong><br>Legal Finance finansierer ogs\u00e5 utenlandske saker uansett jurisdiksjon. <a href=\"https:\/\/prozessfinanzierung.eu\/index.php\/unverbindliche-anfrage\/\">Ta gjerne kontakt med oss<\/a>, vi holder kontakten.<\/p>\n\n\n\n<p id=\"Ich-habe-einen-sehr-speziellen-Fall-Was-kann-ich-tun\"><strong><em>Jeg har en veldig spesiell sak. Hva kan jeg gj\u00f8re?<\/em><\/strong><br>Det er ikke noe problem. <a href=\"https:\/\/prozessfinanzierung.eu\/index.php\/unverbindliche-anfrage\/\">Kontakt oss<\/a>s\u00e5 gjennomg\u00e5r vi saken din.<\/p>\n\n\n\n<p id=\"Ich-habe-einen-Fall-aus-einem-sehr-exotischen-Rechtsgebiet-Was-kann-ich-tun\"><strong><em>Jeg har en sak fra et sv\u00e6rt eksotisk rettsomr\u00e5de. Hva kan jeg gj\u00f8re?<\/em><\/strong><br>Legal Finance finansierer i prinsippet alle rettsomr\u00e5der. <a href=\"https:\/\/prozessfinanzierung.eu\/index.php\/unverbindliche-anfrage\/\">Ta kontakt med oss<\/a>s\u00e5 tar vi gjerne en uforpliktende og gratis gjennomgang av saken din.<\/p>\n\n\n\n<p id=\"Mein-Fall-beinhaltet-sehr-pers\u00f6nliche,-geheime-oder-peinliche-Informationen-Was-soll-ich-machen\"><em><strong>Saken min inneholder sv\u00e6rt personlig, hemmelig eller pinlig informasjon. Hva b\u00f8r jeg gj\u00f8re?<\/strong><\/em><br>Opplysningene dine er trygge og konfidensielle hos oss og vil ikke bli gjort tilgjengelig for noen. All informasjon du sender oss, vil kun bli brukt til \u00e5 vurdere saken og behandle finansieringen. Vi blander oss ikke inn i prosessene, og opplysningene dine er trygge hos oss. De overf\u00f8res kun i kryptert form og lagres p\u00e5 en sikker m\u00e5te.<\/p>\n\n\n\n<p>Men hvis du er bekymret, kan du n\u00e5r som helst ringe oss via en sikker, kryptert kommunikasjonskanal. Send oss gjerne din <a href=\"https:\/\/prozessfinanzierung.eu\/index.php\/unverbindliche-anfrage\/\">Ikke-bindende foresp\u00f8rsel<\/a>, oder sprechen Sie uns \u00fcber das <a href=\"https:\/\/prozessfinanzierung.eu\/index.php\/kontakt\/\">Kontaktskjema<\/a> . Vi sender deg instruksjoner om hvordan du kan kontakte oss konfidensielt, kryptert og sikkert.<\/p>\n\n\n\n<p id=\"Mein-Fall-hat-mit-Strafrecht-zu-tun-Was-soll-ich-tun\"><strong><em>Saken min har med strafferett \u00e5 gj\u00f8re. Hva skal jeg gj\u00f8re?<\/em><\/strong><br>I prinsippet er ingen rettsomr\u00e5der utelukket. Du er velkommen til \u00e5 sende oss din <a href=\"https:\/\/prozessfinanzierung.eu\/index.php\/unverbindliche-anfrage\/\">Ikke-bindende foresp\u00f8rsel<\/a>s\u00e5 kommer vi tilbake til deg.<br><\/p>\n\n\n\n<p><br><\/p>","protected":false},"excerpt":{"rendered":"<p>Hier finden Sie Antworten auf die am h\u00e4ufigsten gestellten Frage zur Prozessfinanzierung: Was ist Prozessfinanzierung?Wieviel kostet Prozessfinanzierung?Ist Prozessfinanzierung f\u00fcr Privatpersonen oder f\u00fcr Firmen m\u00f6glich?Wie funktioniert Prozessfinanzierung?Welche Kosten zahlt der Prozessfinanzierer?Was habe ich als Kl\u00e4ger von der Prozessfinanzierung?Was passiert, wenn das Verfahren verloren geht?Greift Legal Finance in den Prozess ein?Finanzieren Sie auch den Beklagten?Welchen Rechtsanwalt kann\/soll [&hellip;]<\/p>","protected":false},"author":1,"featured_media":0,"parent":0,"menu_order":0,"comment_status":"closed","ping_status":"closed","template":"","meta":{"footnotes":""},"yoast_head":"<!-- This site is optimized with the Yoast SEO plugin v20.13 - https:\/\/yoast.com\/wordpress\/plugins\/seo\/ -->\n<title>FAQ - Prozessfinanzierung - Finanzierung f\u00fcr Anwaltskosten - Kredit f\u00fcr Gerichtsverfahren - LF Legal Finance SE<\/title>\n<meta name=\"robots\" content=\"index, follow, max-snippet:-1, max-image-preview:large, max-video-preview:-1\" \/>\n<link rel=\"canonical\" href=\"https:\/\/prozessfinanzierung.eu\/nn\/faq\/\" \/>\n<meta property=\"og:locale\" content=\"nn_NO\" \/>\n<meta property=\"og:type\" content=\"article\" \/>\n<meta property=\"og:title\" content=\"FAQ - Prozessfinanzierung - Finanzierung f\u00fcr Anwaltskosten - Kredit f\u00fcr Gerichtsverfahren - LF Legal Finance SE\" \/>\n<meta property=\"og:description\" content=\"Hier finden Sie Antworten auf die am h\u00e4ufigsten gestellten Frage zur Prozessfinanzierung: Was ist Prozessfinanzierung?Wieviel kostet Prozessfinanzierung?Ist Prozessfinanzierung f\u00fcr Privatpersonen oder f\u00fcr Firmen m\u00f6glich?Wie funktioniert Prozessfinanzierung?Welche Kosten zahlt der Prozessfinanzierer?Was habe ich als Kl\u00e4ger von der Prozessfinanzierung?Was passiert, wenn das Verfahren verloren geht?Greift Legal Finance in den Prozess ein?Finanzieren Sie auch den Beklagten?Welchen Rechtsanwalt kann\/soll [&hellip;]\" \/>\n<meta property=\"og:url\" content=\"https:\/\/prozessfinanzierung.eu\/nn\/faq\/\" \/>\n<meta property=\"og:site_name\" content=\"Prozessfinanzierung - Finanzierung f\u00fcr Anwaltskosten - Kredit f\u00fcr Gerichtsverfahren - LF Legal Finance SE\" \/>\n<meta property=\"article:modified_time\" content=\"2023-08-22T14:03:42+00:00\" \/>\n<meta name=\"twitter:card\" content=\"summary_large_image\" \/>\n<meta name=\"twitter:label1\" content=\"Est. reading time\" \/>\n\t<meta name=\"twitter:data1\" content=\"6 minutt\" \/>\n<script type=\"application\/ld+json\" class=\"yoast-schema-graph\">{\"@context\":\"https:\/\/schema.org\",\"@graph\":[{\"@type\":\"WebPage\",\"@id\":\"https:\/\/prozessfinanzierung.eu\/faq\/\",\"url\":\"https:\/\/prozessfinanzierung.eu\/faq\/\",\"name\":\"FAQ - Prozessfinanzierung - Finanzierung f\u00fcr Anwaltskosten - Kredit f\u00fcr Gerichtsverfahren - LF Legal Finance SE\",\"isPartOf\":{\"@id\":\"https:\/\/prozessfinanzierung.eu\/#website\"},\"datePublished\":\"2023-08-20T09:00:11+00:00\",\"dateModified\":\"2023-08-22T14:03:42+00:00\",\"breadcrumb\":{\"@id\":\"https:\/\/prozessfinanzierung.eu\/faq\/#breadcrumb\"},\"inLanguage\":\"nn-NO\",\"potentialAction\":[{\"@type\":\"ReadAction\",\"target\":[\"https:\/\/prozessfinanzierung.eu\/faq\/\"]}]},{\"@type\":\"BreadcrumbList\",\"@id\":\"https:\/\/prozessfinanzierung.eu\/faq\/#breadcrumb\",\"itemListElement\":[{\"@type\":\"ListItem\",\"position\":1,\"name\":\"Startseite\",\"item\":\"https:\/\/prozessfinanzierung.eu\/\"},{\"@type\":\"ListItem\",\"position\":2,\"name\":\"FAQ\"}]},{\"@type\":\"WebSite\",\"@id\":\"https:\/\/prozessfinanzierung.eu\/#website\",\"url\":\"https:\/\/prozessfinanzierung.eu\/\",\"name\":\"Prozessfinanzierung - Finanzierung f\u00fcr Anwaltskosten - Kredit f\u00fcr Gerichtsverfahren - LF Legal Finance SE\",\"description\":\"Finanzierung von Gerichtsprozessen gegen Erfolgsbeteiligung - LF Legal Finance SE\",\"publisher\":{\"@id\":\"https:\/\/prozessfinanzierung.eu\/#organization\"},\"potentialAction\":[{\"@type\":\"SearchAction\",\"target\":{\"@type\":\"EntryPoint\",\"urlTemplate\":\"https:\/\/prozessfinanzierung.eu\/?s={search_term_string}\"},\"query-input\":\"required name=search_term_string\"}],\"inLanguage\":\"nn-NO\"},{\"@type\":\"Organization\",\"@id\":\"https:\/\/prozessfinanzierung.eu\/#organization\",\"name\":\"LF Legal Finance SE\",\"url\":\"https:\/\/prozessfinanzierung.eu\/\",\"logo\":{\"@type\":\"ImageObject\",\"inLanguage\":\"nn-NO\",\"@id\":\"https:\/\/prozessfinanzierung.eu\/#\/schema\/logo\/image\/\",\"url\":\"http:\/\/prozessfinanzierung.eu\/wp-content\/uploads\/2023\/08\/legal-finance-international.jpg\",\"contentUrl\":\"http:\/\/prozessfinanzierung.eu\/wp-content\/uploads\/2023\/08\/legal-finance-international.jpg\",\"width\":842,\"height\":131,\"caption\":\"LF Legal Finance SE\"},\"image\":{\"@id\":\"https:\/\/prozessfinanzierung.eu\/#\/schema\/logo\/image\/\"}}]}<\/script>\n<!-- \/ Yoast SEO plugin. -->","yoast_head_json":{"title":"FAQ - Prozessfinanzierung - Finanzierung f\u00fcr Anwaltskosten - Kredit f\u00fcr Gerichtsverfahren - LF Legal Finance SE","robots":{"index":"index","follow":"follow","max-snippet":"max-snippet:-1","max-image-preview":"max-image-preview:large","max-video-preview":"max-video-preview:-1"},"canonical":"https:\/\/prozessfinanzierung.eu\/nn\/faq\/","og_locale":"nn_NO","og_type":"article","og_title":"FAQ - Prozessfinanzierung - Finanzierung f\u00fcr Anwaltskosten - Kredit f\u00fcr Gerichtsverfahren - LF Legal Finance SE","og_description":"Hier finden Sie Antworten auf die am h\u00e4ufigsten gestellten Frage zur Prozessfinanzierung: Was ist Prozessfinanzierung?Wieviel kostet Prozessfinanzierung?Ist Prozessfinanzierung f\u00fcr Privatpersonen oder f\u00fcr Firmen m\u00f6glich?Wie funktioniert Prozessfinanzierung?Welche Kosten zahlt der Prozessfinanzierer?Was habe ich als Kl\u00e4ger von der Prozessfinanzierung?Was passiert, wenn das Verfahren verloren geht?Greift Legal Finance in den Prozess ein?Finanzieren Sie auch den Beklagten?Welchen Rechtsanwalt kann\/soll [&hellip;]","og_url":"https:\/\/prozessfinanzierung.eu\/nn\/faq\/","og_site_name":"Prozessfinanzierung - Finanzierung f\u00fcr Anwaltskosten - Kredit f\u00fcr Gerichtsverfahren - LF Legal Finance SE","article_modified_time":"2023-08-22T14:03:42+00:00","twitter_card":"summary_large_image","twitter_misc":{"Est. reading time":"6 minutt"},"schema":{"@context":"https:\/\/schema.org","@graph":[{"@type":"WebPage","@id":"https:\/\/prozessfinanzierung.eu\/faq\/","url":"https:\/\/prozessfinanzierung.eu\/faq\/","name":"FAQ - Prozessfinanzierung - Finanzierung f\u00fcr Anwaltskosten - Kredit f\u00fcr Gerichtsverfahren - LF Legal Finance SE","isPartOf":{"@id":"https:\/\/prozessfinanzierung.eu\/#website"},"datePublished":"2023-08-20T09:00:11+00:00","dateModified":"2023-08-22T14:03:42+00:00","breadcrumb":{"@id":"https:\/\/prozessfinanzierung.eu\/faq\/#breadcrumb"},"inLanguage":"nn-NO","potentialAction":[{"@type":"ReadAction","target":["https:\/\/prozessfinanzierung.eu\/faq\/"]}]},{"@type":"BreadcrumbList","@id":"https:\/\/prozessfinanzierung.eu\/faq\/#breadcrumb","itemListElement":[{"@type":"ListItem","position":1,"name":"Startseite","item":"https:\/\/prozessfinanzierung.eu\/"},{"@type":"ListItem","position":2,"name":"FAQ"}]},{"@type":"WebSite","@id":"https:\/\/prozessfinanzierung.eu\/#website","url":"https:\/\/prozessfinanzierung.eu\/","name":"Prozessfinanzierung - Finanzierung f\u00fcr Anwaltskosten - Kredit f\u00fcr Gerichtsverfahren - LF Legal Finance SE","description":"Finanzierung von Gerichtsprozessen gegen Erfolgsbeteiligung - LF Legal Finance SE","publisher":{"@id":"https:\/\/prozessfinanzierung.eu\/#organization"},"potentialAction":[{"@type":"SearchAction","target":{"@type":"EntryPoint","urlTemplate":"https:\/\/prozessfinanzierung.eu\/?s={search_term_string}"},"query-input":"required name=search_term_string"}],"inLanguage":"nn-NO"},{"@type":"Organization","@id":"https:\/\/prozessfinanzierung.eu\/#organization","name":"LF Legal Finance SE","url":"https:\/\/prozessfinanzierung.eu\/","logo":{"@type":"ImageObject","inLanguage":"nn-NO","@id":"https:\/\/prozessfinanzierung.eu\/#\/schema\/logo\/image\/","url":"http:\/\/prozessfinanzierung.eu\/wp-content\/uploads\/2023\/08\/legal-finance-international.jpg","contentUrl":"http:\/\/prozessfinanzierung.eu\/wp-content\/uploads\/2023\/08\/legal-finance-international.jpg","width":842,"height":131,"caption":"LF Legal Finance SE"},"image":{"@id":"https:\/\/prozessfinanzierung.eu\/#\/schema\/logo\/image\/"}}]}},"_links":{"self":[{"href":"https:\/\/prozessfinanzierung.eu\/nn\/wp-json\/wp\/v2\/pages\/64"}],"collection":[{"href":"https:\/\/prozessfinanzierung.eu\/nn\/wp-json\/wp\/v2\/pages"}],"about":[{"href":"https:\/\/prozessfinanzierung.eu\/nn\/wp-json\/wp\/v2\/types\/page"}],"author":[{"embeddable":true,"href":"https:\/\/prozessfinanzierung.eu\/nn\/wp-json\/wp\/v2\/users\/1"}],"replies":[{"embeddable":true,"href":"https:\/\/prozessfinanzierung.eu\/nn\/wp-json\/wp\/v2\/comments?post=64"}],"version-history":[{"count":36,"href":"https:\/\/prozessfinanzierung.eu\/nn\/wp-json\/wp\/v2\/pages\/64\/revisions"}],"predecessor-version":[{"id":208,"href":"https:\/\/prozessfinanzierung.eu\/nn\/wp-json\/wp\/v2\/pages\/64\/revisions\/208"}],"wp:attachment":[{"href":"https:\/\/prozessfinanzierung.eu\/nn\/wp-json\/wp\/v2\/media?parent=64"}],"curies":[{"name":"wp","href":"https:\/\/api.w.org\/{rel}","templated":true}]}}