{"id":151,"date":"2023-08-21T13:50:11","date_gmt":"2023-08-21T11:50:11","guid":{"rendered":"https:\/\/prozessfinanzierung.eu\/?page_id=151"},"modified":"2023-08-22T15:08:58","modified_gmt":"2023-08-22T13:08:58","slug":"eignet-sich-mein-fall-fuer-prozessfinanzierung","status":"publish","type":"page","link":"https:\/\/prozessfinanzierung.eu\/sv\/eignet-sich-mein-fall-fuer-prozessfinanzierung\/","title":{"rendered":"\u00c4r mitt fall l\u00e4mpligt f\u00f6r finansiering av tvister?"},"content":{"rendered":"<p>Vi finansierar \u00e4renden d\u00e4r du \u00e4r fordrings\u00e4gare, dvs. innehavare av fordran.<\/p>\n\n\n\n<p>Exempel:<\/p>\n\n\n\n<ul>\n<li>N\u00e5gon \u00e4r skyldig dig pengar.<\/li>\n\n\n\n<li>Du har en fordran och g\u00e4lden\u00e4ren betalar inte.<\/li>\n\n\n\n<li>Du har tillhandah\u00e5llit en tj\u00e4nst eller s\u00e5lt n\u00e5got utan att f\u00e5 n\u00e5gra pengar.<\/li>\n\n\n\n<li>Ett arv f\u00f6rdelas i tvist.<\/li>\n\n\n\n<li>Du har skadats i en olycka eller genom ett brott och kr\u00e4ver skadest\u00e5nd eller ers\u00e4ttning f\u00f6r sveda och v\u00e4rk.<\/li>\n\n\n\n<li>F\u00f6rs\u00e4kringen betalar inte ut ers\u00e4ttning vid skada.<\/li>\n\n\n\n<li>Det finns en tvist om ett aff\u00e4rsavtal.<\/li>\n\n\n\n<li>Du har blivit felaktigt behandlad av en l\u00e4kare eller ett sjukhus och har lidit skada.<\/li>\n<\/ul>\n\n\n\n<p>Legal Finance har inga fasta beloppsgr\u00e4nser f\u00f6r tvisten. Vi g\u00f6r en individuell bed\u00f6mning av varje \u00e4rende.<\/p>\n\n\n\n<p>Om du har ett fall och s\u00f6ker finansiering \u00e4r du v\u00e4lkommen att skicka oss ett <a href=\"https:\/\/prozessfinanzierung.eu\/index.php\/unverbindliche-anfrage\/\">icke-bindande och kostnadsfri f\u00f6rfr\u00e5gan<\/a>s\u00e5 \u00e5terkommer vi till dig.<\/p>\n\n\n\n<p>Eller s\u00e5 kan du ringa oss: <strong>069 87 00 18 4-10<\/strong> - eller maila oss p\u00e5 <a href=\"mailto:info@legalfinance.online\">info@legalfinance.online<\/a>.<\/p>\n\n\n\n<p><a href=\"https:\/\/prozessfinanzierung.eu\/sv\/\">Hemsida<\/a><\/p>","protected":false},"excerpt":{"rendered":"<p>Wir finanzieren F\u00e4lle, in denen Sie der Kl\u00e4ger, also der Anspruchsinhaber sind. Beispiele: Legal Finance hat keine festen Grenzen beim Streitwert. Wir beurteilen jeden Fall individuell. Wenn Sie einen Fall haben und einen Finanzierung suchen, senden Sie uns gern eine unverbindliche und kostenlose Anfrage, und wir melden uns bei Ihnen. Oder Sie rufen uns an: [&hellip;]<\/p>","protected":false},"author":1,"featured_media":0,"parent":0,"menu_order":0,"comment_status":"closed","ping_status":"closed","template":"","meta":{"footnotes":""},"yoast_head":"<!-- This site is optimized with the Yoast SEO plugin v20.13 - https:\/\/yoast.com\/wordpress\/plugins\/seo\/ -->\n<title>Eignet sich mein Fall f\u00fcr Prozessfinanzierung? - Prozessfinanzierung - Finanzierung f\u00fcr Anwaltskosten - Kredit f\u00fcr Gerichtsverfahren - LF Legal Finance SE<\/title>\n<meta name=\"robots\" content=\"index, follow, max-snippet:-1, max-image-preview:large, max-video-preview:-1\" \/>\n<link rel=\"canonical\" href=\"https:\/\/prozessfinanzierung.eu\/sv\/eignet-sich-mein-fall-fuer-prozessfinanzierung\/\" \/>\n<meta property=\"og:locale\" content=\"sv_SE\" \/>\n<meta property=\"og:type\" content=\"article\" \/>\n<meta property=\"og:title\" content=\"Eignet sich mein Fall f\u00fcr Prozessfinanzierung? - Prozessfinanzierung - Finanzierung f\u00fcr Anwaltskosten - Kredit f\u00fcr Gerichtsverfahren - LF Legal Finance SE\" \/>\n<meta property=\"og:description\" content=\"Wir finanzieren F\u00e4lle, in denen Sie der Kl\u00e4ger, also der Anspruchsinhaber sind. Beispiele: Legal Finance hat keine festen Grenzen beim Streitwert. Wir beurteilen jeden Fall individuell. Wenn Sie einen Fall haben und einen Finanzierung suchen, senden Sie uns gern eine unverbindliche und kostenlose Anfrage, und wir melden uns bei Ihnen. Oder Sie rufen uns an: [&hellip;]\" \/>\n<meta property=\"og:url\" content=\"https:\/\/prozessfinanzierung.eu\/sv\/eignet-sich-mein-fall-fuer-prozessfinanzierung\/\" \/>\n<meta property=\"og:site_name\" content=\"Prozessfinanzierung - Finanzierung f\u00fcr Anwaltskosten - Kredit f\u00fcr Gerichtsverfahren - LF Legal Finance SE\" \/>\n<meta property=\"article:modified_time\" content=\"2023-08-22T13:08:58+00:00\" \/>\n<meta name=\"twitter:card\" content=\"summary_large_image\" \/>\n<meta name=\"twitter:label1\" content=\"Ber\u00e4knad l\u00e4stid\" \/>\n\t<meta name=\"twitter:data1\" content=\"1 minut\" \/>\n<script type=\"application\/ld+json\" class=\"yoast-schema-graph\">{\"@context\":\"https:\/\/schema.org\",\"@graph\":[{\"@type\":\"WebPage\",\"@id\":\"https:\/\/prozessfinanzierung.eu\/eignet-sich-mein-fall-fuer-prozessfinanzierung\/\",\"url\":\"https:\/\/prozessfinanzierung.eu\/eignet-sich-mein-fall-fuer-prozessfinanzierung\/\",\"name\":\"Eignet sich mein Fall f\u00fcr Prozessfinanzierung? - Prozessfinanzierung - Finanzierung f\u00fcr Anwaltskosten - Kredit f\u00fcr Gerichtsverfahren - LF Legal Finance SE\",\"isPartOf\":{\"@id\":\"https:\/\/prozessfinanzierung.eu\/#website\"},\"datePublished\":\"2023-08-21T11:50:11+00:00\",\"dateModified\":\"2023-08-22T13:08:58+00:00\",\"breadcrumb\":{\"@id\":\"https:\/\/prozessfinanzierung.eu\/eignet-sich-mein-fall-fuer-prozessfinanzierung\/#breadcrumb\"},\"inLanguage\":\"sv-SE\",\"potentialAction\":[{\"@type\":\"ReadAction\",\"target\":[\"https:\/\/prozessfinanzierung.eu\/eignet-sich-mein-fall-fuer-prozessfinanzierung\/\"]}]},{\"@type\":\"BreadcrumbList\",\"@id\":\"https:\/\/prozessfinanzierung.eu\/eignet-sich-mein-fall-fuer-prozessfinanzierung\/#breadcrumb\",\"itemListElement\":[{\"@type\":\"ListItem\",\"position\":1,\"name\":\"Startseite\",\"item\":\"https:\/\/prozessfinanzierung.eu\/\"},{\"@type\":\"ListItem\",\"position\":2,\"name\":\"Eignet sich mein Fall f\u00fcr Prozessfinanzierung?\"}]},{\"@type\":\"WebSite\",\"@id\":\"https:\/\/prozessfinanzierung.eu\/#website\",\"url\":\"https:\/\/prozessfinanzierung.eu\/\",\"name\":\"Prozessfinanzierung - Finanzierung f\u00fcr Anwaltskosten - Kredit f\u00fcr Gerichtsverfahren - LF Legal Finance SE\",\"description\":\"Finanzierung von Gerichtsprozessen gegen Erfolgsbeteiligung - LF Legal Finance SE\",\"publisher\":{\"@id\":\"https:\/\/prozessfinanzierung.eu\/#organization\"},\"potentialAction\":[{\"@type\":\"SearchAction\",\"target\":{\"@type\":\"EntryPoint\",\"urlTemplate\":\"https:\/\/prozessfinanzierung.eu\/?s={search_term_string}\"},\"query-input\":\"required name=search_term_string\"}],\"inLanguage\":\"sv-SE\"},{\"@type\":\"Organization\",\"@id\":\"https:\/\/prozessfinanzierung.eu\/#organization\",\"name\":\"LF Legal Finance SE\",\"url\":\"https:\/\/prozessfinanzierung.eu\/\",\"logo\":{\"@type\":\"ImageObject\",\"inLanguage\":\"sv-SE\",\"@id\":\"https:\/\/prozessfinanzierung.eu\/#\/schema\/logo\/image\/\",\"url\":\"http:\/\/prozessfinanzierung.eu\/wp-content\/uploads\/2023\/08\/legal-finance-international.jpg\",\"contentUrl\":\"http:\/\/prozessfinanzierung.eu\/wp-content\/uploads\/2023\/08\/legal-finance-international.jpg\",\"width\":842,\"height\":131,\"caption\":\"LF Legal Finance SE\"},\"image\":{\"@id\":\"https:\/\/prozessfinanzierung.eu\/#\/schema\/logo\/image\/\"}}]}<\/script>\n<!-- \/ Yoast SEO plugin. -->","yoast_head_json":{"title":"Eignet sich mein Fall f\u00fcr Prozessfinanzierung? - Prozessfinanzierung - Finanzierung f\u00fcr Anwaltskosten - Kredit f\u00fcr Gerichtsverfahren - LF Legal Finance SE","robots":{"index":"index","follow":"follow","max-snippet":"max-snippet:-1","max-image-preview":"max-image-preview:large","max-video-preview":"max-video-preview:-1"},"canonical":"https:\/\/prozessfinanzierung.eu\/sv\/eignet-sich-mein-fall-fuer-prozessfinanzierung\/","og_locale":"sv_SE","og_type":"article","og_title":"Eignet sich mein Fall f\u00fcr Prozessfinanzierung? - Prozessfinanzierung - Finanzierung f\u00fcr Anwaltskosten - Kredit f\u00fcr Gerichtsverfahren - LF Legal Finance SE","og_description":"Wir finanzieren F\u00e4lle, in denen Sie der Kl\u00e4ger, also der Anspruchsinhaber sind. Beispiele: Legal Finance hat keine festen Grenzen beim Streitwert. Wir beurteilen jeden Fall individuell. Wenn Sie einen Fall haben und einen Finanzierung suchen, senden Sie uns gern eine unverbindliche und kostenlose Anfrage, und wir melden uns bei Ihnen. Oder Sie rufen uns an: [&hellip;]","og_url":"https:\/\/prozessfinanzierung.eu\/sv\/eignet-sich-mein-fall-fuer-prozessfinanzierung\/","og_site_name":"Prozessfinanzierung - Finanzierung f\u00fcr Anwaltskosten - Kredit f\u00fcr Gerichtsverfahren - LF Legal Finance SE","article_modified_time":"2023-08-22T13:08:58+00:00","twitter_card":"summary_large_image","twitter_misc":{"Ber\u00e4knad l\u00e4stid":"1 minut"},"schema":{"@context":"https:\/\/schema.org","@graph":[{"@type":"WebPage","@id":"https:\/\/prozessfinanzierung.eu\/eignet-sich-mein-fall-fuer-prozessfinanzierung\/","url":"https:\/\/prozessfinanzierung.eu\/eignet-sich-mein-fall-fuer-prozessfinanzierung\/","name":"Eignet sich mein Fall f\u00fcr Prozessfinanzierung? - Prozessfinanzierung - Finanzierung f\u00fcr Anwaltskosten - Kredit f\u00fcr Gerichtsverfahren - LF Legal Finance SE","isPartOf":{"@id":"https:\/\/prozessfinanzierung.eu\/#website"},"datePublished":"2023-08-21T11:50:11+00:00","dateModified":"2023-08-22T13:08:58+00:00","breadcrumb":{"@id":"https:\/\/prozessfinanzierung.eu\/eignet-sich-mein-fall-fuer-prozessfinanzierung\/#breadcrumb"},"inLanguage":"sv-SE","potentialAction":[{"@type":"ReadAction","target":["https:\/\/prozessfinanzierung.eu\/eignet-sich-mein-fall-fuer-prozessfinanzierung\/"]}]},{"@type":"BreadcrumbList","@id":"https:\/\/prozessfinanzierung.eu\/eignet-sich-mein-fall-fuer-prozessfinanzierung\/#breadcrumb","itemListElement":[{"@type":"ListItem","position":1,"name":"Startseite","item":"https:\/\/prozessfinanzierung.eu\/"},{"@type":"ListItem","position":2,"name":"Eignet sich mein Fall f\u00fcr Prozessfinanzierung?"}]},{"@type":"WebSite","@id":"https:\/\/prozessfinanzierung.eu\/#website","url":"https:\/\/prozessfinanzierung.eu\/","name":"Prozessfinanzierung - Finanzierung f\u00fcr Anwaltskosten - Kredit f\u00fcr Gerichtsverfahren - LF Legal Finance SE","description":"Finanzierung von Gerichtsprozessen gegen Erfolgsbeteiligung - LF Legal Finance SE","publisher":{"@id":"https:\/\/prozessfinanzierung.eu\/#organization"},"potentialAction":[{"@type":"SearchAction","target":{"@type":"EntryPoint","urlTemplate":"https:\/\/prozessfinanzierung.eu\/?s={search_term_string}"},"query-input":"required name=search_term_string"}],"inLanguage":"sv-SE"},{"@type":"Organization","@id":"https:\/\/prozessfinanzierung.eu\/#organization","name":"LF Legal Finance SE","url":"https:\/\/prozessfinanzierung.eu\/","logo":{"@type":"ImageObject","inLanguage":"sv-SE","@id":"https:\/\/prozessfinanzierung.eu\/#\/schema\/logo\/image\/","url":"http:\/\/prozessfinanzierung.eu\/wp-content\/uploads\/2023\/08\/legal-finance-international.jpg","contentUrl":"http:\/\/prozessfinanzierung.eu\/wp-content\/uploads\/2023\/08\/legal-finance-international.jpg","width":842,"height":131,"caption":"LF Legal Finance SE"},"image":{"@id":"https:\/\/prozessfinanzierung.eu\/#\/schema\/logo\/image\/"}}]}},"_links":{"self":[{"href":"https:\/\/prozessfinanzierung.eu\/sv\/wp-json\/wp\/v2\/pages\/151"}],"collection":[{"href":"https:\/\/prozessfinanzierung.eu\/sv\/wp-json\/wp\/v2\/pages"}],"about":[{"href":"https:\/\/prozessfinanzierung.eu\/sv\/wp-json\/wp\/v2\/types\/page"}],"author":[{"embeddable":true,"href":"https:\/\/prozessfinanzierung.eu\/sv\/wp-json\/wp\/v2\/users\/1"}],"replies":[{"embeddable":true,"href":"https:\/\/prozessfinanzierung.eu\/sv\/wp-json\/wp\/v2\/comments?post=151"}],"version-history":[{"count":6,"href":"https:\/\/prozessfinanzierung.eu\/sv\/wp-json\/wp\/v2\/pages\/151\/revisions"}],"predecessor-version":[{"id":178,"href":"https:\/\/prozessfinanzierung.eu\/sv\/wp-json\/wp\/v2\/pages\/151\/revisions\/178"}],"wp:attachment":[{"href":"https:\/\/prozessfinanzierung.eu\/sv\/wp-json\/wp\/v2\/media?parent=151"}],"curies":[{"name":"wp","href":"https:\/\/api.w.org\/{rel}","templated":true}]}}