{"id":168,"date":"2023-08-22T15:00:36","date_gmt":"2023-08-22T13:00:36","guid":{"rendered":"https:\/\/prozessfinanzierung.eu\/?page_id=168"},"modified":"2023-08-22T15:24:04","modified_gmt":"2023-08-22T13:24:04","slug":"was-ist-prozessfinanzierung","status":"publish","type":"page","link":"https:\/\/prozessfinanzierung.eu\/sv\/was-ist-prozessfinanzierung\/","title":{"rendered":"Vad \u00e4r finansiering av r\u00e4ttstvister?"},"content":{"rendered":"<p>Vi finansierar dina advokat- och r\u00e4tteg\u00e5ngskostnader - och i geng\u00e4ld f\u00e5r vi en del av vinsten i m\u00e5let.<\/p>\n\n\n\n<p>Det \u00e4r finansiering av r\u00e4ttstvister:<\/p>\n\n\n\n<p><strong>Exempel:<\/strong> Du har en tvist med ett f\u00f6rs\u00e4kringsbolag. F\u00f6rs\u00e4kringsbolaget betalar inte, utan svarar endast sparsamt och vill lura dig med ett l\u00e5gt eng\u00e5ngsbelopp.<\/p>\n\n\n\n<p>Om du nu p\u00e5 egen hand skulle anlita en advokat f\u00f6r att vidta \u00e5tg\u00e4rder mot f\u00f6rs\u00e4kringsbolaget, skulle du f\u00f6rst beh\u00f6va betala alla advokatarvoden och r\u00e4tteg\u00e5ngskostnader i f\u00f6rskott. Och det kan ta flera \u00e5r och kr\u00e4va flera domstolsf\u00f6rhandlingar.<\/p>\n\n\n\n<p>F\u00f6rs\u00e4kringsbolaget, \u00e5 andra sidan, kan inte bry sig mindre - som ett stort f\u00f6retag bryr de sig inte om tiotusentals euro i juridiska kostnader.<\/p>\n\n\n\n<p>Det \u00e4r h\u00e4r Legal Finance kommer in i bilden: Vi finansierar din st\u00e4mningsans\u00f6kan. Vi betalar alla advokatarvoden och r\u00e4tteg\u00e5ngskostnader. Du betalar ingenting. Om du vinner m\u00e5let f\u00e5r vi i geng\u00e4ld en del av vinsten.<\/p>\n\n\n\n<p>Om du f\u00f6rlorar betalar vi allt.<\/p>\n\n\n\n<p>Har du ett \u00e4rende? Varf\u00f6r inte skicka oss ett <a href=\"https:\/\/prozessfinanzierung.eu\/index.php\/unverbindliche-anfrage\/\">icke-bindande och kostnadsfri f\u00f6rfr\u00e5gan<\/a> Finansiering av r\u00e4ttstvister<\/p>\n\n\n\n<p>Eller s\u00e5 kan du ringa oss: <strong>069 87 00 18 4-10<\/strong> - eller maila oss p\u00e5 <a href=\"mailto:info@legalfinance.online\">info@legalfinance.online<\/a>.<\/p>\n\n\n\n<p><a href=\"https:\/\/prozessfinanzierung.eu\/sv\/\">Hemsida<\/a><\/p>","protected":false},"excerpt":{"rendered":"<p>Wir finanzieren Ihre Anwalts- und Gerichtskosten &#8211; und daf\u00fcr erhalten wir einen Anteil am Erfolg des Prozesses. Das ist Prozessfinanzierung: Beispiel: Sie streiten mit einer Versicherung. Die Versicherung zahlt nicht, sondern antwortet nur sp\u00e4rlich und m\u00f6chte Sie mit einem niedrigen Pauschalbetrag abspeisen. W\u00fcrden Sie jetzt allein einen Anwalt einschalten, um gegen die Versicherung vorzugehen, m\u00fcssten [&hellip;]<\/p>","protected":false},"author":1,"featured_media":0,"parent":0,"menu_order":0,"comment_status":"closed","ping_status":"closed","template":"","meta":{"footnotes":""},"yoast_head":"<!-- This site is optimized with the Yoast SEO plugin v20.13 - https:\/\/yoast.com\/wordpress\/plugins\/seo\/ -->\n<title>Was ist Prozessfinanzierung? - Prozessfinanzierung - Finanzierung f\u00fcr Anwaltskosten - Kredit f\u00fcr Gerichtsverfahren - LF Legal Finance SE<\/title>\n<meta name=\"robots\" content=\"index, follow, max-snippet:-1, max-image-preview:large, max-video-preview:-1\" \/>\n<link rel=\"canonical\" href=\"https:\/\/prozessfinanzierung.eu\/sv\/was-ist-prozessfinanzierung\/\" \/>\n<meta property=\"og:locale\" content=\"sv_SE\" \/>\n<meta property=\"og:type\" content=\"article\" \/>\n<meta property=\"og:title\" content=\"Was ist Prozessfinanzierung? - Prozessfinanzierung - Finanzierung f\u00fcr Anwaltskosten - Kredit f\u00fcr Gerichtsverfahren - LF Legal Finance SE\" \/>\n<meta property=\"og:description\" content=\"Wir finanzieren Ihre Anwalts- und Gerichtskosten &#8211; und daf\u00fcr erhalten wir einen Anteil am Erfolg des Prozesses. Das ist Prozessfinanzierung: Beispiel: Sie streiten mit einer Versicherung. Die Versicherung zahlt nicht, sondern antwortet nur sp\u00e4rlich und m\u00f6chte Sie mit einem niedrigen Pauschalbetrag abspeisen. W\u00fcrden Sie jetzt allein einen Anwalt einschalten, um gegen die Versicherung vorzugehen, m\u00fcssten [&hellip;]\" \/>\n<meta property=\"og:url\" content=\"https:\/\/prozessfinanzierung.eu\/sv\/was-ist-prozessfinanzierung\/\" \/>\n<meta property=\"og:site_name\" content=\"Prozessfinanzierung - Finanzierung f\u00fcr Anwaltskosten - Kredit f\u00fcr Gerichtsverfahren - LF Legal Finance SE\" \/>\n<meta property=\"article:modified_time\" content=\"2023-08-22T13:24:04+00:00\" \/>\n<meta name=\"twitter:card\" content=\"summary_large_image\" \/>\n<meta name=\"twitter:label1\" content=\"Ber\u00e4knad l\u00e4stid\" \/>\n\t<meta name=\"twitter:data1\" content=\"1 minut\" \/>\n<script type=\"application\/ld+json\" class=\"yoast-schema-graph\">{\"@context\":\"https:\/\/schema.org\",\"@graph\":[{\"@type\":\"WebPage\",\"@id\":\"https:\/\/prozessfinanzierung.eu\/was-ist-prozessfinanzierung\/\",\"url\":\"https:\/\/prozessfinanzierung.eu\/was-ist-prozessfinanzierung\/\",\"name\":\"Was ist Prozessfinanzierung? - Prozessfinanzierung - Finanzierung f\u00fcr Anwaltskosten - Kredit f\u00fcr Gerichtsverfahren - LF Legal Finance SE\",\"isPartOf\":{\"@id\":\"https:\/\/prozessfinanzierung.eu\/#website\"},\"datePublished\":\"2023-08-22T13:00:36+00:00\",\"dateModified\":\"2023-08-22T13:24:04+00:00\",\"breadcrumb\":{\"@id\":\"https:\/\/prozessfinanzierung.eu\/was-ist-prozessfinanzierung\/#breadcrumb\"},\"inLanguage\":\"sv-SE\",\"potentialAction\":[{\"@type\":\"ReadAction\",\"target\":[\"https:\/\/prozessfinanzierung.eu\/was-ist-prozessfinanzierung\/\"]}]},{\"@type\":\"BreadcrumbList\",\"@id\":\"https:\/\/prozessfinanzierung.eu\/was-ist-prozessfinanzierung\/#breadcrumb\",\"itemListElement\":[{\"@type\":\"ListItem\",\"position\":1,\"name\":\"Startseite\",\"item\":\"https:\/\/prozessfinanzierung.eu\/\"},{\"@type\":\"ListItem\",\"position\":2,\"name\":\"Was ist Prozessfinanzierung?\"}]},{\"@type\":\"WebSite\",\"@id\":\"https:\/\/prozessfinanzierung.eu\/#website\",\"url\":\"https:\/\/prozessfinanzierung.eu\/\",\"name\":\"Prozessfinanzierung - Finanzierung f\u00fcr Anwaltskosten - Kredit f\u00fcr Gerichtsverfahren - LF Legal Finance SE\",\"description\":\"Finanzierung von Gerichtsprozessen gegen Erfolgsbeteiligung - LF Legal Finance SE\",\"publisher\":{\"@id\":\"https:\/\/prozessfinanzierung.eu\/#organization\"},\"potentialAction\":[{\"@type\":\"SearchAction\",\"target\":{\"@type\":\"EntryPoint\",\"urlTemplate\":\"https:\/\/prozessfinanzierung.eu\/?s={search_term_string}\"},\"query-input\":\"required name=search_term_string\"}],\"inLanguage\":\"sv-SE\"},{\"@type\":\"Organization\",\"@id\":\"https:\/\/prozessfinanzierung.eu\/#organization\",\"name\":\"LF Legal Finance SE\",\"url\":\"https:\/\/prozessfinanzierung.eu\/\",\"logo\":{\"@type\":\"ImageObject\",\"inLanguage\":\"sv-SE\",\"@id\":\"https:\/\/prozessfinanzierung.eu\/#\/schema\/logo\/image\/\",\"url\":\"http:\/\/prozessfinanzierung.eu\/wp-content\/uploads\/2023\/08\/legal-finance-international.jpg\",\"contentUrl\":\"http:\/\/prozessfinanzierung.eu\/wp-content\/uploads\/2023\/08\/legal-finance-international.jpg\",\"width\":842,\"height\":131,\"caption\":\"LF Legal Finance SE\"},\"image\":{\"@id\":\"https:\/\/prozessfinanzierung.eu\/#\/schema\/logo\/image\/\"}}]}<\/script>\n<!-- \/ Yoast SEO plugin. -->","yoast_head_json":{"title":"Was ist Prozessfinanzierung? - Prozessfinanzierung - Finanzierung f\u00fcr Anwaltskosten - Kredit f\u00fcr Gerichtsverfahren - LF Legal Finance SE","robots":{"index":"index","follow":"follow","max-snippet":"max-snippet:-1","max-image-preview":"max-image-preview:large","max-video-preview":"max-video-preview:-1"},"canonical":"https:\/\/prozessfinanzierung.eu\/sv\/was-ist-prozessfinanzierung\/","og_locale":"sv_SE","og_type":"article","og_title":"Was ist Prozessfinanzierung? - Prozessfinanzierung - Finanzierung f\u00fcr Anwaltskosten - Kredit f\u00fcr Gerichtsverfahren - LF Legal Finance SE","og_description":"Wir finanzieren Ihre Anwalts- und Gerichtskosten &#8211; und daf\u00fcr erhalten wir einen Anteil am Erfolg des Prozesses. Das ist Prozessfinanzierung: Beispiel: Sie streiten mit einer Versicherung. Die Versicherung zahlt nicht, sondern antwortet nur sp\u00e4rlich und m\u00f6chte Sie mit einem niedrigen Pauschalbetrag abspeisen. W\u00fcrden Sie jetzt allein einen Anwalt einschalten, um gegen die Versicherung vorzugehen, m\u00fcssten [&hellip;]","og_url":"https:\/\/prozessfinanzierung.eu\/sv\/was-ist-prozessfinanzierung\/","og_site_name":"Prozessfinanzierung - Finanzierung f\u00fcr Anwaltskosten - Kredit f\u00fcr Gerichtsverfahren - LF Legal Finance SE","article_modified_time":"2023-08-22T13:24:04+00:00","twitter_card":"summary_large_image","twitter_misc":{"Ber\u00e4knad l\u00e4stid":"1 minut"},"schema":{"@context":"https:\/\/schema.org","@graph":[{"@type":"WebPage","@id":"https:\/\/prozessfinanzierung.eu\/was-ist-prozessfinanzierung\/","url":"https:\/\/prozessfinanzierung.eu\/was-ist-prozessfinanzierung\/","name":"Was ist Prozessfinanzierung? - Prozessfinanzierung - Finanzierung f\u00fcr Anwaltskosten - Kredit f\u00fcr Gerichtsverfahren - LF Legal Finance SE","isPartOf":{"@id":"https:\/\/prozessfinanzierung.eu\/#website"},"datePublished":"2023-08-22T13:00:36+00:00","dateModified":"2023-08-22T13:24:04+00:00","breadcrumb":{"@id":"https:\/\/prozessfinanzierung.eu\/was-ist-prozessfinanzierung\/#breadcrumb"},"inLanguage":"sv-SE","potentialAction":[{"@type":"ReadAction","target":["https:\/\/prozessfinanzierung.eu\/was-ist-prozessfinanzierung\/"]}]},{"@type":"BreadcrumbList","@id":"https:\/\/prozessfinanzierung.eu\/was-ist-prozessfinanzierung\/#breadcrumb","itemListElement":[{"@type":"ListItem","position":1,"name":"Startseite","item":"https:\/\/prozessfinanzierung.eu\/"},{"@type":"ListItem","position":2,"name":"Was ist Prozessfinanzierung?"}]},{"@type":"WebSite","@id":"https:\/\/prozessfinanzierung.eu\/#website","url":"https:\/\/prozessfinanzierung.eu\/","name":"Prozessfinanzierung - Finanzierung f\u00fcr Anwaltskosten - Kredit f\u00fcr Gerichtsverfahren - LF Legal Finance SE","description":"Finanzierung von Gerichtsprozessen gegen Erfolgsbeteiligung - LF Legal Finance SE","publisher":{"@id":"https:\/\/prozessfinanzierung.eu\/#organization"},"potentialAction":[{"@type":"SearchAction","target":{"@type":"EntryPoint","urlTemplate":"https:\/\/prozessfinanzierung.eu\/?s={search_term_string}"},"query-input":"required name=search_term_string"}],"inLanguage":"sv-SE"},{"@type":"Organization","@id":"https:\/\/prozessfinanzierung.eu\/#organization","name":"LF Legal Finance SE","url":"https:\/\/prozessfinanzierung.eu\/","logo":{"@type":"ImageObject","inLanguage":"sv-SE","@id":"https:\/\/prozessfinanzierung.eu\/#\/schema\/logo\/image\/","url":"http:\/\/prozessfinanzierung.eu\/wp-content\/uploads\/2023\/08\/legal-finance-international.jpg","contentUrl":"http:\/\/prozessfinanzierung.eu\/wp-content\/uploads\/2023\/08\/legal-finance-international.jpg","width":842,"height":131,"caption":"LF Legal Finance SE"},"image":{"@id":"https:\/\/prozessfinanzierung.eu\/#\/schema\/logo\/image\/"}}]}},"_links":{"self":[{"href":"https:\/\/prozessfinanzierung.eu\/sv\/wp-json\/wp\/v2\/pages\/168"}],"collection":[{"href":"https:\/\/prozessfinanzierung.eu\/sv\/wp-json\/wp\/v2\/pages"}],"about":[{"href":"https:\/\/prozessfinanzierung.eu\/sv\/wp-json\/wp\/v2\/types\/page"}],"author":[{"embeddable":true,"href":"https:\/\/prozessfinanzierung.eu\/sv\/wp-json\/wp\/v2\/users\/1"}],"replies":[{"embeddable":true,"href":"https:\/\/prozessfinanzierung.eu\/sv\/wp-json\/wp\/v2\/comments?post=168"}],"version-history":[{"count":5,"href":"https:\/\/prozessfinanzierung.eu\/sv\/wp-json\/wp\/v2\/pages\/168\/revisions"}],"predecessor-version":[{"id":190,"href":"https:\/\/prozessfinanzierung.eu\/sv\/wp-json\/wp\/v2\/pages\/168\/revisions\/190"}],"wp:attachment":[{"href":"https:\/\/prozessfinanzierung.eu\/sv\/wp-json\/wp\/v2\/media?parent=168"}],"curies":[{"name":"wp","href":"https:\/\/api.w.org\/{rel}","templated":true}]}}