{"id":64,"date":"2023-08-20T11:00:11","date_gmt":"2023-08-20T09:00:11","guid":{"rendered":"https:\/\/prozessfinanzierung.eu\/?page_id=64"},"modified":"2023-08-22T16:03:42","modified_gmt":"2023-08-22T14:03:42","slug":"faq","status":"publish","type":"page","link":"https:\/\/prozessfinanzierung.eu\/sv\/faq\/","title":{"rendered":"FAQ"},"content":{"rendered":"<p>H\u00e4r hittar du svar p\u00e5 de vanligaste fr\u00e5gorna om finansiering av tvister:<\/p>\n\n\n\n<p><em><a href=\"#Was-ist-Prozessfinanzierung\">Vad \u00e4r finansiering av r\u00e4ttstvister?<\/a><br><a href=\"#Wieviel-kostet-Prozessfinanzierung\">Hur mycket kostar finansiering av r\u00e4ttstvister?<\/a><br><a href=\"#Ist-Prozessfinanzierung-f\u00fcr-Privatpersonen-oder-f\u00fcr-Firmen-m\u00f6glich\">Finns det finansiering f\u00f6r privatpersoner eller f\u00f6retag?<\/a><br><a href=\"#Wie-funktioniert-Prozessfinanzierung?\">Hur fungerar finansiering av r\u00e4ttstvister?<\/a><br><a href=\"#Welche-Kosten-zahlt-der-Prozessfinanzierer\">Vilka kostnader betalar den som finansierar tvisten?<\/a><br><a href=\"#Was-habe-ich-als-Kl\u00e4ger-von-der-Prozessfinanzierung\">Vad f\u00e5r jag som k\u00e4rande fr\u00e5n processfinansieringen?<\/a><br><a href=\"#Was-passiert-wenn-das-Verfahren-verloren-geht\">Vad h\u00e4nder om jag f\u00f6rlorar m\u00e5let?<\/a><br><a href=\"#Greift-Legal-Finance-in-den-Prozess-ein\">Ingriper Legal Finance i processen?<\/a><br><a href=\"#Finanzieren-Sie-auch-den-Beklagten\">Finansierar ni \u00e4ven svaranden?<\/a><br><a href=\"#Welchen-Rechtsanwalt-kann-soll-ich-beauftragen\">Vilken advokat kan\/b\u00f6r jag anlita?<\/a><br><a href=\"#Ist-ein-Vergleich-m\u00f6glich\">\u00c4r en f\u00f6rlikning m\u00f6jlig?<\/a><br><a href=\"#Ich-habe-einen-ausl\u00e4ndischen-Fall-Was-soll-ich-tun\">Jag har ett utl\u00e4ndskt m\u00e5l. Vad ska jag g\u00f6ra?<\/a><br><a href=\"#Ich-habe-einen-sehr-speziellen-Fall-Was-kann-ich-tun\">Jag har ett mycket specifikt fall. Vad kan jag g\u00f6ra?<\/a><br><a href=\"#Ich-habe-einen-Fall-aus-einem-sehr-exotischen-Rechtsgebiet-Was-kann-ich-tun\">Jag har ett fall fr\u00e5n ett mycket exotiskt r\u00e4ttsomr\u00e5de. Vad kan jag g\u00f6ra?<\/a><br><a href=\"#Mein-Fall-beinhaltet-sehr-pers\u00f6nliche,-geheime-oder-peinliche-Informationen-Was-soll-ich-machen\">Mitt \u00e4rende r\u00f6r mycket personlig, hemlig eller pinsam information. Vad b\u00f6r jag g\u00f6ra?<\/a><br><a href=\"#Mein-Fall-hat-mit-Strafrecht-zu-tun-Was-soll-ich-tun\">Mitt \u00e4rende har att g\u00f6ra med straffr\u00e4tt. Vad b\u00f6r jag g\u00f6ra?<\/a><\/em><\/p>\n\n\n\n<p id=\"Was-ist-Prozessfinanzierung\"><strong><em>Vad \u00e4r finansiering av r\u00e4ttstvister?<\/em><\/strong><br>Processfinansiering \u00e4r finansiering av alla kostnader f\u00f6r en r\u00e4ttstvist f\u00f6r k\u00e4randen. Vi betalar alla kostnader f\u00f6r ett r\u00e4ttsfall och f\u00e5r i geng\u00e4ld en andel av vinsten. Om du vinner f\u00e5r vi en andel p\u00e5 20 - 50 %. Om du f\u00f6rlorar f\u00e5r vi ingenting och det kostar dig ingenting.<\/p>\n\n\n\n<p id=\"Wieviel-kostet-Prozessfinanzierung\"><strong><em>Hur mycket kostar finansiering av r\u00e4ttstvister?<\/em><\/strong><br>Vid finansiering av tvistem\u00e5l \u00e4r det vanligt med villkorade betalningar p\u00e5 20-50 % av int\u00e4kterna fr\u00e5n tvisten, beroende p\u00e5 m\u00e5lets typ, omfattning, status och riskprofil. Om du vinner m\u00e5let f\u00e5r finansi\u00e4ren 20-50 % av det belopp som du erh\u00e5ller. Om du f\u00f6rlorar m\u00e5let kostar det dig ingenting. Du beh\u00f6ver inte betala n\u00e5got i f\u00f6rskott, hela kravbed\u00f6mningen och f\u00f6rlikningen \u00e4r kostnadsfri.<\/p>\n\n\n\n<p id=\"Ist-Prozessfinanzierung-f\u00fcr-Privatpersonen-oder-f\u00fcr-Firmen-m\u00f6glich\"><strong><em>Finns det finansiering f\u00f6r privatpersoner eller f\u00f6retag?<\/em><\/strong><br>F\u00f6retag i alla juridiska former och l\u00e4nder samt privatpersoner kan anv\u00e4nda sig av finansiering av tvister. Skicka g\u00e4rna en f\u00f6rfr\u00e5gan till oss <a href=\"https:\/\/prozessfinanzierung.eu\/index.php\/unverbindliche-anfrage\/\">Icke-bindande beg\u00e4ran<\/a>.<\/p>\n\n\n\n<p id=\"Wie-funktioniert-Prozessfinanzierung?\"><strong><em>Hur fungerar finansiering av r\u00e4ttstvister?<\/em><\/strong><br>Beskriv ditt \u00e4rende f\u00f6r oss - det b\u00e4sta s\u00e4ttet att g\u00f6ra detta \u00e4r att skicka oss ett <a href=\"https:\/\/prozessfinanzierung.eu\/index.php\/unverbindliche-anfrage\/\">kostnadsfri, icke-bindande f\u00f6rfr\u00e5gan<\/a>. Detta \u00e4r strikt konfidentiellt och vi kommer att granska ditt \u00e4rende kostnadsfritt. Vi \u00e5terkommer till dig och kan komma att be om ytterligare dokumentation eller ha f\u00f6ljdfr\u00e5gor. Om vi beslutar att finansiera ditt \u00e4rende skickar vi dig ett erbjudande och ett avtal om finansiering av tvistem\u00e5l. S\u00e5 snart detta \u00e4r undertecknat betalar vi <a href=\"https:\/\/legalfinance.online\/\">Legal Finance<\/a> samtliga kostnader f\u00f6r f\u00f6rfarandet.<\/p>\n\n\n\n<p id=\"Welche-Kosten-zahlt-der-Prozessfinanzierer\"><strong><em>Vilka kostnader betalar den som finansierar tvisten?<br><\/em><\/strong>Du beh\u00f6ver inte betala n\u00e5gonting. Den som finansierar tvisten betalar till exempel alla kostnader:<\/p>\n\n\n\n<ul>\n<li>Domstolskostnader<\/li>\n\n\n\n<li>Kostnader f\u00f6r juridisk r\u00e5dgivning<\/li>\n\n\n\n<li>Arvode till korrespondensadvokat<\/li>\n\n\n\n<li>Arvoden till sakkunniga och vittnen<\/li>\n\n\n\n<li>Kostnader f\u00f6r resor<\/li>\n\n\n\n<li>Kostnader f\u00f6r vittnen<\/li>\n\n\n\n<li>Depositioner och f\u00f6rskott<\/li>\n<\/ul>\n\n\n\n<p>Kort sagt: Den som finansierar r\u00e4tteg\u00e5ngen betalar allt, du som fordrings\u00e4gare betalar ingenting.<\/p>\n\n\n\n<p id=\"Was-habe-ich-als-Kl\u00e4ger-von-der-Prozessfinanzierung\"><strong><em>Vad f\u00e5r jag som k\u00e4rande fr\u00e5n processfinansieringen?<\/em><\/strong><br>Med finansiering av tvistem\u00e5l kan du driva m\u00e5let som k\u00e4rande helt avslappnat och utan att oroa dig f\u00f6r stigande kostnader. Som k\u00e4rande \u00e4r n\u00e4mligen den tilltalade redan skyldig dig pengar, och du befinner dig i den obehagliga situationen att du nu ocks\u00e5 m\u00e5ste spendera pengar f\u00f6r att driva m\u00e5let. Processfinansi\u00e4ren tar \u00f6ver dessa kostnader och du beh\u00f6ver inte betala n\u00e5got i f\u00f6rskott.<\/p>\n\n\n\n<p>Som f\u00f6retag har du f\u00f6rdelen att du inte beh\u00f6ver g\u00f6ra avs\u00e4ttningar f\u00f6r r\u00e4tteg\u00e5ngskostnader.<\/p>\n\n\n\n<p>I allm\u00e4nhet \u00e4r f\u00f6rdelen med finansiering av r\u00e4ttstvister att din likviditet inte p\u00e5verkas eftersom du inte beh\u00f6ver b\u00e4ra n\u00e5gra kostnader i f\u00f6rv\u00e4g.<\/p>\n\n\n\n<p id=\"Was-passiert-wenn-das-Verfahren-verloren-geht\"><strong><em>Vad h\u00e4nder om jag f\u00f6rlorar m\u00e5let?<\/em><\/strong><br>Om \u00e4rendet f\u00f6rloras i en instans, dvs. du f\u00f6rlorar m\u00e5let, betalar du ingenting. Om en ytterligare instans, t.ex. ett \u00f6verklagande eller en revision, \u00e4r m\u00f6jlig kommer vi tillsammans med dig och din advokat att kontrollera om ett \u00f6verklagande \u00e4r meningsfullt. Sj\u00e4lvklart kommer Legal Finance ocks\u00e5 att finansiera kostnaderna f\u00f6r en ytterligare instans. Under alla omst\u00e4ndigheter betalar du ingenting alls om du f\u00f6rlorar m\u00e5let. I s\u00e5 fall st\u00e5r processfinansi\u00e4ren Legal Finance f\u00f6r alla kostnader.<\/p>\n\n\n\n<p id=\"Greift-Legal-Finance-in-den-Prozess-ein\"><strong><em>Ingriper Legal Finance i processen?<\/em><\/strong><br>Nej, du kan vara lugn: Processen sk\u00f6ts helt objektivt av din advokat, som endast \u00e4r skyldig dig n\u00e5got. Vi st\u00e4ller dock alltid g\u00e4rna v\u00e5rt n\u00e4tverk till f\u00f6rfogande om det finns behov av r\u00e5d eller hj\u00e4lp eller om en specialist beh\u00f6ver tillkallas. I vissa fall kan vi ocks\u00e5 h\u00e4nvisa dig till en advokat om du inte redan har anlitat en.<\/p>\n\n\n\n<p id=\"Finanzieren-Sie-auch-den-Beklagten\"><strong><em>Finansierar ni \u00e4ven svaranden?<\/em><\/strong><br>I domstolsf\u00f6rfaranden finansierar Legal Finance endast k\u00e4randen, dvs. den som innehar fordran. Vi erbjuder f\u00f6r n\u00e4rvarande inte finansiering f\u00f6r svaranden. Prenumerera g\u00e4rna p\u00e5 v\u00e5rt nyhetsbrev s\u00e5 informerar vi dig s\u00e5 snart vi erbjuder en s\u00e5dan produkt.<\/p>\n\n\n\n<p id=\"Welchen-Rechtsanwalt-kann-soll-ich-beauftragen\"><strong><em>Vilken advokat kan\/b\u00f6r jag anlita?<\/em><\/strong><br>Om du \u00e4nnu inte har anlitat en advokat <a href=\"https:\/\/prozessfinanzierung.eu\/index.php\/unverbindliche-anfrage\/\">ber vi dig kontakta oss direkt med din f\u00f6rfr\u00e5gan.<\/a>Vi kommer att granska ditt \u00e4rende och, i h\u00e4ndelse av finansiering, kommer vi ocks\u00e5 g\u00e4rna att h\u00e4nvisa dig till en advokat.<\/p>\n\n\n\n<p id=\"Ist-ein-Vergleich-m\u00f6glich\"><strong><em>\u00c4r en f\u00f6rlikning m\u00f6jlig?<\/em><\/strong><br>Naturligtvis har vi ocks\u00e5 en positiv inst\u00e4llning till f\u00f6rlikning, eftersom f\u00f6rlikning avslutar juridiska tvister i godo och snabbare och kan representera en win-win-situation. Legal Finance l\u00e4gger sig inte i f\u00f6rfarandet och en f\u00f6rlikning \u00e4r m\u00f6jlig n\u00e4r som helst.<\/p>\n\n\n\n<p id=\"Ich-habe-einen-ausl\u00e4ndischen-Fall-Was-soll-ich-tun\"><strong><em>Jag har ett utl\u00e4ndskt m\u00e5l. Vad ska jag g\u00f6ra?<\/em><\/strong><br>Legal Finance finansierar \u00e4ven utl\u00e4ndska \u00e4renden oavsett jurisdiktion. <a href=\"https:\/\/prozessfinanzierung.eu\/index.php\/unverbindliche-anfrage\/\">V\u00e4lkommen att kontakta oss<\/a>, vi h\u00f6r av oss till er.<\/p>\n\n\n\n<p id=\"Ich-habe-einen-sehr-speziellen-Fall-Was-kann-ich-tun\"><strong><em>Jag har ett mycket specifikt fall. Vad kan jag g\u00f6ra?<\/em><\/strong><br>Inga problem <a href=\"https:\/\/prozessfinanzierung.eu\/index.php\/unverbindliche-anfrage\/\">Kontakta oss<\/a>s\u00e5 g\u00e5r vi igenom ditt \u00e4rende.<\/p>\n\n\n\n<p id=\"Ich-habe-einen-Fall-aus-einem-sehr-exotischen-Rechtsgebiet-Was-kann-ich-tun\"><strong><em>Jag har ett fall fr\u00e5n ett mycket exotiskt r\u00e4ttsomr\u00e5de. Vad kan jag g\u00f6ra?<\/em><\/strong><br>Legal Finance finansierar i princip alla r\u00e4ttsomr\u00e5den. <a href=\"https:\/\/prozessfinanzierung.eu\/index.php\/unverbindliche-anfrage\/\">Kontakta oss helt enkelt<\/a>s\u00e5 g\u00e5r vi g\u00e4rna igenom ditt \u00e4rende utan f\u00f6rpliktelser och kostnadsfritt.<\/p>\n\n\n\n<p id=\"Mein-Fall-beinhaltet-sehr-pers\u00f6nliche,-geheime-oder-peinliche-Informationen-Was-soll-ich-machen\"><em><strong>Mitt \u00e4rende r\u00f6r mycket personlig, hemlig eller pinsam information. Vad b\u00f6r jag g\u00f6ra?<\/strong><\/em><br>Dina uppgifter \u00e4r s\u00e4kra och konfidentiella hos oss och kommer inte att g\u00f6ras tillg\u00e4ngliga f\u00f6r n\u00e5gon. All information som du skickar till oss kommer endast att anv\u00e4ndas f\u00f6r att granska \u00e4rendet och behandla finansieringen. Vi l\u00e4gger oss inte i processerna och dina uppgifter \u00e4r s\u00e4kra hos oss. De \u00f6verf\u00f6rs endast i krypterad form och lagras p\u00e5 ett s\u00e4kert s\u00e4tt.<\/p>\n\n\n\n<p>Men om du \u00e4r orolig kan vi g\u00e4rna f\u00f6rse dig med ett s\u00e4kert, krypterat kommunikationsmedel som du kan anv\u00e4nda f\u00f6r att kontakta oss n\u00e4r som helst. Skicka oss g\u00e4rna din <a href=\"https:\/\/prozessfinanzierung.eu\/index.php\/unverbindliche-anfrage\/\">Icke-bindande beg\u00e4ran<\/a>, oder sprechen Sie uns \u00fcber das <a href=\"https:\/\/prozessfinanzierung.eu\/index.php\/kontakt\/\">Kontaktformul\u00e4r<\/a> . Vi kommer att skicka instruktioner om hur du kontaktar oss konfidentiellt, krypterat och s\u00e4kert.<\/p>\n\n\n\n<p id=\"Mein-Fall-hat-mit-Strafrecht-zu-tun-Was-soll-ich-tun\"><strong><em>Mitt \u00e4rende har att g\u00f6ra med straffr\u00e4tt. Vad b\u00f6r jag g\u00f6ra?<\/em><\/strong><br>I princip \u00e4r inget r\u00e4ttsomr\u00e5de uteslutet. Skicka oss g\u00e4rna din <a href=\"https:\/\/prozessfinanzierung.eu\/index.php\/unverbindliche-anfrage\/\">Icke-bindande beg\u00e4ran<\/a>s\u00e5 \u00e5terkommer vi till dig.<br><\/p>\n\n\n\n<p><br><\/p>","protected":false},"excerpt":{"rendered":"<p>Hier finden Sie Antworten auf die am h\u00e4ufigsten gestellten Frage zur Prozessfinanzierung: Was ist Prozessfinanzierung?Wieviel kostet Prozessfinanzierung?Ist Prozessfinanzierung f\u00fcr Privatpersonen oder f\u00fcr Firmen m\u00f6glich?Wie funktioniert Prozessfinanzierung?Welche Kosten zahlt der Prozessfinanzierer?Was habe ich als Kl\u00e4ger von der Prozessfinanzierung?Was passiert, wenn das Verfahren verloren geht?Greift Legal Finance in den Prozess ein?Finanzieren Sie auch den Beklagten?Welchen Rechtsanwalt kann\/soll [&hellip;]<\/p>","protected":false},"author":1,"featured_media":0,"parent":0,"menu_order":0,"comment_status":"closed","ping_status":"closed","template":"","meta":{"footnotes":""},"yoast_head":"<!-- This site is optimized with the Yoast SEO plugin v20.13 - https:\/\/yoast.com\/wordpress\/plugins\/seo\/ -->\n<title>FAQ - Prozessfinanzierung - Finanzierung f\u00fcr Anwaltskosten - Kredit f\u00fcr Gerichtsverfahren - LF Legal Finance SE<\/title>\n<meta name=\"robots\" content=\"index, follow, max-snippet:-1, max-image-preview:large, max-video-preview:-1\" \/>\n<link rel=\"canonical\" href=\"https:\/\/prozessfinanzierung.eu\/sv\/faq\/\" \/>\n<meta property=\"og:locale\" content=\"sv_SE\" \/>\n<meta property=\"og:type\" content=\"article\" \/>\n<meta property=\"og:title\" content=\"FAQ - Prozessfinanzierung - Finanzierung f\u00fcr Anwaltskosten - Kredit f\u00fcr Gerichtsverfahren - LF Legal Finance SE\" \/>\n<meta property=\"og:description\" content=\"Hier finden Sie Antworten auf die am h\u00e4ufigsten gestellten Frage zur Prozessfinanzierung: Was ist Prozessfinanzierung?Wieviel kostet Prozessfinanzierung?Ist Prozessfinanzierung f\u00fcr Privatpersonen oder f\u00fcr Firmen m\u00f6glich?Wie funktioniert Prozessfinanzierung?Welche Kosten zahlt der Prozessfinanzierer?Was habe ich als Kl\u00e4ger von der Prozessfinanzierung?Was passiert, wenn das Verfahren verloren geht?Greift Legal Finance in den Prozess ein?Finanzieren Sie auch den Beklagten?Welchen Rechtsanwalt kann\/soll [&hellip;]\" \/>\n<meta property=\"og:url\" content=\"https:\/\/prozessfinanzierung.eu\/sv\/faq\/\" \/>\n<meta property=\"og:site_name\" content=\"Prozessfinanzierung - Finanzierung f\u00fcr Anwaltskosten - Kredit f\u00fcr Gerichtsverfahren - LF Legal Finance SE\" \/>\n<meta property=\"article:modified_time\" content=\"2023-08-22T14:03:42+00:00\" \/>\n<meta name=\"twitter:card\" content=\"summary_large_image\" \/>\n<meta name=\"twitter:label1\" content=\"Ber\u00e4knad l\u00e4stid\" \/>\n\t<meta name=\"twitter:data1\" content=\"6 minuter\" \/>\n<script type=\"application\/ld+json\" class=\"yoast-schema-graph\">{\"@context\":\"https:\/\/schema.org\",\"@graph\":[{\"@type\":\"WebPage\",\"@id\":\"https:\/\/prozessfinanzierung.eu\/faq\/\",\"url\":\"https:\/\/prozessfinanzierung.eu\/faq\/\",\"name\":\"FAQ - Prozessfinanzierung - Finanzierung f\u00fcr Anwaltskosten - Kredit f\u00fcr Gerichtsverfahren - LF Legal Finance SE\",\"isPartOf\":{\"@id\":\"https:\/\/prozessfinanzierung.eu\/#website\"},\"datePublished\":\"2023-08-20T09:00:11+00:00\",\"dateModified\":\"2023-08-22T14:03:42+00:00\",\"breadcrumb\":{\"@id\":\"https:\/\/prozessfinanzierung.eu\/faq\/#breadcrumb\"},\"inLanguage\":\"sv-SE\",\"potentialAction\":[{\"@type\":\"ReadAction\",\"target\":[\"https:\/\/prozessfinanzierung.eu\/faq\/\"]}]},{\"@type\":\"BreadcrumbList\",\"@id\":\"https:\/\/prozessfinanzierung.eu\/faq\/#breadcrumb\",\"itemListElement\":[{\"@type\":\"ListItem\",\"position\":1,\"name\":\"Startseite\",\"item\":\"https:\/\/prozessfinanzierung.eu\/\"},{\"@type\":\"ListItem\",\"position\":2,\"name\":\"FAQ\"}]},{\"@type\":\"WebSite\",\"@id\":\"https:\/\/prozessfinanzierung.eu\/#website\",\"url\":\"https:\/\/prozessfinanzierung.eu\/\",\"name\":\"Prozessfinanzierung - Finanzierung f\u00fcr Anwaltskosten - Kredit f\u00fcr Gerichtsverfahren - LF Legal Finance SE\",\"description\":\"Finanzierung von Gerichtsprozessen gegen Erfolgsbeteiligung - LF Legal Finance SE\",\"publisher\":{\"@id\":\"https:\/\/prozessfinanzierung.eu\/#organization\"},\"potentialAction\":[{\"@type\":\"SearchAction\",\"target\":{\"@type\":\"EntryPoint\",\"urlTemplate\":\"https:\/\/prozessfinanzierung.eu\/?s={search_term_string}\"},\"query-input\":\"required name=search_term_string\"}],\"inLanguage\":\"sv-SE\"},{\"@type\":\"Organization\",\"@id\":\"https:\/\/prozessfinanzierung.eu\/#organization\",\"name\":\"LF Legal Finance SE\",\"url\":\"https:\/\/prozessfinanzierung.eu\/\",\"logo\":{\"@type\":\"ImageObject\",\"inLanguage\":\"sv-SE\",\"@id\":\"https:\/\/prozessfinanzierung.eu\/#\/schema\/logo\/image\/\",\"url\":\"http:\/\/prozessfinanzierung.eu\/wp-content\/uploads\/2023\/08\/legal-finance-international.jpg\",\"contentUrl\":\"http:\/\/prozessfinanzierung.eu\/wp-content\/uploads\/2023\/08\/legal-finance-international.jpg\",\"width\":842,\"height\":131,\"caption\":\"LF Legal Finance SE\"},\"image\":{\"@id\":\"https:\/\/prozessfinanzierung.eu\/#\/schema\/logo\/image\/\"}}]}<\/script>\n<!-- \/ Yoast SEO plugin. -->","yoast_head_json":{"title":"FAQ - Prozessfinanzierung - Finanzierung f\u00fcr Anwaltskosten - Kredit f\u00fcr Gerichtsverfahren - LF Legal Finance SE","robots":{"index":"index","follow":"follow","max-snippet":"max-snippet:-1","max-image-preview":"max-image-preview:large","max-video-preview":"max-video-preview:-1"},"canonical":"https:\/\/prozessfinanzierung.eu\/sv\/faq\/","og_locale":"sv_SE","og_type":"article","og_title":"FAQ - Prozessfinanzierung - Finanzierung f\u00fcr Anwaltskosten - Kredit f\u00fcr Gerichtsverfahren - LF Legal Finance SE","og_description":"Hier finden Sie Antworten auf die am h\u00e4ufigsten gestellten Frage zur Prozessfinanzierung: Was ist Prozessfinanzierung?Wieviel kostet Prozessfinanzierung?Ist Prozessfinanzierung f\u00fcr Privatpersonen oder f\u00fcr Firmen m\u00f6glich?Wie funktioniert Prozessfinanzierung?Welche Kosten zahlt der Prozessfinanzierer?Was habe ich als Kl\u00e4ger von der Prozessfinanzierung?Was passiert, wenn das Verfahren verloren geht?Greift Legal Finance in den Prozess ein?Finanzieren Sie auch den Beklagten?Welchen Rechtsanwalt kann\/soll [&hellip;]","og_url":"https:\/\/prozessfinanzierung.eu\/sv\/faq\/","og_site_name":"Prozessfinanzierung - Finanzierung f\u00fcr Anwaltskosten - Kredit f\u00fcr Gerichtsverfahren - LF Legal Finance SE","article_modified_time":"2023-08-22T14:03:42+00:00","twitter_card":"summary_large_image","twitter_misc":{"Ber\u00e4knad l\u00e4stid":"6 minuter"},"schema":{"@context":"https:\/\/schema.org","@graph":[{"@type":"WebPage","@id":"https:\/\/prozessfinanzierung.eu\/faq\/","url":"https:\/\/prozessfinanzierung.eu\/faq\/","name":"FAQ - Prozessfinanzierung - Finanzierung f\u00fcr Anwaltskosten - Kredit f\u00fcr Gerichtsverfahren - LF Legal Finance SE","isPartOf":{"@id":"https:\/\/prozessfinanzierung.eu\/#website"},"datePublished":"2023-08-20T09:00:11+00:00","dateModified":"2023-08-22T14:03:42+00:00","breadcrumb":{"@id":"https:\/\/prozessfinanzierung.eu\/faq\/#breadcrumb"},"inLanguage":"sv-SE","potentialAction":[{"@type":"ReadAction","target":["https:\/\/prozessfinanzierung.eu\/faq\/"]}]},{"@type":"BreadcrumbList","@id":"https:\/\/prozessfinanzierung.eu\/faq\/#breadcrumb","itemListElement":[{"@type":"ListItem","position":1,"name":"Startseite","item":"https:\/\/prozessfinanzierung.eu\/"},{"@type":"ListItem","position":2,"name":"FAQ"}]},{"@type":"WebSite","@id":"https:\/\/prozessfinanzierung.eu\/#website","url":"https:\/\/prozessfinanzierung.eu\/","name":"Prozessfinanzierung - Finanzierung f\u00fcr Anwaltskosten - Kredit f\u00fcr Gerichtsverfahren - LF Legal Finance SE","description":"Finanzierung von Gerichtsprozessen gegen Erfolgsbeteiligung - LF Legal Finance SE","publisher":{"@id":"https:\/\/prozessfinanzierung.eu\/#organization"},"potentialAction":[{"@type":"SearchAction","target":{"@type":"EntryPoint","urlTemplate":"https:\/\/prozessfinanzierung.eu\/?s={search_term_string}"},"query-input":"required name=search_term_string"}],"inLanguage":"sv-SE"},{"@type":"Organization","@id":"https:\/\/prozessfinanzierung.eu\/#organization","name":"LF Legal Finance SE","url":"https:\/\/prozessfinanzierung.eu\/","logo":{"@type":"ImageObject","inLanguage":"sv-SE","@id":"https:\/\/prozessfinanzierung.eu\/#\/schema\/logo\/image\/","url":"http:\/\/prozessfinanzierung.eu\/wp-content\/uploads\/2023\/08\/legal-finance-international.jpg","contentUrl":"http:\/\/prozessfinanzierung.eu\/wp-content\/uploads\/2023\/08\/legal-finance-international.jpg","width":842,"height":131,"caption":"LF Legal Finance SE"},"image":{"@id":"https:\/\/prozessfinanzierung.eu\/#\/schema\/logo\/image\/"}}]}},"_links":{"self":[{"href":"https:\/\/prozessfinanzierung.eu\/sv\/wp-json\/wp\/v2\/pages\/64"}],"collection":[{"href":"https:\/\/prozessfinanzierung.eu\/sv\/wp-json\/wp\/v2\/pages"}],"about":[{"href":"https:\/\/prozessfinanzierung.eu\/sv\/wp-json\/wp\/v2\/types\/page"}],"author":[{"embeddable":true,"href":"https:\/\/prozessfinanzierung.eu\/sv\/wp-json\/wp\/v2\/users\/1"}],"replies":[{"embeddable":true,"href":"https:\/\/prozessfinanzierung.eu\/sv\/wp-json\/wp\/v2\/comments?post=64"}],"version-history":[{"count":36,"href":"https:\/\/prozessfinanzierung.eu\/sv\/wp-json\/wp\/v2\/pages\/64\/revisions"}],"predecessor-version":[{"id":208,"href":"https:\/\/prozessfinanzierung.eu\/sv\/wp-json\/wp\/v2\/pages\/64\/revisions\/208"}],"wp:attachment":[{"href":"https:\/\/prozessfinanzierung.eu\/sv\/wp-json\/wp\/v2\/media?parent=64"}],"curies":[{"name":"wp","href":"https:\/\/api.w.org\/{rel}","templated":true}]}}